{"id":37569,"date":"2021-03-16T08:14:06","date_gmt":"2021-03-16T13:14:06","guid":{"rendered":"https:\/\/acrartex-intl.dev.enterwell.space\/products\/daljinski-prekidac-lear\/"},"modified":"2021-03-16T08:14:06","modified_gmt":"2021-03-16T13:14:06","slug":"daljinski-prekidac-lear","status":"publish","type":"product","link":"https:\/\/acrartex-intl.dev.enterwell.space\/hr\/products\/daljinski-prekidac-lear\/","title":{"rendered":"Daljinski prekida\u010d &#8211; Lear"},"content":{"rendered":"","protected":false},"excerpt":{"rendered":"<p>Ovaj daljinski prekida\u010d dizajniran je kako bi zadovoljio zahtjeve za poslovne mla\u017enjake Lear.<\/p>\n<p>&nbsp;<\/p>\n","protected":false},"featured_media":12230,"template":"","meta":{"_acf_changed":false,"om_disable_all_campaigns":false},"product_brand":[],"product_cat":[2353],"product_tag":[2641,2638,2640,2636,2644,2645,2633,2647,2794],"class_list":{"0":"post-37569","1":"product","2":"type-product","3":"status-publish","4":"has-post-thumbnail","6":"product_cat-uncategorized","7":"product_tag-boeing-elt-ploca","8":"product_tag-daljinski-prekidac-cessna","9":"product_tag-daljinski-prekidac-lear","10":"product_tag-daljinski-prekidac-oem","11":"product_tag-lear-elt-prekidac","12":"product_tag-lear-prekidac-elt","13":"product_tag-oem-elt-daljinski-prekidac","14":"product_tag-oem-elt-prekidac","15":"product_tag-vojni-elt-prekidac","17":"first","18":"instock","19":"taxable","20":"shipping-taxable","21":"purchasable","22":"product-type-simple"},"acf":[],"_links":{"self":[{"href":"https:\/\/acrartex-intl.dev.enterwell.space\/hr\/wp-json\/wp\/v2\/product\/37569","targetHints":{"allow":["GET"]}}],"collection":[{"href":"https:\/\/acrartex-intl.dev.enterwell.space\/hr\/wp-json\/wp\/v2\/product"}],"about":[{"href":"https:\/\/acrartex-intl.dev.enterwell.space\/hr\/wp-json\/wp\/v2\/types\/product"}],"wp:featuredmedia":[{"embeddable":true,"href":"https:\/\/acrartex-intl.dev.enterwell.space\/hr\/wp-json\/wp\/v2\/media\/12230"}],"wp:attachment":[{"href":"https:\/\/acrartex-intl.dev.enterwell.space\/hr\/wp-json\/wp\/v2\/media?parent=37569"}],"wp:term":[{"taxonomy":"product_brand","embeddable":true,"href":"https:\/\/acrartex-intl.dev.enterwell.space\/hr\/wp-json\/wp\/v2\/product_brand?post=37569"},{"taxonomy":"product_cat","embeddable":true,"href":"https:\/\/acrartex-intl.dev.enterwell.space\/hr\/wp-json\/wp\/v2\/product_cat?post=37569"},{"taxonomy":"product_tag","embeddable":true,"href":"https:\/\/acrartex-intl.dev.enterwell.space\/hr\/wp-json\/wp\/v2\/product_tag?post=37569"}],"curies":[{"name":"wp","href":"https:\/\/api.w.org\/{rel}","templated":true}]}}