{"id":37635,"date":"2021-03-16T08:13:16","date_gmt":"2021-03-16T13:13:16","guid":{"rendered":"https:\/\/acrartex-intl.dev.enterwell.space\/products\/nosac-za-rucno-otpustanje-globalfix-v4\/"},"modified":"2021-03-16T08:13:16","modified_gmt":"2021-03-16T13:13:16","slug":"nosac-za-rucno-otpustanje-globalfix-v4","status":"publish","type":"product","link":"https:\/\/acrartex-intl.dev.enterwell.space\/hr\/products\/nosac-za-rucno-otpustanje-globalfix-v4\/","title":{"rendered":"Nosa\u010d za ru\u010dno otpu\u0161tanje GlobalFix V4"},"content":{"rendered":"<ul>\n<li>Jednosmjerna monta\u017ea eliminira mogu\u0107nost instaliranja EPIRB a unazad<\/li>\n<li>Integrirani magnet za deaktivaciju sprje\u010dava EPIRB oda\u0161iljanje dok se ne aktivira<\/li>\n<li>Radi s ACR GlobalFix \u2122 V4 (RLB-41)<\/li>\n<\/ul>\n","protected":false},"excerpt":{"rendered":"<p>Osigurajte dodatnu sigurnost na moru uz GlobalFix V4 nosa\u010d za ru\u010dno otpu\u0161tanje. Ovaj EPIRB nosa\u010d \u0107e sigurno pohraniti va\u0161 EPIRB , bez obzira kamo vas va\u0161e avanture mogu odvesti. Ako nai\u0111ete na brodsku nu\u017edu, GlobalFix V4 nosa\u010d omogu\u0107uje brzo otpu\u0161tanje, tako da mo\u017eete brzo i jednostavno poslati signal satelitima za tra\u017eenje i spa\u0161avanje. Ovaj nosa\u010d odgovara samo GlobalFix \u2122 V4 EPIRB-ovima.   <\/p>\n<p>&nbsp;<\/p>\n<p><span style=\"color:#e74c3c\">KOD: <strong>BESPLATNA DOSTAVA 20<\/strong> Besplatna kopnena dostava za narud\u017ebe iznad 30 U$. Isklju\u010duje HI i AK <\/span><\/p>\n<p>&nbsp;<\/p>\n<p>&nbsp;<\/p>\n","protected":false},"featured_media":12212,"template":"","meta":{"_acf_changed":false,"om_disable_all_campaigns":false},"product_brand":[],"product_cat":[3307,3310,3083,3308,3305],"product_tag":[3707,3710,3718,3694,3704,3701,3698],"class_list":{"0":"post-37635","1":"product","2":"type-product","3":"status-publish","4":"has-post-thumbnail","6":"product_cat-blizu-obale","7":"product_cat-komercijalni","8":"product_cat-marine-hr","9":"product_cat-off-shore-hr","10":"product_cat-unutrasnjost","11":"product_tag-kategorija-2","12":"product_tag-otpustite-nosac","13":"product_tag-rlb-hr","14":"product_tag-rlb-41-hr","15":"product_tag-rlb-41-kategorija-ii","16":"product_tag-rlb-41-nosac-za-rucno-otpustanje-kategorije-ii","17":"product_tag-zagrada","18":"pa_boat-size-0-20-hr","19":"pa_boat-size-21-40-hr","20":"pa_boat-size-40-80-hr","21":"pa_boat-size-80-hr","22":"pa_boat-type-gliser","23":"pa_boat-type-jahta","24":"pa_boat-type-jahta-za-najam","25":"pa_boat-type-jedrilica","26":"pa_boat-type-komercijalni-ribolov","27":"pa_boat-type-sportcraft-hr","28":"pa_boat-type-tegljac","29":"pa_boat-type-teretni-brod","30":"pa_product-rescue-bacons-vhf-sart-hr","31":"pa_product-rescue-beacons-hr","32":"pa_product-sigurnosni-dodaci","34":"first","35":"instock","36":"taxable","37":"shipping-taxable","38":"purchasable","39":"product-type-simple"},"acf":[],"_links":{"self":[{"href":"https:\/\/acrartex-intl.dev.enterwell.space\/hr\/wp-json\/wp\/v2\/product\/37635","targetHints":{"allow":["GET"]}}],"collection":[{"href":"https:\/\/acrartex-intl.dev.enterwell.space\/hr\/wp-json\/wp\/v2\/product"}],"about":[{"href":"https:\/\/acrartex-intl.dev.enterwell.space\/hr\/wp-json\/wp\/v2\/types\/product"}],"wp:featuredmedia":[{"embeddable":true,"href":"https:\/\/acrartex-intl.dev.enterwell.space\/hr\/wp-json\/wp\/v2\/media\/12212"}],"wp:attachment":[{"href":"https:\/\/acrartex-intl.dev.enterwell.space\/hr\/wp-json\/wp\/v2\/media?parent=37635"}],"wp:term":[{"taxonomy":"product_brand","embeddable":true,"href":"https:\/\/acrartex-intl.dev.enterwell.space\/hr\/wp-json\/wp\/v2\/product_brand?post=37635"},{"taxonomy":"product_cat","embeddable":true,"href":"https:\/\/acrartex-intl.dev.enterwell.space\/hr\/wp-json\/wp\/v2\/product_cat?post=37635"},{"taxonomy":"product_tag","embeddable":true,"href":"https:\/\/acrartex-intl.dev.enterwell.space\/hr\/wp-json\/wp\/v2\/product_tag?post=37635"}],"curies":[{"name":"wp","href":"https:\/\/api.w.org\/{rel}","templated":true}]}}