{"id":37679,"date":"2021-03-16T08:12:52","date_gmt":"2021-03-16T13:12:52","guid":{"rendered":"https:\/\/acrartex-intl.dev.enterwell.space\/products\/quickdraw-cat-ii-epirb-nosac\/"},"modified":"2021-03-16T08:12:52","modified_gmt":"2021-03-16T13:12:52","slug":"quickdraw-cat-ii-epirb-nosac","status":"publish","type":"product","link":"https:\/\/acrartex-intl.dev.enterwell.space\/hr\/products\/quickdraw-cat-ii-epirb-nosac\/","title":{"rendered":"QuickDraw\u2122 Cat II EPIRB nosa\u010d"},"content":{"rendered":"<ul>\n<li>Jednosmjerna monta\u017ea eliminira mogu\u0107nost ugradnje EPIRB a unatrag<\/li>\n<li>Integrirani magnet za deaktivaciju sprje\u010dava EPIRB oda\u0161iljanje dok se ne aktivira<\/li>\n<li>Radi s ACR GlobalFix \u2122 iPRO (RLB-36), GlobalFix \u2122 PRO (RLB-37), SATELLITE 3 406\u2122 (RLB-38), ResQmate G (RLB-39A) i ResQmate (RLB-40)<\/li>\n<\/ul>\n","protected":false},"excerpt":{"rendered":"<p>QuickDraw\u2122 Cat II izra\u0111en je od materijala visoke gusto\u0107e, koji sigurno \u010duva va\u0161 GlobalFix \u2122 iPRO\/PRO \u010dak i nakon godina avantura.<\/p>\n<p>Ovaj EPIRB nosa\u010d radi sa sljede\u0107im proizvodima:<\/p>\n<p>\u2022 GlobalFix \u2122 iPRO (RLB-36)<\/p>\n<p>\u2022 GlobalFix \u2122 PRO (RLB-37)<\/p>\n<p>\u2022 SATELLITE 3 406\u2122 (RLB-38)<\/p>\n<p>\u2022 ResQmate G (RLB-39A)<\/p>\n<p>\u2022 ResQmate (RLB-40)<\/p>\n<p>&nbsp;<\/p>\n<p><span style=\"color:#e74c3c\">KOD: <strong>BESPLATNA DOSTAVA19<\/strong> Besplatna kopnena dostava za narud\u017ebe iznad 30 U$. Isklju\u010duje HI i AK <\/span><\/p>\n<p>&nbsp;<\/p>\n","protected":false},"featured_media":12205,"template":"","meta":{"_acf_changed":false,"om_disable_all_campaigns":false},"product_brand":[],"product_cat":[3307,3310,3083,3308,3305],"product_tag":[3997,4364,4356,4360,4334,4348,4143,4352,4338,4343],"class_list":{"0":"post-37679","1":"product","2":"type-product","3":"status-publish","4":"has-post-thumbnail","6":"product_cat-blizu-obale","7":"product_cat-komercijalni","8":"product_cat-marine-hr","9":"product_cat-off-shore-hr","10":"product_cat-unutrasnjost","11":"product_tag-akr","12":"product_tag-brz","13":"product_tag-brzo-izvlacenje","14":"product_tag-brzo-izvlacenje-hr","15":"product_tag-epirb-cat-2-hr","16":"product_tag-epirb-montiran-na-pregradu","17":"product_tag-macka-i","18":"product_tag-nosac-niskog-profila-za-epirb","19":"product_tag-zagrada-2-kategorije","20":"product_tag-zagrada-ii-kategorije","21":"pa_boat-size-0-20-hr","22":"pa_boat-size-21-40-hr","23":"pa_boat-size-40-80-hr","24":"pa_boat-size-80-hr","25":"pa_boat-type-gliser","26":"pa_boat-type-jahta","27":"pa_boat-type-jahta-za-najam","28":"pa_boat-type-jedrilica","29":"pa_boat-type-komercijalni-ribolov","30":"pa_boat-type-sportcraft-hr","31":"pa_boat-type-tegljac","32":"pa_boat-type-teretni-brod","33":"pa_product-rescue-bacons-vhf-sart-hr","34":"pa_product-rescue-beacons-hr","35":"pa_product-sigurnosni-dodaci","37":"first","38":"instock","39":"taxable","40":"shipping-taxable","41":"purchasable","42":"product-type-simple"},"acf":[],"_links":{"self":[{"href":"https:\/\/acrartex-intl.dev.enterwell.space\/hr\/wp-json\/wp\/v2\/product\/37679","targetHints":{"allow":["GET"]}}],"collection":[{"href":"https:\/\/acrartex-intl.dev.enterwell.space\/hr\/wp-json\/wp\/v2\/product"}],"about":[{"href":"https:\/\/acrartex-intl.dev.enterwell.space\/hr\/wp-json\/wp\/v2\/types\/product"}],"wp:featuredmedia":[{"embeddable":true,"href":"https:\/\/acrartex-intl.dev.enterwell.space\/hr\/wp-json\/wp\/v2\/media\/12205"}],"wp:attachment":[{"href":"https:\/\/acrartex-intl.dev.enterwell.space\/hr\/wp-json\/wp\/v2\/media?parent=37679"}],"wp:term":[{"taxonomy":"product_brand","embeddable":true,"href":"https:\/\/acrartex-intl.dev.enterwell.space\/hr\/wp-json\/wp\/v2\/product_brand?post=37679"},{"taxonomy":"product_cat","embeddable":true,"href":"https:\/\/acrartex-intl.dev.enterwell.space\/hr\/wp-json\/wp\/v2\/product_cat?post=37679"},{"taxonomy":"product_tag","embeddable":true,"href":"https:\/\/acrartex-intl.dev.enterwell.space\/hr\/wp-json\/wp\/v2\/product_tag?post=37679"}],"curies":[{"name":"wp","href":"https:\/\/api.w.org\/{rel}","templated":true}]}}