{"id":37698,"date":"2021-03-16T08:12:41","date_gmt":"2021-03-16T13:12:41","guid":{"rendered":"https:\/\/acrartex-intl.dev.enterwell.space\/products\/g406-4-elt\/"},"modified":"2021-03-16T08:12:41","modified_gmt":"2021-03-16T13:12:41","slug":"g406-4-elt","status":"publish","type":"product","link":"https:\/\/acrartex-intl.dev.enterwell.space\/hr\/products\/g406-4-elt\/","title":{"rendered":"G406-4 ELT"},"content":{"rendered":"<p>G406-4 je testiran kako bi zadovoljio rigorozne zahtjeve TSO C126 uklju\u010duju\u0107i udar od 500 G, gnje\u010denje od 1000 funti kao i testove plamena i vibracija. G406-4 je dostupan za kori\u0161tenje s jeftinim Artexovim bi\u010dastim antenama ili \u010dvrstom \u0161tapnom antenom od fiberglasa. G406-4 mo\u017ee se povezati s opcijskim Artex ELT \/NAV su\u010deljem koje omogu\u0107uje prijenos podataka o zemljopisnoj \u0161irini i du\u017eini kao dio poruke od 406 MHz.  <\/p>\n<p>ARTEX ELT su izbor zrakoplova op\u0107eg zrakoplovstva uklju\u010duju\u0107i Cessnu, Piper, Cirrus, Beechcraft, Diamond i Quest.<\/p>\n<p>&nbsp;<\/p>\n<p>ELT Pack List<\/p>\n<table style=\"border-collapse: collapse; width: 745pt; border: none;\" width=\"994\">\n<colgroup>\n<col style=\"width: 140pt;\" width=\"187\">\n<col style=\"width: 219pt;\" width=\"292\">\n<col style=\"width: 197pt;\" width=\"263\">\n<col style=\"width: 189pt;\" width=\"252\"> <\/colgroup>\n<tbody>\n<tr style=\"height: 20.0pt;\">\n<td class=\"xl66\" style=\"border: none; height: 20.0pt; width: 140pt; text-align: center; vertical-align: middle; padding-top: 1px; padding-right: 1px; padding-left: 1px;\" width=\"187\" height=\"27\"><\/td>\n<td class=\"xl68\" style=\"border: none; border-bottom: 0.5pt solid gray; background: #3c404a; width: 219pt; text-align: center; vertical-align: middle; border-top: none; border-right: 0.5pt solid gray; border-left: 0.5pt solid gray; padding-top: 1px; padding-right: 1px; padding-left: 1px;\" width=\"292\"><span style=\"font-size: 11pt;\"><span style=\"color: #b0e40a;\"><span style=\"font-weight: bold;\"><span style=\"font-style: normal;\"><span style=\"text-decoration: none;\"><span style=\"font-family: Calibri,sans-serif;\">Antena<\/span><\/span><\/span><\/span><\/span><\/span><\/td>\n<td class=\"xl68\" style=\"border: none; border-bottom: 0.5pt solid gray; background: #3c404a; border-left: none; width: 197pt; text-align: center; vertical-align: middle; border-top: none; border-right: 0.5pt solid gray; padding-top: 1px; padding-right: 1px; padding-left: 1px;\" width=\"263\"><span style=\"font-size: 11pt;\"><span style=\"color: #b0e40a;\"><span style=\"font-weight: bold;\"><span style=\"font-style: normal;\"><span style=\"text-decoration: none;\"><span style=\"font-family: Calibri,sans-serif;\">Daljinski prekida\u010d i dodaci<\/span><\/span><\/span><\/span><\/span><\/span><\/td>\n<td class=\"xl69\" style=\"border: none; border-bottom: 0.5pt solid gray; background: #3c404a; border-left: none; width: 189pt; text-align: center; vertical-align: middle; border-top: none; border-right: 0.5pt solid windowtext; padding-top: 1px; padding-right: 1px; padding-left: 1px;\" width=\"252\"><span style=\"font-size: 11pt;\"><span style=\"color: #b0e40a;\"><span style=\"font-weight: bold;\"><span style=\"font-style: normal;\"><span style=\"text-decoration: none;\"><span style=\"font-family: Calibri,sans-serif;\">Priru\u010dnici\/Odobrenja\/Preuzimanja<\/span><\/span><\/span><\/span><\/span><\/span><\/td>\n<\/tr>\n<tr style=\"height: 20.0pt;\">\n<td class=\"xl72\" style=\"border: 0.5pt solid gray; background: #b0e40a; height: 20.0pt; text-align: center; vertical-align: middle; padding-top: 1px; padding-right: 1px; padding-left: 1px;\" height=\"27\"><span style=\"font-size: 11pt;\"><span style=\"font-weight: 400;\"><span style=\"font-style: normal;\"><span style=\"text-decoration: none;\"><span style=\"font-family: Calibri,sans-serif;\">ELT G406-4 455-5018<\/span><\/span><\/span><\/span><\/span><\/td>\n<td class=\"xl67\" style=\"border: none; padding-top: 1px; padding-right: 1px; padding-left: 1px; vertical-align: bottom;\"><span style=\"font-size: 11pt;\"><span style=\"font-weight: 400;\"><span style=\"font-style: normal;\"><span style=\"text-decoration: none;\"><span style=\"font-family: Calibri,sans-serif;\"> <\/span><\/span><\/span><\/span><\/span><\/td>\n<td class=\"xl70\" style=\"border: none; text-align: center; padding-top: 1px; padding-right: 1px; padding-left: 1px; vertical-align: bottom;\"><span style=\"font-size: 11pt;\"><span style=\"font-weight: 400;\"><span style=\"font-style: normal;\"><span style=\"text-decoration: none;\"><span style=\"font-family: Calibri,sans-serif;\">455-6196<\/span><\/span><\/span><\/span><\/span><\/td>\n<td class=\"xl66\" style=\"border: none; text-align: center; vertical-align: middle; padding-top: 1px; padding-right: 1px; padding-left: 1px;\"><a href=\"https:\/\/www.dropbox.com\/s\/khxmu4u80wm1xkh\/455-5018_packlist.pdf?dl=1\"><span style=\"font-size: 11pt;\"><span style=\"font-weight: 400;\"><span style=\"font-style: normal;\"><span style=\"text-decoration: none;\"><span style=\"font-family: Calibri,sans-serif;\">Popis paketa<\/span><\/span><\/span><\/span><\/span><\/a><\/td>\n<\/tr>\n<tr style=\"height: 20.0pt;\">\n<td class=\"xl72\" style=\"border: 0.5pt solid gray; background: #b0e40a; height: 20.0pt; border-top: none; text-align: center; vertical-align: middle; padding-top: 1px; padding-right: 1px; padding-left: 1px;\" height=\"27\"><span style=\"font-size: 11pt;\"><span style=\"font-weight: 400;\"><span style=\"font-style: normal;\"><span style=\"text-decoration: none;\"><span style=\"font-family: Calibri,sans-serif;\">ELT G406-4 455-5019<\/span><\/span><\/span><\/span><\/span><\/td>\n<td class=\"xl66\" style=\"border: none; text-align: center; vertical-align: middle; padding-top: 1px; padding-right: 1px; padding-left: 1px;\"><span style=\"font-size: 11pt;\"><span style=\"font-weight: 400;\"><span style=\"font-style: normal;\"><span style=\"text-decoration: none;\"><span style=\"font-family: Calibri,sans-serif;\">110-320 (bijela) i 110-320-04 (crna)<\/span><\/span><\/span><\/span><\/span><\/td>\n<td class=\"xl66\" style=\"border: none; text-align: center; vertical-align: middle; padding-top: 1px; padding-right: 1px; padding-left: 1px;\"><span style=\"font-size: 11pt;\"><span style=\"font-weight: 400;\"><span style=\"font-style: normal;\"><span style=\"text-decoration: none;\"><span style=\"font-family: Calibri,sans-serif;\">455-6196<\/span><\/span><\/span><\/span><\/span><\/td>\n<td class=\"xl66\" style=\"border: none; text-align: center; vertical-align: middle; padding-top: 1px; padding-right: 1px; padding-left: 1px;\"><a href=\"https:\/\/www.dropbox.com\/s\/3ql2pxyydg12wii\/455-5019_packlist.pdf?dl=1\"><span style=\"font-size: 11pt;\"><span style=\"font-weight: 400;\"><span style=\"font-style: normal;\"><span style=\"text-decoration: none;\"><span style=\"font-family: Calibri,sans-serif;\">Popis paketa<\/span><\/span><\/span><\/span><\/span><\/a><\/td>\n<\/tr>\n<tr style=\"height: 36.75pt;\">\n<td class=\"xl72\" style=\"border: 0.5pt solid gray; background: #b0e40a; height: 36.75pt; border-top: none; text-align: center; vertical-align: middle; padding-top: 1px; padding-right: 1px; padding-left: 1px;\" height=\"48\"><span style=\"font-size: 11pt;\"><span style=\"font-weight: 400;\"><span style=\"font-style: normal;\"><span style=\"text-decoration: none;\"><span style=\"font-family: Calibri,sans-serif;\">ELT G406-4 455-5044<\/span><\/span><\/span><\/span><\/span><\/td>\n<td class=\"xl71\" style=\"border: none; width: 219pt; text-align: center; vertical-align: middle; padding-top: 1px; padding-right: 1px; padding-left: 1px;\" width=\"292\"><span style=\"font-size: 11pt;\"><span style=\"font-weight: 400;\"><span style=\"font-style: normal;\"><span style=\"text-decoration: none;\"><span style=\"font-family: Calibri,sans-serif;\">110-324 (prikaz, ostalo).<br \/>\n 110-320 (bijela) i 110-320-04 (crna)<\/span><\/span><\/span><\/span><\/span><\/td>\n<td class=\"xl66\" style=\"border: none; text-align: center; vertical-align: middle; padding-top: 1px; padding-right: 1px; padding-left: 1px;\"><span style=\"font-size: 11pt;\"><span style=\"font-weight: 400;\"><span style=\"font-style: normal;\"><span style=\"text-decoration: none;\"><span style=\"font-family: Calibri,sans-serif;\">455-6196<\/span><\/span><\/span><\/span><\/span><\/td>\n<td class=\"xl66\" style=\"border: none; text-align: center; vertical-align: middle; padding-top: 1px; padding-right: 1px; padding-left: 1px;\"><a href=\"https:\/\/www.dropbox.com\/s\/n5avstbhfscdzhf\/455-5044_packlist.pdf?dl=1\"><span style=\"font-size: 11pt;\"><span style=\"font-weight: 400;\"><span style=\"font-style: normal;\"><span style=\"text-decoration: none;\"><span style=\"font-family: Calibri,sans-serif;\">Popis paketa<\/span><\/span><\/span><\/span><\/span><\/a><\/td>\n<\/tr>\n<\/tbody>\n<\/table>\n","protected":false},"excerpt":{"rendered":"<p>Dizajniran imaju\u0107i na umu tr\u017ei\u0161te zrakoplovstva, Artex G406-4 lokatorski oda\u0161ilja\u010d za hitne slu\u010dajeve ( ELT ) komunicira na sve 3 frekvencije za hitne slu\u010dajeve (121,5, 243,0 i 406 MHz). G406-4 ELT automatski se aktivira tijekom sudara i oda\u0161ilje digitalnu poruku od 406 MHz do svjetske mre\u017ee satelita za potragu i spa\u0161avanje, poma\u017ee lokalnim hitnim slu\u017ebama da brzo i to\u010dno identificiraju ne samo gdje ste, ve\u0107 i tko ste. <\/p>\n<p>&nbsp;<\/p>\n<p>&nbsp;<\/p>\n<p><img decoding=\"async\" style=\"width: 300px; height: 41px;\" src=\"https:\/\/dk2ztu5ooimmu.cloudfront.net\/ckeditor_assets\/pictures\/146\/406Test_with_desc_-_Tag.gif\" alt=\"\"><\/p>\n","protected":false},"featured_media":12200,"template":"","meta":{"_acf_changed":false,"om_disable_all_campaigns":false},"product_brand":[],"product_cat":[3300],"product_tag":[4665,4655,4704,4676,4734,4727,4738,4714,4002,4668,4712,4717,4709,4652,4671,4678,4740,4688,4690,4658,4706,4673,4660,4682,4730,4720,4684,4736,4694,4696,4699,4732,4650,4729,4723],"class_list":{"0":"post-37698","1":"product","2":"type-product","3":"status-publish","4":"has-post-thumbnail","6":"product_cat-zrakoplovstvo","7":"product_tag-1215-elt-hr","8":"product_tag-406-elt-hr","9":"product_tag-406-elt-registracija","10":"product_tag-406-mhz-elt-hr","11":"product_tag-406-mhz-elt-registracija","12":"product_tag-406-mhz-svjetionik","13":"product_tag-ack-406-elt-hr","14":"product_tag-ack-406-mhz-elt-hr","15":"product_tag-artex-hr","16":"product_tag-artex-110-4-hr","17":"product_tag-artex-406-hr","18":"product_tag-artex-406-elt-hr","19":"product_tag-artex-406-mhz-elt-hr","20":"product_tag-artex-elt-hr","21":"product_tag-artex-elt-110-4-hr","22":"product_tag-artex-elt-406-hr","23":"product_tag-artex-elt-baterija","24":"product_tag-artex-elt-tester-hr","25":"product_tag-artex-g406-1-hr","26":"product_tag-artex-me406-hr","27":"product_tag-artex-potrepstine-za-zrakoplove","28":"product_tag-artex-net-hr","29":"product_tag-elt-121-5-hr","30":"product_tag-elt-406-hr","31":"product_tag-elt-406-mhz-hr","32":"product_tag-elt-artex-hr","33":"product_tag-elt-lokator","34":"product_tag-elt-zrakoplov","35":"product_tag-g406-2-hr","36":"product_tag-g406-3-hr","37":"product_tag-g406-4-hr","38":"product_tag-kannad-elt-hr","39":"product_tag-odasiljac-lokatora-za-hitne-slucajeve","40":"product_tag-zrakoplov-artex","41":"product_tag-zrakoplov-elt-406","43":"first","44":"instock","45":"taxable","46":"shipping-taxable","47":"product-type-simple"},"acf":[],"_links":{"self":[{"href":"https:\/\/acrartex-intl.dev.enterwell.space\/hr\/wp-json\/wp\/v2\/product\/37698","targetHints":{"allow":["GET"]}}],"collection":[{"href":"https:\/\/acrartex-intl.dev.enterwell.space\/hr\/wp-json\/wp\/v2\/product"}],"about":[{"href":"https:\/\/acrartex-intl.dev.enterwell.space\/hr\/wp-json\/wp\/v2\/types\/product"}],"wp:featuredmedia":[{"embeddable":true,"href":"https:\/\/acrartex-intl.dev.enterwell.space\/hr\/wp-json\/wp\/v2\/media\/12200"}],"wp:attachment":[{"href":"https:\/\/acrartex-intl.dev.enterwell.space\/hr\/wp-json\/wp\/v2\/media?parent=37698"}],"wp:term":[{"taxonomy":"product_brand","embeddable":true,"href":"https:\/\/acrartex-intl.dev.enterwell.space\/hr\/wp-json\/wp\/v2\/product_brand?post=37698"},{"taxonomy":"product_cat","embeddable":true,"href":"https:\/\/acrartex-intl.dev.enterwell.space\/hr\/wp-json\/wp\/v2\/product_cat?post=37698"},{"taxonomy":"product_tag","embeddable":true,"href":"https:\/\/acrartex-intl.dev.enterwell.space\/hr\/wp-json\/wp\/v2\/product_tag?post=37698"}],"curies":[{"name":"wp","href":"https:\/\/api.w.org\/{rel}","templated":true}]}}