{"id":37706,"date":"2021-03-16T08:16:33","date_gmt":"2021-03-16T13:16:33","guid":{"rendered":"https:\/\/acrartex-intl.dev.enterwell.space\/products\/c-light\/"},"modified":"2021-03-16T08:16:33","modified_gmt":"2021-03-16T13:16:33","slug":"c-light","status":"publish","type":"product","link":"https:\/\/acrartex-intl.dev.enterwell.space\/hr\/products\/c-light\/","title":{"rendered":"C-Light \u2122"},"content":{"rendered":"<p>Tanak, lagan i svestran dizajn lako stane u d\u017eep ili diskretno visi kada je pri\u010dvr\u0161\u0107en na prsluk za spa\u0161avanje ili ruksak. Fleksibilne om\u010de za vezivanje na bo\u010dnoj strani proizvoda omogu\u0107uju vi\u0161estruke mogu\u0107nosti montiranja, uklju\u010duju\u0107i tkanje na va\u0161em ruksaku ili trake na prsluku za spa\u0161avanje. Velcro <sup>\u00ae<\/sup> traka mo\u017ee se u\u010dvrstiti oko om\u010di za vezivanje i stvara bezbrojne dodatne mogu\u0107nosti monta\u017ee. Svjetlo tako\u0111er dolazi s kop\u010dom dizajniranom za prakti\u010dno klizanje preko oralne cijevi za napuhavanje va\u0161eg prsluka za spa\u0161avanje na napuhavanje radi pohranjivanja svjetla unutar va\u0161eg prsluka za spa\u0161avanje.   <\/p>\n<p>Tako\u0111er dostupan u modelu koji se aktivira vodom<\/p>\n<p><strong>Zna\u010dajke:<\/strong><\/p>\n<ul>\n<li>Za pomo\u0107 pri lociranju tijekom hitnih slu\u010dajeva slabog osvjetljenja<\/li>\n<li>Iznimno svijetla bijela LED dioda od 20 lumena<\/li>\n<li>Dugi kontinuirani radni vijek ve\u0107i od 30 sati<\/li>\n<li>Vodootporan \u2013 testiran 24 sata na 3,3 ft. (1 m)<\/li>\n<li>Lako okretanje On\/Off aktivacija<\/li>\n<li>Ku\u0107i\u0161te otporno na udarce<\/li>\n<li>Koristi dvije \u201cAA\u201d 1.5V baterije (nisu uklju\u010dene)<\/li>\n<li>Odobreno USCG\/SOLAS<\/li>\n<li>Idealan za prsluke za spa\u0161avanje, kampiranje, biciklizam, auto, itd.<\/li>\n<li>Uklju\u010dena \u010di\u010dak traka (s grebanom verzijom) koja se koristi zajedno s integriranim om\u010dama za vezivanje za fleksibilnost monta\u017ee<\/li>\n<li>Uklju\u010dena PFD kop\u010da (s grebanom verzijom) za jednostavno pri\u010dvr\u0161\u0107ivanje na cijev za oralno napuhavanje<\/li>\n<\/ul>\n","protected":false},"excerpt":{"rendered":"<p>LED C-Light je ru\u010dno aktivirano, stalno uklju\u010deno osobno svjetlo za pomo\u0107 sa dramati\u010dno pobolj\u0161anim \u017eivotnim vijekom. Ovo vodootporno svjetlo je maleno, ali robusno i ima LED od 20 lumena koji obi\u010dno radi 30 sati neprekidno. C-Light je odobrio USCG\/SOLAS, a aktivira se ru\u010dno jednostavnim okretanjem za uklju\u010divanje\/isklju\u010divanje, \u0161to ga \u010dini idealnim svjetlom za sve entuzijaste na otvorenom.  <\/p>\n<p>&nbsp;<\/p>\n<p style=\"margin-left: 0in; margin-right: 0in;\"><span style=\"font-size: 11pt;\"><span style=\"font-family: Calibri,sans-serif;\"><a style=\"color: blue; text-decoration: underline;\" href=\"https:\/\/www.dropbox.com\/s\/8343nj28z0d7bxa\/Prop%2065%20-%20BPA.pdf?dl=0\"><span style=\"color: #000000;\">UPOZORENJE: PROP 65<\/span><\/a><\/span><\/span><\/p>\n<p style=\"margin-left: 0in; margin-right: 0in;\">\n<p style=\"margin-left: 0in; margin-right: 0in;\"><span style=\"color: #e74c3c;\">KOD: <strong>BESPLATNA DOSTAVA 20<\/strong> Besplatna kopnena dostava za narud\u017ebe iznad 30 U$. Isklju\u010duje HI i AK <\/span><\/p>\n<p style=\"margin-left: 0in; margin-right: 0in;\">\n","protected":false},"featured_media":12274,"template":"","meta":{"_acf_changed":false,"om_disable_all_campaigns":false},"product_brand":[],"product_cat":[3315,3307,3310,3083,3308,3312,3317,3305,3084,3319],"product_tag":[4942,4949,4952,4944,4940,4946,4955,4951,4957],"class_list":{"0":"post-37706","1":"product","2":"type-product","3":"status-publish","4":"has-post-thumbnail","6":"product_cat-akcijski-sport-offroad","7":"product_cat-blizu-obale","8":"product_cat-komercijalni","9":"product_cat-marine-hr","10":"product_cat-off-shore-hr","11":"product_cat-planinarenje-penjanje-kamp","12":"product_cat-putna-oprema","13":"product_cat-unutrasnjost","14":"product_cat-vanjski","15":"product_cat-veslacki-sportovi-ribolov","16":"product_tag-acr-c-svjetlo","17":"product_tag-acr-led-c-svjetlo","18":"product_tag-acr-led-svjetlo","19":"product_tag-c-svjetlo-hr","20":"product_tag-c-svjetlo","21":"product_tag-led-svjetlo-za-hitne-slucajeve","22":"product_tag-pfd-svjetlo","23":"product_tag-svjetla-za-pomoc","24":"product_tag-svjetlo","25":"pa_activity-bicikl","26":"pa_activity-cross-country-hr","27":"pa_activity-kampiranje","28":"pa_activity-motorne-sanke","29":"pa_activity-off-road-4x4-hr","30":"pa_activity-penjanje","31":"pa_activity-planinarenje","32":"pa_activity-ribarstvo","33":"pa_activity-skijanje-snowboarding","34":"pa_activity-veslacki-sportovi","35":"pa_boat-size-0-20-hr","36":"pa_boat-size-21-40-hr","37":"pa_boat-size-40-80-hr","38":"pa_boat-size-80-hr","39":"pa_boat-type-gliser","40":"pa_boat-type-jahta","41":"pa_boat-type-jahta-za-najam","42":"pa_boat-type-jedrilica","43":"pa_boat-type-komercijalni-ribolov","44":"pa_boat-type-sportcraft-hr","45":"pa_boat-type-tegljac","46":"pa_boat-type-teretni-brod","47":"pa_product-signalni-proizvodi","48":"pa_product-sigurnosni-dodaci","49":"pa_product-spasilacka-svjetla","50":"pa_terrain-brdo-i-planina","51":"pa_terrain-rijeke-mocvare-jezera","52":"pa_terrain-suma-i-dzungla","53":"pa_terrain-tundra-hr","55":"first","56":"instock","57":"taxable","58":"shipping-taxable","59":"purchasable","60":"product-type-simple"},"acf":[],"_links":{"self":[{"href":"https:\/\/acrartex-intl.dev.enterwell.space\/hr\/wp-json\/wp\/v2\/product\/37706","targetHints":{"allow":["GET"]}}],"collection":[{"href":"https:\/\/acrartex-intl.dev.enterwell.space\/hr\/wp-json\/wp\/v2\/product"}],"about":[{"href":"https:\/\/acrartex-intl.dev.enterwell.space\/hr\/wp-json\/wp\/v2\/types\/product"}],"wp:featuredmedia":[{"embeddable":true,"href":"https:\/\/acrartex-intl.dev.enterwell.space\/hr\/wp-json\/wp\/v2\/media\/12274"}],"wp:attachment":[{"href":"https:\/\/acrartex-intl.dev.enterwell.space\/hr\/wp-json\/wp\/v2\/media?parent=37706"}],"wp:term":[{"taxonomy":"product_brand","embeddable":true,"href":"https:\/\/acrartex-intl.dev.enterwell.space\/hr\/wp-json\/wp\/v2\/product_brand?post=37706"},{"taxonomy":"product_cat","embeddable":true,"href":"https:\/\/acrartex-intl.dev.enterwell.space\/hr\/wp-json\/wp\/v2\/product_cat?post=37706"},{"taxonomy":"product_tag","embeddable":true,"href":"https:\/\/acrartex-intl.dev.enterwell.space\/hr\/wp-json\/wp\/v2\/product_tag?post=37706"}],"curies":[{"name":"wp","href":"https:\/\/api.w.org\/{rel}","templated":true}]}}