{"id":37721,"date":"2021-03-16T08:16:22","date_gmt":"2021-03-16T13:16:22","guid":{"rendered":"https:\/\/acrartex-intl.dev.enterwell.space\/products\/ms-2000m2-vodena-stjenica\/"},"modified":"2021-03-16T08:16:22","modified_gmt":"2021-03-16T13:16:22","slug":"ms-2000m2-vodena-stjenica","status":"publish","type":"product","link":"https:\/\/acrartex-intl.dev.enterwell.space\/hr\/products\/ms-2000m2-vodena-stjenica\/","title":{"rendered":"MS-2000(M2) vodena stjenica"},"content":{"rendered":"<p>Kao i na\u0161i visoko cijenjeni, pouzdani SDU-5E i MS-2000(M), MS-2000(M2) je dizajniran da zadovolji ili prema\u0161i vojne specifikacije, uklju\u010duju\u0107i MIL-L-38217D i CID AA-59176, i ima mnogo pobolj\u0161anih zna\u010dajki za spa\u0161avanje \u017eivota kako bi ispunio mogu\u0107nosti vi\u0161e misija.<\/p>\n<ul>\n<li>Nova zna\u010dajka vibracije upozorava vas na aktivaciju i tajnu promjenu na\u010dina rada kada koristite IR \u0161tit<\/li>\n<li>Senzori za aktivaciju vode automatski aktiviraju svjetlo kada su uklju\u010deni<\/li>\n<li>4 na\u010dina aktivacije za odabir: aktiviran, Strobe, SOS ili Steady-On<\/li>\n<li>Ispunjava najsuvremenije zahtjeve vojske i odgovara gotovo svakoj primjeni<\/li>\n<li>Novi pleteni \u010deli\u010dni dr\u017ea\u010d dr\u017ei poklopac baterije pri\u010dvr\u0161\u0107enim<\/li>\n<li>Silikonski konformni premaz na elektroni\u010dkim komponentama \u0161titi od vlage<\/li>\n<li>Usmjereni plavi filtar upozorava prijateljske snage, razlikuje stroboskop od vatre s tla<\/li>\n<li>Do 56 sati rada na 2 standardne alkalne AA baterije (koristite litijeve baterije za ekstremno hladna okru\u017eenja ili dugotrajno skladi\u0161tenje)<\/li>\n<li>Prilo\u017eeni infracrveni (IR) filtar za gledanje nao\u010dalama za no\u0107no gledanje (NVG) s podstavom od filca za sprje\u010davanje vidljivog curenja svjetlosti<\/li>\n<li>Vrhunska LED tehnologija<\/li>\n<li>Indikatori povi\u0161enog polariteta omogu\u0107uju ispravno postavljanje baterije<\/li>\n<\/ul>\n","protected":false},"excerpt":{"rendered":"<p>Kada je rije\u010d o spa\u0161avanju \u017eivota, ni\u0161ta manje od najboljeg nije opcija. Od predstavljanja originalnog MS-2000, postalo je glavno svjetlo za borbeno tra\u017eenje i spa\u0161avanje (C-SAR) koje nose elitne vojne snage diljem svijeta. Ovo stroboskopsko svjetlo ima najnoviju LED tehnologiju i zadovoljava najsuvremenije zahtjeve vojske. Njegova zna\u010dajka vibracije upozorava vas na aktivaciju i promjene na\u010dina rada kada koristite IR \u0161tit, a njegovi senzori za aktivaciju vode automatski uklju\u010duju svjetlo kada ono do\u0111e u kontakt sa slatkom ili slanom vodom. Uz 4 na\u010dina aktivacije koje mo\u017eete izabrati: Armed, Strobe, SOS ili Steady-On, bit \u0107ete spremni zasjati svojim svjetlom u gotovo svakoj situaciji.    <\/p>\n","protected":false},"featured_media":12272,"template":"","meta":{"_acf_changed":false,"om_disable_all_campaigns":false},"product_brand":[],"product_cat":[3302],"product_tag":[5130,5131,5120,5124,5122,4957,5125,5127],"class_list":{"0":"post-37721","1":"product","2":"type-product","3":"status-publish","4":"has-post-thumbnail","6":"product_cat-vojni","7":"product_tag-3991-hr","8":"product_tag-3991-2-hr","9":"product_tag-ms2000-hr","10":"product_tag-strobografsko-svjetlo-za-vodene-stjenice","11":"product_tag-stroboskop-hr","12":"product_tag-svjetlo","13":"product_tag-svjetlo-trzista","14":"product_tag-vodena-stjenica","16":"first","17":"instock","18":"taxable","19":"shipping-taxable","20":"product-type-simple"},"acf":[],"_links":{"self":[{"href":"https:\/\/acrartex-intl.dev.enterwell.space\/hr\/wp-json\/wp\/v2\/product\/37721","targetHints":{"allow":["GET"]}}],"collection":[{"href":"https:\/\/acrartex-intl.dev.enterwell.space\/hr\/wp-json\/wp\/v2\/product"}],"about":[{"href":"https:\/\/acrartex-intl.dev.enterwell.space\/hr\/wp-json\/wp\/v2\/types\/product"}],"wp:featuredmedia":[{"embeddable":true,"href":"https:\/\/acrartex-intl.dev.enterwell.space\/hr\/wp-json\/wp\/v2\/media\/12272"}],"wp:attachment":[{"href":"https:\/\/acrartex-intl.dev.enterwell.space\/hr\/wp-json\/wp\/v2\/media?parent=37721"}],"wp:term":[{"taxonomy":"product_brand","embeddable":true,"href":"https:\/\/acrartex-intl.dev.enterwell.space\/hr\/wp-json\/wp\/v2\/product_brand?post=37721"},{"taxonomy":"product_cat","embeddable":true,"href":"https:\/\/acrartex-intl.dev.enterwell.space\/hr\/wp-json\/wp\/v2\/product_cat?post=37721"},{"taxonomy":"product_tag","embeddable":true,"href":"https:\/\/acrartex-intl.dev.enterwell.space\/hr\/wp-json\/wp\/v2\/product_tag?post=37721"}],"curies":[{"name":"wp","href":"https:\/\/api.w.org\/{rel}","templated":true}]}}