{"id":37740,"date":"2021-03-16T08:15:52","date_gmt":"2021-03-16T13:15:52","guid":{"rendered":"https:\/\/acrartex-intl.dev.enterwell.space\/products\/ms-2000-m2-stroboskopsko-svjetlo\/"},"modified":"2021-03-16T08:15:52","modified_gmt":"2021-03-16T13:15:52","slug":"ms-2000-m2-stroboskopsko-svjetlo","status":"publish","type":"product","link":"https:\/\/acrartex-intl.dev.enterwell.space\/hr\/products\/ms-2000-m2-stroboskopsko-svjetlo\/","title":{"rendered":"MS-2000 (M2) stroboskopsko svjetlo"},"content":{"rendered":"<p>Kao i na\u0161i visoko cijenjeni, pouzdani SDU-5E i MS-2000(M), MS-2000(M2) je dizajniran da zadovolji ili prema\u0161i vojne specifikacije, uklju\u010duju\u0107i MIL-L-38217D i CID AA-59176, i ima mnogo pobolj\u0161anih zna\u010dajki za spa\u0161avanje \u017eivota kako bi ispunio mogu\u0107nosti vi\u0161e misija.<\/p>\n<ul>\n<li>Ispunjava najsuvremenije zahtjeve vojske i odgovara gotovo svakoj primjeni<\/li>\n<li>Novi pleteni \u010deli\u010dni dr\u017ea\u010d dr\u017ei poklopac baterije pri\u010dvr\u0161\u0107enim<\/li>\n<li>Silikonski konformni premaz na elektroni\u010dkim komponentama \u0161titi od vlage<\/li>\n<li>Usmjereni plavi filtar upozorava prijateljske snage, razlikuje stroboskop od vatre s tla<\/li>\n<li>Radi na 2 standardne alkalne AA baterije (koristite litijeve baterije za ekstremno hladna okru\u017eenja ili dugotrajno skladi\u0161tenje)<\/li>\n<li>Prilo\u017eeni infracrveni (IR) filtar za gledanje nao\u010dalama za no\u0107no gledanje (NVG) s podstavom od filca za sprje\u010davanje vidljivog curenja svjetlosti<\/li>\n<li>Vrhunska LED tehnologija<\/li>\n<li>Indikatori povi\u0161enog polariteta omogu\u0107uju \u010dak i pravilno postavljanje baterije<\/li>\n<li>Nova zna\u010dajka vibracije upozorava vas na aktivaciju i tajne promjene na\u010dina rada kada koristite IC \u0161tit kada je vidljivost slaba ili mra\u010dna<\/li>\n<li>Prema\u0161uje SOLAS standard<\/li>\n<\/ul>\n","protected":false},"excerpt":{"rendered":"<p>Kada je rije\u010d o spa\u0161avanju \u017eivota, ni\u0161ta manje od najboljeg nije opcija. Od predstavljanja originalnog MS-2000, ovo stroboskopsko svjetlo postalo je glavno svjetlo borbenog traganja i spa\u0161avanja (C-SAR) koje nose elitne vojne snage diljem svijeta. Ba\u0161 kao i na\u0161i pouzdani SDU-5E i MS-2000(M), MS-2000(M2) je dizajniran da zadovolji i \u010desto puta prema\u0161i vojne specifikacije. Budite spremni za nepredvidivo: &#8211; Najsuvremenija LED tehnologija &#8211; Zna\u010dajka vibracije upozorava vas na aktivaciju &#8211; Radi na 2 standardne alkalne AA baterije &#8211; Prema\u0161uje SOLAS standard &#8211; Pleteni \u010deli\u010dni dr\u017ea\u010d &#8211; Usmjereni plavi filtar upozorava prijateljske snage   <\/p>\n","protected":false},"featured_media":12262,"template":"","meta":{"_acf_changed":false,"om_disable_all_campaigns":false},"product_brand":[],"product_cat":[3328,3324,3327,3302,3326],"product_tag":[5376,5379,5369,5371,5367,5368,5373,5148,5153,5145,5155,5120,5158,5140,5157,5162,5160],"class_list":{"0":"post-37740","1":"product","2":"type-product","3":"status-publish","4":"has-post-thumbnail","6":"product_cat-kopnene-specijalne-postrojbe","7":"product_cat-policija-opcina","8":"product_cat-pomorske-snage","9":"product_cat-vojni","10":"product_cat-zracna-patrola","11":"product_tag-3990-hr","12":"product_tag-3990-2-hr","13":"product_tag-acr-ms-2000-hr","14":"product_tag-acr-ms-2000m-hr","15":"product_tag-acr-ms2000-hr","16":"product_tag-acr-ms2000m-hr","17":"product_tag-broj-dijela-3990-2","18":"product_tag-ms-2000-hr","19":"product_tag-ms-2000-m-hr","20":"product_tag-ms-2000m-hr","21":"product_tag-ms-2000r-hr","22":"product_tag-ms2000-hr","23":"product_tag-ms2000-svjetlo","24":"product_tag-ms2000m-hr","25":"product_tag-ms2000r-hr","26":"product_tag-vojno-svjetlo-za-slucaj-opasnosti","27":"product_tag-vojno-svjetlo-za-spasavanje","29":"first","30":"instock","31":"taxable","32":"shipping-taxable","33":"product-type-simple"},"acf":[],"_links":{"self":[{"href":"https:\/\/acrartex-intl.dev.enterwell.space\/hr\/wp-json\/wp\/v2\/product\/37740","targetHints":{"allow":["GET"]}}],"collection":[{"href":"https:\/\/acrartex-intl.dev.enterwell.space\/hr\/wp-json\/wp\/v2\/product"}],"about":[{"href":"https:\/\/acrartex-intl.dev.enterwell.space\/hr\/wp-json\/wp\/v2\/types\/product"}],"wp:featuredmedia":[{"embeddable":true,"href":"https:\/\/acrartex-intl.dev.enterwell.space\/hr\/wp-json\/wp\/v2\/media\/12262"}],"wp:attachment":[{"href":"https:\/\/acrartex-intl.dev.enterwell.space\/hr\/wp-json\/wp\/v2\/media?parent=37740"}],"wp:term":[{"taxonomy":"product_brand","embeddable":true,"href":"https:\/\/acrartex-intl.dev.enterwell.space\/hr\/wp-json\/wp\/v2\/product_brand?post=37740"},{"taxonomy":"product_cat","embeddable":true,"href":"https:\/\/acrartex-intl.dev.enterwell.space\/hr\/wp-json\/wp\/v2\/product_cat?post=37740"},{"taxonomy":"product_tag","embeddable":true,"href":"https:\/\/acrartex-intl.dev.enterwell.space\/hr\/wp-json\/wp\/v2\/product_tag?post=37740"}],"curies":[{"name":"wp","href":"https:\/\/api.w.org\/{rel}","templated":true}]}}