{"id":37829,"date":"2021-03-16T08:15:18","date_gmt":"2021-03-16T13:15:18","guid":{"rendered":"https:\/\/acrartex-intl.dev.enterwell.space\/products\/rcl-100-led-reflektor\/"},"modified":"2021-03-16T08:15:18","modified_gmt":"2021-03-16T13:15:18","slug":"rcl-100-led-reflektor","status":"publish","type":"product","link":"https:\/\/acrartex-intl.dev.enterwell.space\/hr\/products\/rcl-100-led-reflektor\/","title":{"rendered":"RCL -100 LED reflektor"},"content":{"rendered":"<p>RCL -100 LED reflektor nastavlja koristiti isti robusni dizajn kao originalni RCL -100D, ali uklju\u010duje novi u\u010dinkoviti niz od 9 LED dioda koji proizvodi preko 220.000 kandela svjetla. \u010cvrsto i lagano aluminijsko ku\u0107i\u0161te zajedno sa staklenom le\u0107om za\u0161ti\u0107eno je od vremenskih uvjeta za godine besprijekornog rada. Ostale zna\u010dajke uklju\u010duju \u017ei\u010dani daljinski upravlja\u010d koji omogu\u0107uje kontinuiranu rotaciju od 360 stupnjeva velikom ili malom brzinom bez gnjava\u017ee oko sna\u017enog zaustavljanja. S kutom snopa od 7 stupnjeva, svjetlo tako\u0111er pru\u017ea kutove elevacije od 9 stupnjeva gore i 17 stupnjeva dolje kako bi osvjetljenje povuklo mostove, pluta\u010de i pristani\u0161ta kao povjetarac.   <\/p>\n<p>Nisu svi reflektori jednaki, a tijelo je trostruko premazano i obojano UV stabilizatorom kako bi pre\u017eivjelo godine u surovom morskom okru\u017eenju. Unutra\u0161njost LED reflektora RCL -100 potpuno je zatvorena i pru\u017ea preciznu kontrolu nagiba snopa dok ostaje za\u0161ti\u0107en. U\u010dinkovito dizajniran LED niz pru\u017ea vi\u0161e od 40 000 sati. Svjetlo tako\u0111er uklju\u010duje na\u0161u ekskluzivnu zna\u010dajku XRCiZ\u2122, koja se neovisno okre\u0107e svakih 30 dana od aktivacije kako bi se osiguralo da sve povr\u0161ine le\u017eaja budu bez korozije i da svi elektri\u010dni kontakti rade. RCL -100 LED je otporan na vremenske uvjete i radi s 12 ili 24 DC struje.    <\/p>\n<p>Novo ACR RCL -100 LED svjetlo prodaje se u prakti\u010dnom kompletu konfiguriranom na sljede\u0107i na\u010din.<\/p>\n<ul>\n<li>\u017di\u010dani komplet: RCL -100 LED reflektor s glavnim kontrolerom i kontrolerom \u017ei\u010dane to\u010dke (P\/N 1951 ili 1951.B)<\/li>\n<\/ul>\n<p>&nbsp;<\/p>\n<h3>Glavne karakteristike novog RCL -100 LED:<\/h3>\n<ul>\n<li>Ultra-svijetli niz od 9 LED dioda stvara vi\u0161e od 220 000 vr\u0161nih kandela<\/li>\n<li>U\u010dinkovite LED diode dugog vijeka &#8211; 40.000 radnih sati<\/li>\n<li>Smanjena potro\u0161nja energije do 50% na 12V posudama<\/li>\n<li>Regulator ima najsuvremeniju elektroniku za za\u0161titu svjetla od ve\u0107ine strujnih udara<\/li>\n<li>Unutarnji mehanizam elevacije za preciznu kontrolu visine snopa; \u0161titi mehanizam za podizanje od vremenskih uvjeta<\/li>\n<li>\u010cvrsto aluminijsko ku\u0107i\u0161te s trostrukim temeljnim premazom i zabrtvljenjem za brodsku upotrebu<\/li>\n<li>Uklju\u010duje daljinski upravlja\u010d Point Pad; do tri udaljene Point Pad jedinice mogu se instalirati na sustav; uklju\u010dene opcije nadgradne\/ugradbene monta\u017ee<\/li>\n<li>Ekskluzivna zna\u010dajka XRCiZ\u2122 rotira i pomi\u010de sklop svjetla svakih 30 dana od aktivacije kako bi sve povr\u0161ine le\u017eaja bile \u010diste od korozije i svi elektri\u010dni kontakti funkcionalni<\/li>\n<li>Kabelski sve\u017eanj od 15 stopa (4,57 m)<\/li>\n<li>Motor s dvije brzine<\/li>\n<\/ul>\n<p>&nbsp;<\/p>\n","protected":false},"excerpt":{"rendered":"<p>LED verzija na\u0161eg najpopularnijeg RCL -100D reflektora pru\u017ea LED performanse visokog intenziteta koje se probijaju kroz no\u0107i i uvjete slabog osvjetljenja s blistavih 220 000 kandela. Tradicionalno elegantan dizajn RCL -100 LED \u010dini ga atraktivnim i isplativim izborom za sportske jahte, mega jahte, sportske ribolovce i laka komercijalna plovila. S u\u010dinkovitijim LED diodama, RCL -100 LED ima smanjenu potro\u0161nju energije do 50% na posudama od 12 V.  <\/p>\n<p>&nbsp;<\/p>\n<p style=\"margin-left: 0in; margin-right: 0in;\"><span style=\"font-size: 11pt;\"><span style=\"font-family: Calibri,sans-serif;\"><a style=\"color: blue; text-decoration: underline;\" href=\"https:\/\/www.dropbox.com\/s\/ezakylsa2478sav\/Prop%2065%20-%20DINP%20and%20BPA.pdf?dl=0\"><span style=\"color: #000000;\">UPOZORENJE: PROP 65<\/span><\/a><\/span><\/span><\/p>\n","protected":false},"featured_media":12002,"template":"","meta":{"_acf_changed":false,"om_disable_all_campaigns":false},"product_brand":[],"product_cat":[3307,3310,3083,3308,3305],"product_tag":[6071,6074,6058,5472,6066,6059,6057,5469,5471,6068,6056,6060,6055,6069,5470,6062,6061,6048,6050,6052],"class_list":{"0":"post-37829","1":"product","2":"type-product","3":"status-publish","4":"has-post-thumbnail","6":"product_cat-blizu-obale","7":"product_cat-komercijalni","8":"product_cat-marine-hr","9":"product_cat-off-shore-hr","10":"product_cat-unutrasnjost","11":"product_tag-1951-hr","12":"product_tag-1951-b-hr","13":"product_tag-acr-rcl-100-led-hr","14":"product_tag-acr-reflektor","15":"product_tag-brodski-led-reflektor-hr","16":"product_tag-brodski-led-reflektor","17":"product_tag-brodski-led-reflektori","18":"product_tag-brodski-reflektor","19":"product_tag-brodski-reflektori","20":"product_tag-broj-dijela-1951","21":"product_tag-led-reflektor","22":"product_tag-led-reflektori","23":"product_tag-led-reflektori-za-plovila","24":"product_tag-p-n-1951-hr","25":"product_tag-pomorski-reflektor","26":"product_tag-rcl-100-led-hr","27":"product_tag-rcl-100-led-reflektor","28":"product_tag-reflektor","29":"product_tag-reflektori-na-prodaju","30":"product_tag-tvrtka-za-reflektore","31":"pa_product-svjetla-za-trazenje","33":"first","34":"instock","35":"taxable","36":"shipping-taxable","37":"purchasable","38":"product-type-variable"},"acf":[],"_links":{"self":[{"href":"https:\/\/acrartex-intl.dev.enterwell.space\/hr\/wp-json\/wp\/v2\/product\/37829","targetHints":{"allow":["GET"]}}],"collection":[{"href":"https:\/\/acrartex-intl.dev.enterwell.space\/hr\/wp-json\/wp\/v2\/product"}],"about":[{"href":"https:\/\/acrartex-intl.dev.enterwell.space\/hr\/wp-json\/wp\/v2\/types\/product"}],"wp:featuredmedia":[{"embeddable":true,"href":"https:\/\/acrartex-intl.dev.enterwell.space\/hr\/wp-json\/wp\/v2\/media\/12002"}],"wp:attachment":[{"href":"https:\/\/acrartex-intl.dev.enterwell.space\/hr\/wp-json\/wp\/v2\/media?parent=37829"}],"wp:term":[{"taxonomy":"product_brand","embeddable":true,"href":"https:\/\/acrartex-intl.dev.enterwell.space\/hr\/wp-json\/wp\/v2\/product_brand?post=37829"},{"taxonomy":"product_cat","embeddable":true,"href":"https:\/\/acrartex-intl.dev.enterwell.space\/hr\/wp-json\/wp\/v2\/product_cat?post=37829"},{"taxonomy":"product_tag","embeddable":true,"href":"https:\/\/acrartex-intl.dev.enterwell.space\/hr\/wp-json\/wp\/v2\/product_tag?post=37829"}],"curies":[{"name":"wp","href":"https:\/\/api.w.org\/{rel}","templated":true}]}}