{"id":37910,"date":"2021-03-16T08:15:01","date_gmt":"2021-03-16T13:15:01","guid":{"rendered":"https:\/\/acrartex-intl.dev.enterwell.space\/products\/reflektor-rcl-300a\/"},"modified":"2021-03-16T08:15:01","modified_gmt":"2021-03-16T13:15:01","slug":"reflektor-rcl-300a","status":"publish","type":"product","link":"https:\/\/acrartex-intl.dev.enterwell.space\/hr\/products\/reflektor-rcl-300a\/","title":{"rendered":"Reflektor RCL -300A"},"content":{"rendered":"<p>Zabrtvljen je i dovr\u0161en kako bi izdr\u017eao morsko okru\u017eenje, a svim funkcijama se mo\u017ee upravljati pomo\u0107u isporu\u010denog Point Pad\u2122 i glavnog kontrolera (mogu se instalirati do tri daljinska upravlja\u010da).<\/p>\n<ul>\n<li>Unutarnji mehanizam za podizanje omogu\u0107uje kontrolu visine snopa reflektora; \u0161titi mehanizam za podizanje od vremenskih uvjeta<\/li>\n<li>Uklju\u010duje daljinski upravlja\u010d Point Pad\u2122; do tri udaljene jedinice Point Pad\u2122 mogu se instalirati na sustav; uklju\u010dene opcije nadgradne\/ugradbene monta\u017ee<\/li>\n<li>Robusno aluminijsko ku\u0107i\u0161te s trostrukim temeljnim premazom i brtvljenjem<\/li>\n<li>Zna\u010dajka XRCiZ\u2122 rotira i pomi\u010de sklop svjetla svakih 30 dana od aktivacije kako bi sve povr\u0161ine le\u017eaja bile \u010diste od korozije i svi elektri\u010dni kontakti funkcionalni<\/li>\n<li>Konstrukcija otporna na solnu vodu s najlonskim i fenolnim podlo\u0161kama, vijcima od aluminiziranog nehr\u0111aju\u0107eg \u010delika s izolacijskim lubrikantom<\/li>\n<li>O\u017ei\u010denje uklju\u010deno<\/li>\n<li>* Dvostruke metalhalogene HID \u017earulje od 35 W pru\u017eaju vi\u0161e od 500 tisu\u0107a CD-a svaka i 1 milijun efektivnih CD-a kada se kombiniraju.<\/li>\n<\/ul>\n<p>Tagovi: reflektori, reflektor, RCL reflektor, RCL 300, brodski reflektor, brodski reflektor, brodski reflektor, acr reflektor, 1933, P\/N 1933<\/p>\n","protected":false},"excerpt":{"rendered":"<p>Dvostruke metalhalogene HID \u017earulje od 35 W stvaraju reflektor uskog snopa koji je savr\u0161en za velike sportske jahte i mega-jahte, kao i za velike sportske riblje i komercijalna plovila. Reflektor RCL -300A napravljen je za pobolj\u0161anje sigurnosti na moru tijekom no\u0107nog rada. Tako\u0111er je jednostavan za kori\u0161tenje s komercijalnim joystickom koji ima ocjenu IP 69K i osvjetljenje.  <\/p>\n","protected":false},"featured_media":12246,"template":"","meta":{"_acf_changed":false,"om_disable_all_campaigns":false},"product_brand":[],"product_cat":[3083],"product_tag":[5472,6247,5469,5471,5470,5468,6367,6048,6242,6050,6052,6363,6245],"class_list":{"0":"post-37910","1":"product","2":"type-product","3":"status-publish","4":"has-post-thumbnail","6":"product_cat-marine-hr","7":"product_tag-acr-reflektor","8":"product_tag-acr-reflektori","9":"product_tag-brodski-reflektor","10":"product_tag-brodski-reflektori","11":"product_tag-pomorski-reflektor","12":"product_tag-rcl-hr","13":"product_tag-rcl-300a-hr","14":"product_tag-reflektor","15":"product_tag-reflektori","16":"product_tag-reflektori-na-prodaju","17":"product_tag-tvrtka-za-reflektore","18":"product_tag-xenon-reflektor","19":"product_tag-xenon-reflektori","20":"pa_product-svjetla-za-trazenje","22":"first","23":"instock","24":"taxable","25":"shipping-taxable","26":"purchasable","27":"product-type-simple"},"acf":[],"_links":{"self":[{"href":"https:\/\/acrartex-intl.dev.enterwell.space\/hr\/wp-json\/wp\/v2\/product\/37910","targetHints":{"allow":["GET"]}}],"collection":[{"href":"https:\/\/acrartex-intl.dev.enterwell.space\/hr\/wp-json\/wp\/v2\/product"}],"about":[{"href":"https:\/\/acrartex-intl.dev.enterwell.space\/hr\/wp-json\/wp\/v2\/types\/product"}],"wp:featuredmedia":[{"embeddable":true,"href":"https:\/\/acrartex-intl.dev.enterwell.space\/hr\/wp-json\/wp\/v2\/media\/12246"}],"wp:attachment":[{"href":"https:\/\/acrartex-intl.dev.enterwell.space\/hr\/wp-json\/wp\/v2\/media?parent=37910"}],"wp:term":[{"taxonomy":"product_brand","embeddable":true,"href":"https:\/\/acrartex-intl.dev.enterwell.space\/hr\/wp-json\/wp\/v2\/product_brand?post=37910"},{"taxonomy":"product_cat","embeddable":true,"href":"https:\/\/acrartex-intl.dev.enterwell.space\/hr\/wp-json\/wp\/v2\/product_cat?post=37910"},{"taxonomy":"product_tag","embeddable":true,"href":"https:\/\/acrartex-intl.dev.enterwell.space\/hr\/wp-json\/wp\/v2\/product_tag?post=37910"}],"curies":[{"name":"wp","href":"https:\/\/api.w.org\/{rel}","templated":true}]}}