{"id":37948,"date":"2021-03-16T08:14:31","date_gmt":"2021-03-16T13:14:31","guid":{"rendered":"https:\/\/acrartex-intl.dev.enterwell.space\/products\/daljinski-prekidac-standard-455-6196\/"},"modified":"2021-03-16T08:14:31","modified_gmt":"2021-03-16T13:14:31","slug":"daljinski-prekidac-standard-455-6196","status":"publish","type":"product","link":"https:\/\/acrartex-intl.dev.enterwell.space\/hr\/products\/daljinski-prekidac-standard-455-6196\/","title":{"rendered":"Daljinski prekida\u010d, standard 455-6196"},"content":{"rendered":"","protected":false},"excerpt":{"rendered":"<p>Ovaj daljinski prekida\u010d je standardan za sve TSO C91a i TSO C126 ELT popise, osim za ME406 ACE i B406 serije ELT. Ako kupac OEM-a zahtijeva odre\u0111eni model daljinskog prekida\u010da ili ako se ELT isporu\u010duje posebno za vojne primjene, ni ovaj daljinski prekida\u010d ne\u0107e biti standardan. <\/p>\n<p>&nbsp;<\/p>\n","protected":false},"featured_media":12236,"template":"","meta":{"_acf_changed":false,"om_disable_all_campaigns":false},"product_brand":[],"product_cat":[2353],"product_tag":[6491,2658,6489,6487],"class_list":{"0":"post-37948","1":"product","2":"type-product","3":"status-publish","4":"has-post-thumbnail","6":"product_cat-uncategorized","7":"product_tag-455-6196-hr","8":"product_tag-daljinski-prekidac","9":"product_tag-standard-hr","10":"product_tag-standard-455-6196-hr","12":"first","13":"instock","14":"taxable","15":"shipping-taxable","16":"purchasable","17":"product-type-simple"},"acf":[],"_links":{"self":[{"href":"https:\/\/acrartex-intl.dev.enterwell.space\/hr\/wp-json\/wp\/v2\/product\/37948","targetHints":{"allow":["GET"]}}],"collection":[{"href":"https:\/\/acrartex-intl.dev.enterwell.space\/hr\/wp-json\/wp\/v2\/product"}],"about":[{"href":"https:\/\/acrartex-intl.dev.enterwell.space\/hr\/wp-json\/wp\/v2\/types\/product"}],"wp:featuredmedia":[{"embeddable":true,"href":"https:\/\/acrartex-intl.dev.enterwell.space\/hr\/wp-json\/wp\/v2\/media\/12236"}],"wp:attachment":[{"href":"https:\/\/acrartex-intl.dev.enterwell.space\/hr\/wp-json\/wp\/v2\/media?parent=37948"}],"wp:term":[{"taxonomy":"product_brand","embeddable":true,"href":"https:\/\/acrartex-intl.dev.enterwell.space\/hr\/wp-json\/wp\/v2\/product_brand?post=37948"},{"taxonomy":"product_cat","embeddable":true,"href":"https:\/\/acrartex-intl.dev.enterwell.space\/hr\/wp-json\/wp\/v2\/product_cat?post=37948"},{"taxonomy":"product_tag","embeddable":true,"href":"https:\/\/acrartex-intl.dev.enterwell.space\/hr\/wp-json\/wp\/v2\/product_tag?post=37948"}],"curies":[{"name":"wp","href":"https:\/\/api.w.org\/{rel}","templated":true}]}}