{"id":37983,"date":"2021-03-16T08:13:58","date_gmt":"2021-03-16T13:13:58","guid":{"rendered":"https:\/\/acrartex-intl.dev.enterwell.space\/products\/daljinska-upravljacka-ploca-b737\/"},"modified":"2021-03-16T08:13:58","modified_gmt":"2021-03-16T13:13:58","slug":"daljinska-upravljacka-ploca-b737","status":"publish","type":"product","link":"https:\/\/acrartex-intl.dev.enterwell.space\/hr\/products\/daljinska-upravljacka-ploca-b737\/","title":{"rendered":"Daljinska upravlja\u010dka plo\u010da &#8211; B737"},"content":{"rendered":"","protected":false},"excerpt":{"rendered":"<p>Daljinska upravlja\u010dka plo\u010da Daljinski prekida\u010d za B406 ELT<\/p>\n","protected":false},"featured_media":12228,"template":"","meta":{"_acf_changed":false,"om_disable_all_campaigns":false},"product_brand":[],"product_cat":[2353],"product_tag":[6633,6632,6627,6637,4658,6644,6640,2656,6621,2958],"class_list":{"0":"post-37983","1":"product","2":"type-product","3":"status-publish","4":"has-post-thumbnail","6":"product_cat-uncategorized","7":"product_tag-artex-c406-hr","8":"product_tag-artex-c406-1-hr","9":"product_tag-artex-me-406-hr","10":"product_tag-artex-me-406-elt-hr","11":"product_tag-artex-me406-hr","12":"product_tag-b737-hr","13":"product_tag-daljinska-upravljacka-ploca","14":"product_tag-daljinski","15":"product_tag-ja-406-elt-hr","16":"product_tag-sklopke","18":"first","19":"instock","20":"taxable","21":"shipping-taxable","22":"purchasable","23":"product-type-simple"},"acf":[],"_links":{"self":[{"href":"https:\/\/acrartex-intl.dev.enterwell.space\/hr\/wp-json\/wp\/v2\/product\/37983","targetHints":{"allow":["GET"]}}],"collection":[{"href":"https:\/\/acrartex-intl.dev.enterwell.space\/hr\/wp-json\/wp\/v2\/product"}],"about":[{"href":"https:\/\/acrartex-intl.dev.enterwell.space\/hr\/wp-json\/wp\/v2\/types\/product"}],"wp:featuredmedia":[{"embeddable":true,"href":"https:\/\/acrartex-intl.dev.enterwell.space\/hr\/wp-json\/wp\/v2\/media\/12228"}],"wp:attachment":[{"href":"https:\/\/acrartex-intl.dev.enterwell.space\/hr\/wp-json\/wp\/v2\/media?parent=37983"}],"wp:term":[{"taxonomy":"product_brand","embeddable":true,"href":"https:\/\/acrartex-intl.dev.enterwell.space\/hr\/wp-json\/wp\/v2\/product_brand?post=37983"},{"taxonomy":"product_cat","embeddable":true,"href":"https:\/\/acrartex-intl.dev.enterwell.space\/hr\/wp-json\/wp\/v2\/product_cat?post=37983"},{"taxonomy":"product_tag","embeddable":true,"href":"https:\/\/acrartex-intl.dev.enterwell.space\/hr\/wp-json\/wp\/v2\/product_tag?post=37983"}],"curies":[{"name":"wp","href":"https:\/\/api.w.org\/{rel}","templated":true}]}}