{"id":37984,"date":"2021-03-16T08:12:35","date_gmt":"2021-03-16T13:12:35","guid":{"rendered":"https:\/\/acrartex-intl.dev.enterwell.space\/products\/b406-4\/"},"modified":"2021-03-16T08:12:35","modified_gmt":"2021-03-16T13:12:35","slug":"b406-4","status":"publish","type":"product","link":"https:\/\/acrartex-intl.dev.enterwell.space\/hr\/products\/b406-4\/","title":{"rendered":"B406-4"},"content":{"rendered":"<p>Artex B406-4 emitira na sve 3 frekvencije za hitne slu\u010dajeve (121,5\/243,0 i 406 MHz). ELT se automatski aktivira tijekom sudara i emitira standardni ton na 121,5 i 243,0 MHz. Svakih 50 sekundi tijekom 520 milisekundi (protokol dugih poruka), oda\u0161ilja\u010d od 406 MHz uklju\u010duje se i \u0161alje kodiranu digitalnu poruku satelitskom sustavu Cospas\/Sarsat. ELT se mo\u017ee programirati s 24-bitnom adresom zrakoplova kao i informacijama o zemljopisnoj \u0161irini\/du\u017eini iz navigacijskog sustava zrakoplova kada se koristi s Artex ELT \/NAV su\u010deljem -B (P\/N 453-6501). B406-4 dizajniran je za povezivanje s Boeingovim glavnim sustavom opreza u kombinaciji s DZUS montiranom daljinskom plo\u010dom u kokpitu. Hardver za monta\u017eu za B406-4 kompatibilan je sa svim prethodnim verzijama Artex 406 MHz ELT-a.     <\/p>\n<p>&nbsp;<\/p>\n<p>ARTEX ELT su izbor komercijalnih zrakoplova uklju\u010duju\u0107i Boeing, Bombardier i Embraer.<\/p>\n","protected":false},"excerpt":{"rendered":"<p>B406-4 je modificiran za su\u010delje s Boeingovim glavnim sustavom upozorenja u kombinaciji s DZUS montiranom daljinskom plo\u010dom u kokpitu (P\/N 453-0161) za B737 i nadalje je odobren za upotrebu na svim modelima B747, B757, B767 i B777.<\/p>\n<p>&nbsp;<\/p>\n<p><a href=\"http:\/\/acrartex-intl.dev.enterwell.space\/survival-products\/406test\"><img decoding=\"async\" style=\"width: 300px; height: 41px;\" src=\"https:\/\/dk2ztu5ooimmu.cloudfront.net\/ckeditor_assets\/pictures\/146\/406Test_with_desc_-_Tag.gif\" alt=\"\"><\/a><\/p>\n","protected":false},"featured_media":12198,"template":"","meta":{"_acf_changed":false,"om_disable_all_campaigns":false},"product_brand":[],"product_cat":[6629,3300],"product_tag":[4665,4655,4676,4002,4668,6654,6656,6633,6632,6642,4652,4671,4678,4688,6627,6637,4658,4673,6649,6650,6658,4156,4660,4682,6652,4684,6621,6646,6661],"class_list":{"0":"post-37984","1":"product","2":"type-product","3":"status-publish","4":"has-post-thumbnail","6":"product_cat-komercijalni-zrakoplov","7":"product_cat-zrakoplovstvo","8":"product_tag-1215-elt-hr","9":"product_tag-406-elt-hr","10":"product_tag-406-mhz-elt-hr","11":"product_tag-artex-hr","12":"product_tag-artex-110-4-hr","13":"product_tag-artex-b406-hr","14":"product_tag-artex-b406-elt-hr","15":"product_tag-artex-c406-hr","16":"product_tag-artex-c406-1-hr","17":"product_tag-artex-c406-2-hr","18":"product_tag-artex-elt-hr","19":"product_tag-artex-elt-110-4-hr","20":"product_tag-artex-elt-406-hr","21":"product_tag-artex-elt-tester-hr","22":"product_tag-artex-me-406-hr","23":"product_tag-artex-me-406-elt-hr","24":"product_tag-artex-me406-hr","25":"product_tag-artex-net-hr","26":"product_tag-b406-hr","27":"product_tag-b406-elt-hr","28":"product_tag-cospas-hr","29":"product_tag-cospas-sarsat-hr","30":"product_tag-elt-121-5-hr","31":"product_tag-elt-406-hr","32":"product_tag-elt-b406-hr","33":"product_tag-elt-lokator","34":"product_tag-ja-406-elt-hr","35":"product_tag-sarsat-hr","36":"product_tag-sarsat-cospas-hr","37":"pa_aircraft-type-mlaznice-srednje-velicine","38":"pa_aircraft-type-putnicki-avioni","39":"pa_aircraft-type-putnicki-mlaznjak","40":"pa_aircraft-type-svjetlosni-mlazovi","41":"pa_aircraft-type-veliki-mlazovi","42":"pa_product-elt-rjesenja","44":"first","45":"instock","46":"taxable","47":"shipping-taxable","48":"product-type-simple"},"acf":[],"_links":{"self":[{"href":"https:\/\/acrartex-intl.dev.enterwell.space\/hr\/wp-json\/wp\/v2\/product\/37984","targetHints":{"allow":["GET"]}}],"collection":[{"href":"https:\/\/acrartex-intl.dev.enterwell.space\/hr\/wp-json\/wp\/v2\/product"}],"about":[{"href":"https:\/\/acrartex-intl.dev.enterwell.space\/hr\/wp-json\/wp\/v2\/types\/product"}],"wp:featuredmedia":[{"embeddable":true,"href":"https:\/\/acrartex-intl.dev.enterwell.space\/hr\/wp-json\/wp\/v2\/media\/12198"}],"wp:attachment":[{"href":"https:\/\/acrartex-intl.dev.enterwell.space\/hr\/wp-json\/wp\/v2\/media?parent=37984"}],"wp:term":[{"taxonomy":"product_brand","embeddable":true,"href":"https:\/\/acrartex-intl.dev.enterwell.space\/hr\/wp-json\/wp\/v2\/product_brand?post=37984"},{"taxonomy":"product_cat","embeddable":true,"href":"https:\/\/acrartex-intl.dev.enterwell.space\/hr\/wp-json\/wp\/v2\/product_cat?post=37984"},{"taxonomy":"product_tag","embeddable":true,"href":"https:\/\/acrartex-intl.dev.enterwell.space\/hr\/wp-json\/wp\/v2\/product_tag?post=37984"}],"curies":[{"name":"wp","href":"https:\/\/api.w.org\/{rel}","templated":true}]}}