{"id":39979,"date":"2021-11-12T16:18:34","date_gmt":"2021-11-12T21:18:34","guid":{"rendered":"https:\/\/acrartex-intl.dev.enterwell.space\/products\/bivy-stick-komplet-za-prezivljavanje-sa-solarnim-panelom\/"},"modified":"2025-08-08T14:38:34","modified_gmt":"2025-08-08T19:38:34","slug":"bivy-stick-komplet-za-prezivljavanje-sa-solarnim-panelom","status":"publish","type":"product","link":"https:\/\/acrartex-intl.dev.enterwell.space\/hr\/products\/bivy-stick-komplet-za-prezivljavanje-sa-solarnim-panelom\/","title":{"rendered":"Bivy stick &amp; komplet za pre\u017eivljavanje sa solarnim panelom"},"content":{"rendered":"<p>Jednostavno aktivirajte Bivy Stick SOS putem gumba na ure\u0111aju ili putem aplikacije na svom telefonu. Pretplata za Bivy Stick uklju\u010duje 24\/7 nadzor od strane Global Rescue. Aktivacijom SOS-a mo\u0107i \u0107ete komunicirati s Global Rescue putem teksta, ili ako ne mo\u017eete komunicirati putem teksta, slu\u017eba za traganje i spa\u0161avanje bit \u0107e usmjerena na va\u0161u GPS lokaciju.  <\/p>\n<p>Kada slu\u017eba za traganje i spa\u0161avanje stigne na mjesto doga\u0111aja, jarko LED C-Strobe H2O svjetlo privu\u0107i \u0107e pozornost spasilaca no\u0107u, ili tijekom dana koristite signalno zrcalo kako biste privukli njihovu pozornost. Pohranite svu svoju opremu za hitne slu\u010dajeve unutar RapidDitch suhe torbe kako bi va\u0161 komplet za pre\u017eivljavanje bio prakti\u010dno na okupu. <\/p>\n<p>Solarni panel Bivy 15W odr\u017eavat \u0107e va\u0161 telefon i Bivy Stick napunjenima tijekom va\u0161ih avantura. Solarni panel u\u010dinkovito pretvara do 20% solarne energije u elektri\u010dnu energiju, a njegov ultra-tanki i sklopivi dizajn olak\u0161ava no\u0161enje. <\/p>\n<p>&nbsp;<\/p>\n<p>Ovaj komplet sadr\u017ei sljede\u0107e osnovne proizvode za pre\u017eivljavanje:<\/p>\n<ul>\n<li>Bivy dvosmjerni satelitski komunikator s 24\/7 SOS-om kojeg pokre\u0107e Global Rescue (potrebna pretplata)<\/li>\n<li>Bivy 15W solarni panel<\/li>\n<li>C-Strobe H2O svjetlo za spa\u0161avanje<\/li>\n<li>Signalno ogledalo<\/li>\n<li>Res-q\u2122 zvi\u017edaljka<\/li>\n<li>RapidDitch suha torba<\/li>\n<\/ul>\n<p><strong>Solarni panel:  <\/strong><\/p>\n<p>INTELIGENTNA TEHNOLOGIJA PUNJENJA: USB priklju\u010dak automatski prepoznaje va\u0161e ure\u0111aje kako bi osigurao optimalnu ulaznu struju punjenja i ubrzao proces punjenja kako bi se smanjilo vrijeme punjenja.<\/p>\n<p>VISOKA STOPA PRETVORBE: plo\u010da oblo\u017eena ETFE-om u\u010dinkovito apsorbira sun\u010devu svjetlost i pretvara do 20% solarne energije u elektri\u010dnu energiju; glatko puni iOS, Android, Bivy Stick, baterije, GoPro i ostalu elektroniku.<\/p>\n<p>PRENOSIVO &amp; LAGANO: ultra-tanki i sklopivi dizajn olak\u0161ava no\u0161enje;<\/p>\n<p>OTPORNO NA PRLJAV\u0160TINU &amp; PRSKANJE: IPX4 vodootpornost, koja je otporna na prskanje vode i pra\u0161inu, bez obzira na smjer; \u0161to ga \u010dini savr\u0161enim za vanjsku upotrebu.<\/p>\n<p>Snaga: 15WBovy<\/p>\n<dl>\n<dt>Izlaz: 5V\/3A<\/dt>\n<\/dl>\n<dl>\n<dt>Certifikat: CE FCC ROHS<\/dt>\n<\/dl>\n<dl>\n<dt>Te\u017eina: 450g<\/dt>\n<dt><\/dt>\n<dt>Veli\u010dina: (sklopljeno) 10in x 6.5in x .75in<\/dt>\n<dt> (Rasklopljeno) 10in x 19.5in<\/dt>\n<\/dl>\n","protected":false},"excerpt":{"rendered":"<p>S globalnom satelitskom pokriveno\u0161\u0107u putem Iridium satelitske mre\u017ee, gdje god imate pogled na nebo, mo\u017eete komunicirati putem Bivy Sticka. Iako je prakti\u010dno kompaktan, Bivy Stick i dalje nudi sveobuhvatan skup zna\u010dajki, uklju\u010duju\u0107i dvosmjerno slanje tekstualnih poruka, SOS, dijeljenje lokacije, prijavu jednim dodirom i detaljna vremenska izvje\u0161\u0107a poslana izravno na va\u0161 mobilni telefon putem satelita. Sada dostupan s potpuno novim Bivy Stick &amp; Solar Panel kompletom za pre\u017eivljavanje.  <\/p>\n<p><a href=\"http:\/\/acrartex-intl.dev.enterwell.space\/survival-products-end-of-year\/\"><img loading=\"lazy\" decoding=\"async\" class=\"alignnone size-medium wp-image-25976\" src=\"http:\/\/acrartex-intl.dev.enterwell.space\/wp-content\/uploads\/2021\/03\/End-of-Year-EVENT-Button-W-BG-300x38.gif\" alt=\"\" width=\"300\" height=\"38\"><\/a><\/p>\n<p><a href=\"https:\/\/www.dropbox.com\/s\/fk04stqsp2hgk5f\/Prop%2065%20-%20DEHP.pdf?dl=0\" data-cke-saved-href=\"https:\/\/www.dropbox.com\/s\/fk04stqsp2hgk5f\/Prop%2065%20-%20DEHP.pdf?dl=0\">UPOZORENJE: PROP 65<\/a><\/p>\n","protected":false},"featured_media":26003,"template":"","meta":{"_acf_changed":false,"om_disable_all_campaigns":false},"product_brand":[],"product_cat":[3083,3084,3300],"product_tag":[7000,6988,6956,6959,6932,7012,6998,6993,6938,7009,6940,6983,6970,6952,6966,3089,6944,6929,6971,7015,6977,6949,6982,7003],"class_list":{"0":"post-39979","1":"product","2":"type-product","3":"status-publish","4":"has-post-thumbnail","6":"product_cat-marine-hr","7":"product_cat-vanjski","8":"product_cat-zrakoplovstvo","9":"product_tag-2364-hr","10":"product_tag-4601-hr","11":"product_tag-acr-bivy-hr","12":"product_tag-aplikacija-bivy","13":"product_tag-bivy-hr","14":"product_tag-bivy-i-komplet-solarnog-panela","15":"product_tag-bivy-komplet-za-prezivljavanje","16":"product_tag-bivy-prezivljavanje","17":"product_tag-bivy-stick-hr","18":"product_tag-bivy-stick-komplet-za-prezivljavanje-sa-solarnim-panelom","19":"product_tag-bivy-stick-plavi","20":"product_tag-bivy-vs-plb-hr","21":"product_tag-bluetooth-hr","22":"product_tag-dvosmjerna-komunikacija","23":"product_tag-global-rescue-hr","24":"product_tag-gps-hr","25":"product_tag-iridium-hr","26":"product_tag-komplet-za-prezivljavanje","27":"product_tag-mini-hr","28":"product_tag-mini-gps-hr","29":"product_tag-najmanji-satelitski-komunikator","30":"product_tag-pracenje","31":"product_tag-satelitsko-pracenje-gps","32":"product_tag-solarni-panel-bivy","34":"first","35":"outofstock","36":"taxable","37":"shipping-taxable","38":"purchasable","39":"product-type-simple"},"acf":[],"_links":{"self":[{"href":"https:\/\/acrartex-intl.dev.enterwell.space\/hr\/wp-json\/wp\/v2\/product\/39979","targetHints":{"allow":["GET"]}}],"collection":[{"href":"https:\/\/acrartex-intl.dev.enterwell.space\/hr\/wp-json\/wp\/v2\/product"}],"about":[{"href":"https:\/\/acrartex-intl.dev.enterwell.space\/hr\/wp-json\/wp\/v2\/types\/product"}],"wp:featuredmedia":[{"embeddable":true,"href":"https:\/\/acrartex-intl.dev.enterwell.space\/hr\/wp-json\/wp\/v2\/media\/26003"}],"wp:attachment":[{"href":"https:\/\/acrartex-intl.dev.enterwell.space\/hr\/wp-json\/wp\/v2\/media?parent=39979"}],"wp:term":[{"taxonomy":"product_brand","embeddable":true,"href":"https:\/\/acrartex-intl.dev.enterwell.space\/hr\/wp-json\/wp\/v2\/product_brand?post=39979"},{"taxonomy":"product_cat","embeddable":true,"href":"https:\/\/acrartex-intl.dev.enterwell.space\/hr\/wp-json\/wp\/v2\/product_cat?post=39979"},{"taxonomy":"product_tag","embeddable":true,"href":"https:\/\/acrartex-intl.dev.enterwell.space\/hr\/wp-json\/wp\/v2\/product_tag?post=39979"}],"curies":[{"name":"wp","href":"https:\/\/api.w.org\/{rel}","templated":true}]}}