{"id":39990,"date":"2021-04-29T22:29:03","date_gmt":"2021-04-30T03:29:03","guid":{"rendered":"https:\/\/acrartex-intl.dev.enterwell.space\/products\/resqlink-view-resqflare-komplet-za-prezivljavanje\/"},"modified":"2025-08-08T14:36:38","modified_gmt":"2025-08-08T19:36:38","slug":"resqlink-view-resqflare-komplet-za-prezivljavanje","status":"publish","type":"product","link":"https:\/\/acrartex-intl.dev.enterwell.space\/hr\/products\/resqlink-view-resqflare-komplet-za-prezivljavanje\/","title":{"rendered":"ResQLink View  ResQFlare komplet za pre\u017eivljavanje"},"content":{"rendered":"<p>ResQFlare dolazi s prilo\u017eenom zastavom za signalizaciju u nu\u017edi, a kada se nose zajedno, certificirani su da zadovoljavaju primjenjive zahtjeve Obalne stra\u017ee SAD-a, \u0161to omogu\u0107uje njihovo no\u0161enje umjesto tradicionalnih pirotehni\u010dkih signalnih raketa (samo u SAD-u) na rekreacijskim plovilima.<\/p>\n<p>ResQLink View i ResQFlare komplet za pre\u017eivljavanje su lagani i kompaktni, ali veliki po pitanju prakti\u010dnosti. No\u0161enje ovog kompleta stavlja spa\u0161avanje na dohvat ruke s ResQLink View, pru\u017ea sve va\u0161e sigurnosne potrebe i omogu\u0107uje vam uklanjanje inherentnih nedostataka povezanih s kupnjom i zbrinjavanjem tradicionalnih pirotehni\u010dkih signalnih raketa. <\/p>\n<p>Ovaj komplet sadr\u017ei sljede\u0107e osnovne proizvode za pre\u017eivljavanje:<\/p>\n<ul>\n<li>ResQLink View Personal Locator Beacon<\/li>\n<li>ResQFlare elektroni\u010dka signalna raketa za nu\u017edu<\/li>\n<li>C-Strobe H2O svjetlo za spa\u0161avanje<\/li>\n<li>Signalno ogledalo<\/li>\n<li>Res-q\u2122 zvi\u017edaljka<\/li>\n<li>RapidDitch suha torba<\/li>\n<\/ul>\n","protected":false},"excerpt":{"rendered":"<p>Spakirajte ResQLink View i ResQFlare komplet za pre\u017eivljavanje za svoju sljede\u0107u avanturu i iskusite neusporedivu sigurnost no\u0161enja 406 MHz signalne rakete za nu\u017edu u kombinaciji s iznimnom prakti\u010dno\u0161\u0107u ResQFlare.<\/p>\n<p><a href=\"https:\/\/www.dropbox.com\/s\/0ezw0kexbm120vv\/Prop%2065%20-%20Lead%20and%20Lead%20Compounds.pdf?dl=0\">UPOZORENJE: PROP 65<\/a><\/p>\n<p>&nbsp;<\/p>\n","protected":false},"featured_media":26155,"template":"","meta":{"_acf_changed":false,"om_disable_all_campaigns":false},"product_brand":[],"product_cat":[3307,3310,3083,3308,3305,3319],"product_tag":[7168,4650,3085,7162,7164],"class_list":{"0":"post-39990","1":"product","2":"type-product","3":"status-publish","4":"has-post-thumbnail","6":"product_cat-blizu-obale","7":"product_cat-komercijalni","8":"product_cat-marine-hr","9":"product_cat-off-shore-hr","10":"product_cat-unutrasnjost","11":"product_cat-veslacki-sportovi-ribolov","12":"product_tag-acr-osobni-lokator","13":"product_tag-odasiljac-lokatora-za-hitne-slucajeve","14":"product_tag-plb-hr","15":"product_tag-resq-hr","16":"product_tag-signalna-raketa-za-nuzdu","18":"first","19":"onbackorder","20":"taxable","21":"shipping-taxable","22":"purchasable","23":"product-type-simple"},"acf":[],"_links":{"self":[{"href":"https:\/\/acrartex-intl.dev.enterwell.space\/hr\/wp-json\/wp\/v2\/product\/39990","targetHints":{"allow":["GET"]}}],"collection":[{"href":"https:\/\/acrartex-intl.dev.enterwell.space\/hr\/wp-json\/wp\/v2\/product"}],"about":[{"href":"https:\/\/acrartex-intl.dev.enterwell.space\/hr\/wp-json\/wp\/v2\/types\/product"}],"wp:featuredmedia":[{"embeddable":true,"href":"https:\/\/acrartex-intl.dev.enterwell.space\/hr\/wp-json\/wp\/v2\/media\/26155"}],"wp:attachment":[{"href":"https:\/\/acrartex-intl.dev.enterwell.space\/hr\/wp-json\/wp\/v2\/media?parent=39990"}],"wp:term":[{"taxonomy":"product_brand","embeddable":true,"href":"https:\/\/acrartex-intl.dev.enterwell.space\/hr\/wp-json\/wp\/v2\/product_brand?post=39990"},{"taxonomy":"product_cat","embeddable":true,"href":"https:\/\/acrartex-intl.dev.enterwell.space\/hr\/wp-json\/wp\/v2\/product_cat?post=39990"},{"taxonomy":"product_tag","embeddable":true,"href":"https:\/\/acrartex-intl.dev.enterwell.space\/hr\/wp-json\/wp\/v2\/product_tag?post=39990"}],"curies":[{"name":"wp","href":"https:\/\/api.w.org\/{rel}","templated":true}]}}