{"id":40102,"date":"2021-06-21T15:30:55","date_gmt":"2021-06-21T20:30:55","guid":{"rendered":"https:\/\/acrartex-intl.dev.enterwell.space\/products\/bivy-stick\/"},"modified":"2021-06-21T15:30:55","modified_gmt":"2021-06-21T20:30:55","slug":"bivy-stick","status":"publish","type":"product","link":"https:\/\/acrartex-intl.dev.enterwell.space\/hr\/products\/bivy-stick\/","title":{"rendered":"Bivy stick"},"content":{"rendered":"<p>Koristite Bivy Stick da pretvorite svoj mobilni telefon u ure\u0111aj za satelitsku komunikaciju. Uz globalnu satelitsku pokrivenost putem Iridium satelitske mre\u017ee, gdje god imate pogled na nebo, mo\u017eete komunicirati putem Bivy Sticka. Iako je prikladno kompaktan, Bivy Stick i dalje nudi sveobuhvatan skup zna\u010dajki, uklju\u010duju\u0107i dvosmjerno slanje tekstualnih poruka, SOS, dijeljenje lokacije, prijavu jednim dodirom i detaljna izvje\u0161\u0107a o vremenu poslana izravno na va\u0161 mobilni telefon putem satelita. Uz to, nude\u0107i zna\u010dajku koja nije dostupna kod mnogih drugih satelitskih komunikatora, Bivy Stick korisnicima pru\u017ea namjenski telefonski broj i e-po\u0161tu. Ova va\u017ena zna\u010dajka omogu\u0107uje ne\u017eeljene dolazne poruke, \u0161to zna\u010di da vas oni koji su vam najva\u017eniji mogu kontaktirati u bilo kojem trenutku, bez potrebe da vi inicirate kontakt.    <\/p>\n<p>Vrijednost Bivy Sticka dodatno je pobolj\u0161ana klju\u010dnim dodacima kao \u0161to je veliki izbor dostupnih opcija monta\u017ee. Mnogi dostupni nosa\u010di omogu\u0107uju korisnicima da pri\u010dvrste Bivy Stick na bilo koje vozilo, ruksak ili strukturu i \u010dine ga idealnim ure\u0111ajem za avanturiste koji se kre\u0107u iz jedne aktivnosti u drugu. Dostupan prijenosni i lagani solarni panel tako\u0111er pru\u017ea ve\u0107u fleksibilnost kori\u0161tenja. S inteligentnom tehnologijom punjenja, solarni panel omogu\u0107uje korisnicima da u\u010dinkovito iskoriste solarnu energiju i prikladno produ\u017ee vijek trajanja baterije Bivy Sticka dok su izvan mre\u017ee.   <\/p>\n<p><b>Uloga Bivy aplikacije<\/b><\/p>\n<p>Bivy aplikacija ima vi\u0161e od 50.000 avantura spremnih za istra\u017eivanje. Bez obzira \u0161to volite raditi na otvorenom, s Bivy aplikacijom mo\u017eete prona\u0107i mjesto za to. S dvadeset razli\u010ditih vrsta avantura na dohvat ruke, Bivy aplikacija je svestran alat koji mo\u017ee olak\u0161ati sve va\u0161e avanturisti\u010dke potrebe. Bivy aplikacija vam tako\u0111er omogu\u0107uje da pratite sve svoje avanture. Pratite svoj tempo, kilometra\u017eu, nadmorsku visinu i jo\u0161 mnogo toga. Osim toga, dobijte pristup detaljnim izvanmre\u017enim kartama svugdje u svijetu. Uvijek znajte gdje ste, \u010dak i bez mobilne usluge.      <\/p>\n<p>Kao lider u proizvodima za spa\u0161avanje \u017eivota za profesionalnu i rekreacijsku upotrebu, ACR-ov Bivy Stick donosi sigurnost i bezbri\u017enost pristupa\u010dne i pouzdane satelitske komunikacije svima.<\/p>\n<p><b>Zna\u010dajke i prednosti:<\/b><\/p>\n<ul>\n<li>Nema naknade za aktivaciju i nije potreban godi\u0161nji ugovor (<a href=\"https:\/\/www.bivy.com\/data-plans\" data-cke-saved-href=\"https:\/\/www.bivy.com\/data-plans\">potrebna mjese\u010dna pretplata<\/a>)<\/li>\n<li>Globalna satelitska pokrivenost (Iridium)<\/li>\n<li><span style=\"font-family: Tahoma, sans-serif;\">Slanje i primanje poruka putem satelita<\/span><\/li>\n<li>Vremenske prognoze putem satelita<\/li>\n<li><span lang=\"ES\">SOS nadzor putem satelita (<a href=\"https:\/\/partner.globalrescue.com\/bivy\/\">Global Rescue<\/a>)<\/span><\/li>\n<li>Pra\u0107enje i dijeljenje lokacije putem satelita<\/li>\n<li>Prikaz karte i navigacija<\/li>\n<li>Izvanmre\u017ene karte<\/li>\n<li>Prijava jednim dodirom (dostupna izravno s ure\u0111aja i putem aplikacije)<\/li>\n<li>Tisu\u0107e mapiranih ruta za penjanje, planinarenje, biciklizam, veslanje, skijanje<\/li>\n<li>Slanje\/primanje poruka i razmjena lokacija s drugim korisnicima Bivy Sticka<\/li>\n<li>Ne\u017eeljene dolazne poruke<\/li>\n<li>Namjenski telefonski broj i e-po\u0161ta<\/li>\n<li>Osobni profil s tragovima i statistikama<\/li>\n<li>Dostupne su stotine nosa\u010da<\/li>\n<li>Mali i lagan<\/li>\n<\/ul>\n","protected":false},"excerpt":{"rendered":"<p>Sastavljen od Bivy Sticka i Bivy aplikacije, Bivy Platforma uparuje hardver i softver bogat zna\u010dajkama kako bi stvorila savr\u0161en spoj sigurnosti i prakti\u010dnosti. Idealan za avanture i aktivnosti izvan mre\u017ee svih oblika i veli\u010dina, koristite Bivy Platformu za planiranje svog iskustva, ostanite na pravom putu tijekom tog iskustva i ostanite u kontaktu sa svima koji su va\u017eni, a sve to znaju\u0107i da je pomo\u0107 uvijek dostupna jednostavnim pritiskom na gumb. <\/p>\n<p><a href=\"http:\/\/acrartex-intl.dev.enterwell.space\/survival-products-end-of-year\/\"><img loading=\"lazy\" decoding=\"async\" class=\"alignnone size-medium wp-image-25976\" src=\"http:\/\/acrartex-intl.dev.enterwell.space\/wp-content\/uploads\/2021\/03\/End-of-Year-EVENT-Button-W-BG-300x38.gif\" alt=\"\" width=\"300\" height=\"38\"><\/a><\/p>\n<p><a href=\"https:\/\/www.dropbox.com\/s\/0ezw0kexbm120vv\/Prop%2065%20-%20Lead%20and%20Lead%20Compounds.pdf?dl=0\">UPOZORENJE: PROP 65<\/a><\/p>\n<p>&nbsp;<\/p>\n","protected":false},"featured_media":22590,"template":"","meta":{"_acf_changed":false,"om_disable_all_campaigns":false},"product_brand":[],"product_cat":[3083,3084],"product_tag":[6988,6956,6959,6932,6938,6940,6983,6970,6952,6966,6944,6971,6977,6949,6982,7305,7307],"class_list":{"0":"post-40102","1":"product","2":"type-product","3":"status-publish","4":"has-post-thumbnail","6":"product_cat-marine-hr","7":"product_cat-vanjski","8":"product_tag-4601-hr","9":"product_tag-acr-bivy-hr","10":"product_tag-aplikacija-bivy","11":"product_tag-bivy-hr","12":"product_tag-bivy-stick-hr","13":"product_tag-bivy-stick-plavi","14":"product_tag-bivy-vs-plb-hr","15":"product_tag-bluetooth-hr","16":"product_tag-dvosmjerna-komunikacija","17":"product_tag-global-rescue-hr","18":"product_tag-iridium-hr","19":"product_tag-mini-hr","20":"product_tag-najmanji-satelitski-komunikator","21":"product_tag-pracenje","22":"product_tag-satelitsko-pracenje-gps","23":"product_tag-spot-hr","24":"product_tag-spot-x-hr","26":"first","27":"instock","28":"taxable","29":"shipping-taxable","30":"purchasable","31":"product-type-simple"},"acf":[],"_links":{"self":[{"href":"https:\/\/acrartex-intl.dev.enterwell.space\/hr\/wp-json\/wp\/v2\/product\/40102","targetHints":{"allow":["GET"]}}],"collection":[{"href":"https:\/\/acrartex-intl.dev.enterwell.space\/hr\/wp-json\/wp\/v2\/product"}],"about":[{"href":"https:\/\/acrartex-intl.dev.enterwell.space\/hr\/wp-json\/wp\/v2\/types\/product"}],"wp:featuredmedia":[{"embeddable":true,"href":"https:\/\/acrartex-intl.dev.enterwell.space\/hr\/wp-json\/wp\/v2\/media\/22590"}],"wp:attachment":[{"href":"https:\/\/acrartex-intl.dev.enterwell.space\/hr\/wp-json\/wp\/v2\/media?parent=40102"}],"wp:term":[{"taxonomy":"product_brand","embeddable":true,"href":"https:\/\/acrartex-intl.dev.enterwell.space\/hr\/wp-json\/wp\/v2\/product_brand?post=40102"},{"taxonomy":"product_cat","embeddable":true,"href":"https:\/\/acrartex-intl.dev.enterwell.space\/hr\/wp-json\/wp\/v2\/product_cat?post=40102"},{"taxonomy":"product_tag","embeddable":true,"href":"https:\/\/acrartex-intl.dev.enterwell.space\/hr\/wp-json\/wp\/v2\/product_tag?post=40102"}],"curies":[{"name":"wp","href":"https:\/\/api.w.org\/{rel}","templated":true}]}}