{"id":39641,"date":"2021-02-26T10:02:44","date_gmt":"2021-02-26T15:02:44","guid":{"rendered":"https:\/\/acrartex-intl.dev.enterwell.space\/termini-e-condizioni-e-politica-sulla-privacy\/"},"modified":"2025-04-04T08:23:57","modified_gmt":"2025-04-04T13:23:57","slug":"termini-e-condizioni-e-politica-sulla-privacy","status":"publish","type":"page","link":"https:\/\/acrartex-intl.dev.enterwell.space\/it\/termini-e-condizioni-e-politica-sulla-privacy\/","title":{"rendered":"Termini e condizioni e politica sulla privacy"},"content":{"rendered":"\n<h2 class=\"wp-block-heading\">TERMINI E CONDIZIONI &#8211; AVVISO LEGALE<\/h2>\n\n<p>ACR \/ Artex (ACR Electronics, Inc.) ha preso tutte le precauzioni ragionevoli per garantire che le informazioni su questo sito web fossero accurate al momento della loro inclusione iniziale. Tuttavia, non viene fornita alcuna garanzia, condizione o rappresentazione, esplicita o implicita, che le informazioni siano prive di errori, imprecisioni o omissioni. Inoltre, le informazioni potrebbero essere soggette a modifiche o aggiornamenti senza preavviso e non devono essere considerate come un impegno contrattuale o di altro tipo vincolante per ACR Electronics, Inc. o per qualsiasi sua societ\u00e0 controllata o associata.  <\/p>\n\n<p>Questo sito potrebbe fornire link a siti di terze parti per tua comodit\u00e0 e informazione. Se accedi a quei link, lascerai il sito di ACR \/ Artex. N\u00e9 ACR Electronics, Inc. n\u00e9 le sue filiali o societ\u00e0 associate controllano quei siti e non approvano direttamente o indirettamente alcuna informazione o fanno rappresentazioni su siti di terze parti o i proprietari, e ACR Electronics, Inc. non \u00e8 responsabile dell&#8217;accuratezza o affidabilit\u00e0 di qualsiasi opinione, consiglio o dichiarazione fatta attraverso il sito da qualsiasi parte diversa da ACR Electronics, Inc. o di qualsiasi contenuto fornito su siti collegati o delle capacit\u00e0 o affidabilit\u00e0 di qualsiasi prodotto o servizio ottenuto da un sito collegato.  <\/p>\n\n<p>Nessuna informazione contenuta in questo sito costituisce un invito a negoziare o investire in altro modo nelle azioni di ACR Electronics, Inc. In caso di discrepanza tra qualsiasi versione dei risultati annuali o semestrali che appaiono su questo sito web e la copia cartacea inviata agli azionisti, la copia cartacea deve essere considerata la versione corretta.<\/p>\n\n<p>Qualsiasi commento, recensione, storia, media o materiale inviato a ACR Electronics, Inc. o a qualsiasi delle sue filiali o societ\u00e0 associate attraverso questo sito, inclusi suggerimenti e risposte alle domande, sar\u00e0 considerato non confidenziale. ACR avr\u00e0 tutti i diritti su tali commenti e materiali e potr\u00e0 usarli come meglio crede. <\/p>\n\n<h2 class=\"wp-block-heading\">TERMINI E CONDIZIONI &#8211; COPYRIGHT<\/h2>\n\n<p>Il copyright, i marchi, i loghi e i marchi di servizio (&#8220;Marchi&#8221;) visualizzati sul sito web di ACR \/ Artex sono di propriet\u00e0 di ACR Electronics, Inc. e di altre parti. Gli utenti non possono utilizzare i Marchi per scopi diversi da quelli di questo sito senza l&#8217;autorizzazione scritta di ACR Electronics, Inc. o di terze parti che possono possedere i Marchi. Tutte le informazioni e i contenuti disponibili su o attraverso il sito web di ACR Electronics, Inc. (&#8220;Contenuti&#8221;) sono protetti da copyright. Gli utenti non possono modificare, copiare, distribuire, trasmettere, visualizzare, pubblicare, vendere, concedere in licenza, creare opere derivate o utilizzare qualsiasi Contenuto disponibile su o attraverso il sito di ACR Electronics, Inc. per scopi commerciali o pubblici.   <\/p>\n\n<h2 class=\"wp-block-heading\">TERMINI E CONDIZIONI &#8211; DISCLAIMER<\/h2>\n\n<p>Nonostante sia stata presa ogni ragionevole cura nella preparazione di questo sito, ACR Electronics, Inc. e le sue filiali o societ\u00e0 associate non accettano alcuna responsabilit\u00e0 in nessuna circostanza per qualsiasi perdita subita a seguito dell&#8217;affidamento su qualsiasi dichiarazione, errore o omissione qui contenuti, inclusi, senza limitazioni, danni diretti, indiretti o consequenziali derivanti dall&#8217;uso del sito web di ACR o di qualsiasi sito web a cui questo sito web \u00e8 collegato.<\/p>\n\n<p>Tutti i contenuti del sito di ACR Electronics, Inc. ti sono forniti &#8220;cos\u00ec come sono&#8221; senza garanzia di alcun tipo, espressa o implicita, incluse, ma non limitate a, le garanzie implicite di commerciabilit\u00e0 e idoneit\u00e0 per uno scopo particolare, titolo, non violazione, sicurezza o accuratezza.<\/p>\n\n<p>Le dichiarazioni all&#8217;interno di questo sito riflettono la nostra comprensione della legislazione attuale e proposta, che potrebbe cambiare senza preavviso.<\/p>\n\n<p>Il contenuto di questo sito non deve essere considerato come un consiglio specifico in relazione alle questioni affrontate.<\/p>\n\n<p>Nulla in questi termini e condizioni limita la nostra responsabilit\u00e0 per morte o lesioni personali risultanti dalla nostra negligenza.<\/p>\n\n<p>Questi termini e condizioni e qualsiasi controversia saranno regolati e interpretati in conformit\u00e0 con la legge e soggetti alla giurisdizione esclusiva dei tribunali degli Stati Uniti d&#8217;America.<\/p>\n\n<h2 class=\"wp-block-heading\">POLITICA SULLA PRIVACY &#8211; DICHIARAZIONE SULLA PRIVACY &#8211; PRODOTTI ACR \/ ARTEX<\/h2>\n\n<p>ACR Electronics, Inc. (&#8220;ACR&#8221;) che opera come ACR \/ Artex si impegna a proteggere la tua privacy e a sviluppare tecnologie che ti offrano l&#8217;esperienza online pi\u00f9 potente e sicura. Questa Dichiarazione sulla Privacy si applica al sito web che stai attualmente visualizzando (&#8220;il Sito&#8221;) e regola la raccolta e l&#8217;uso dei dati. Accedendo, navigando e\/o utilizzando il Sito, acconsenti alle pratiche relative ai dati descritte in questa Dichiarazione e accetti di rispettare tutte le leggi e i regolamenti applicabili.  <\/p>\n\n<h2 class=\"wp-block-heading\">POLITICA SULLA PRIVACY &#8211; USO DELLE TUE INFORMAZIONI PERSONALI<\/h2>\n\n<p>ACR Electronics, Inc. raccoglie e usa le tue informazioni personali per far funzionare il Sito e fornirti i servizi che hai richiesto. ACR Electronics, Inc. usa anche le tue informazioni identificative personali per informarti di altri prodotti o servizi disponibili da ACR Electronics, Inc. e\/o dai suoi affiliati. ACR Electronics, Inc. potrebbe anche contattarti tramite sondaggi per fare ricerche sulla tua opinione riguardo i servizi attuali o potenziali nuovi servizi che potrebbero essere offerti.  <\/p>\n\n<p>Le informazioni che riveli potrebbero anche essere divulgate senza il tuo consenso a aziende e individui impiegati per fornire servizi per conto di ACR Electronics, Inc., come rappresentanti del servizio clienti, aziende di marketing e di elaborazione delle carte di credito. Infine, le informazioni personali che ACR Electronics, Inc. ha raccolto potrebbero essere passate a terzi senza il tuo consenso in caso di trasferimento di propriet\u00e0 o beni o fallimento di ACR Electronics, Inc. <\/p>\n\n<p>ACR Electronics, Inc. non vende, affitta o cede le sue liste di clienti a terze parti. ACR Electronics, Inc. potrebbe, di tanto in tanto, contattarti per conto di partner commerciali esterni riguardo a un&#8217;offerta particolare che potrebbe interessarti. In questi casi, le tue informazioni personali identificative uniche (e-mail, nome, indirizzo, numero di telefono) non vengono trasferite a terzi. Inoltre, ACR Electronics, Inc. potrebbe condividere dati con partner fidati per aiutarci a effettuare analisi statistiche, inviarti e-mail o posta ordinaria o organizzare consegne.   <\/p>\n\n<p>ACR Electronics, Inc. non usa o divulga informazioni personali sensibili, come razza, religione o affiliazioni politiche, senza il tuo esplicito consenso.<\/p>\n\n<p>ACR Electronics, Inc. divulgher\u00e0 le tue informazioni personali, senza preavviso, se richiesto dalla legge o in buona fede ritiene che tale azione sia necessaria per: (a) conformarsi ai dettami della legge o rispettare il processo legale notificato a ACR Electronics, Inc. o al Sito; (b) proteggere e difendere i diritti o la propriet\u00e0 di ACR Electronics, Inc.; e (c) agire in circostanze urgenti per proteggere la sicurezza personale degli utenti di ACR Electronics, Inc. o del pubblico.     <\/p>\n\n<h2 class=\"wp-block-heading\">POLITICA SULLA PRIVACY &#8211; USO DEI COOKIE<\/h2>\n\n<p>Il Sito usa i &#8220;cookie&#8221; per aiutarti a personalizzare la tua esperienza online. Un cookie \u00e8 un file di testo che viene posizionato sul tuo disco rigido da un server web. I cookie non possono essere usati per eseguire programmi o diffondere virus nel tuo computer. I cookie sono assegnati in modo univoco a te e possono essere letti solo da un server web nel dominio che ti ha emesso il cookie.   <\/p>\n\n<p>Uno degli scopi principali dei cookie \u00e8 fornire una funzione di comodit\u00e0 per farti risparmiare tempo. Lo scopo di un cookie \u00e8 dire al server web che sei tornato a una pagina specifica. Questo semplifica il processo di registrazione delle tue informazioni personali, come indirizzi di fatturazione, indirizzi di spedizione e cos\u00ec via. Quando torni allo stesso Sito, le informazioni che hai fornito in precedenza possono essere recuperate, cos\u00ec puoi usare facilmente le funzionalit\u00e0 di ACR Electronics, Inc. che hai personalizzato.   <\/p>\n\n<p>Hai la possibilit\u00e0 di accettare o rifiutare i cookie. La maggior parte dei browser web accetta automaticamente i cookie, ma di solito puoi modificare le impostazioni del tuo browser per rifiutare i cookie se preferisci. Se scegli di rifiutare i cookie, potresti non essere in grado di sperimentare appieno le funzionalit\u00e0 interattive del Sito.  <\/p>\n\n<h2 class=\"wp-block-heading\">POLITICA SULLA PRIVACY &#8211; DISCLAIMER<\/h2>\n\n<p>ACR Electronics, Inc. non pu\u00f2 garantire che tutte le tue comunicazioni private e altre informazioni personali non saranno mai divulgate in modi non altrimenti descritti in questa Dichiarazione. Come utente di questo Sito, capisci e accetti che ti assumi tutta la responsabilit\u00e0 e il rischio per il tuo uso del Sito, di internet in generale, e dei documenti che pubblichi o accedi e per la tua condotta sul e fuori dal Sito. Per ulteriori informazioni, consulta i Termini e Condizioni Generali d&#8217;Uso di ACR Electronics, Inc., che sono incorporati qui per riferimento.   <\/p>\n\n<h2 class=\"wp-block-heading\">POLITICA SULLA PRIVACY &#8211; MODIFICHE A QUESTA DICHIARAZIONE<\/h2>\n\n<p>ACR Electronics, Inc. pu\u00f2, a sua discrezione, apportare modifiche a questa Dichiarazione. Quando ACR Electronics, Inc. apporta modifiche alla Dichiarazione, ti avviser\u00e0 pubblicando la Dichiarazione rivista sul Sito. ACR Electronics, Inc. ti incoraggia a rivedere periodicamente questa Dichiarazione per essere informato su come ACR Electronics, Inc. sta proteggendo le tue informazioni.  <\/p>\n\n<h2 class=\"wp-block-heading\">POLITICA SULLA PRIVACY &#8211; INFORMAZIONI DI CONTATTO<\/h2>\n\n<p>ACR Electronics, Inc. accoglie con piacere i tuoi commenti riguardo questa Dichiarazione. Se credi che non abbiamo aderito a questa Dichiarazione, per favore mandaci un&#8217;email tramite il modulo di contatto sul Sito. <\/p>\n\n<p>\u00a9 Copyright 2020 ACR Electronics, Inc.<br\/>Tutti i diritti riservati in tutto il mondo.<\/p>\n\n<h2 class=\"wp-block-heading\">POLITICA SULLA PRIVACY &#8211; RACCOLTA DELLE TUE INFORMAZIONI PERSONALI<\/h2>\n\n<p>ACR Electronics, Inc. raccoglie informazioni personali identificabili, tipo il tuo indirizzo e-mail, nome, indirizzo di casa o lavoro o numero di telefono. ACR Electronics, Inc. raccoglie anche informazioni demografiche anonime, che non sono uniche per te, come il tuo CAP, et\u00e0, sesso, preferenze, interessi e cose preferite. <\/p>\n\n<p>Ci sono anche informazioni sul tuo computer e software che vengono raccolte automaticamente da ACR Electronics, Inc.. Queste informazioni possono includere: il tuo indirizzo IP, tipo di browser, nomi di dominio, orari di accesso e indirizzi dei siti web di riferimento. Queste informazioni sono generalmente usate da ACR Electronics, Inc. per il funzionamento dei servizi che fornisce, per mantenere la qualit\u00e0 di tali servizi e per compilare statistiche generali sull&#8217;uso del Sito.  <\/p>\n\n<p>Tieni presente che se riveli informazioni personali identificabili o dati personali sensibili attraverso bacheche pubbliche disponibili sul Sito, queste informazioni potrebbero essere raccolte e usate da altri.<\/p>\n\n<p>ACR Electronics, Inc. ti incoraggia a rivedere le dichiarazioni sulla privacy dei siti web che scegli di collegare dal Sito in modo da capire come quei siti web raccolgono, usano e condividono le tue informazioni. Cobham Beacon Solutions non \u00e8 responsabile delle dichiarazioni sulla privacy o di altri contenuti su tali siti web. <\/p>\n\n<p>Usiamo SessionCam sul nostro sito web per aiutarci a capire il comportamento dei visitatori del nostro sito. SessionCam raccoglier\u00e0 informazioni come i dettagli dei movimenti del mouse, lo scorrimento della pagina e l&#8217;attivit\u00e0 di clic dei singoli visitatori. SessionCam potrebbe anche registrare i dati inseriti nei moduli del nostro sito web. Usiamo i dati raccolti da SessionCam per identificare dove i visitatori hanno pi\u00f9 difficolt\u00e0 in modo da poter migliorare queste aree del nostro sito web.   <\/p>\n","protected":false},"excerpt":{"rendered":"<p>TERMINI E CONDIZIONI &#8211; AVVISO LEGALE ACR \/ Artex (ACR Electronics, Inc.) ha preso tutte le precauzioni ragionevoli per garantire che le informazioni su questo sito web fossero accurate al momento della loro inclusione iniziale. Tuttavia, non viene fornita alcuna garanzia, condizione o rappresentazione, esplicita o implicita, che le informazioni siano prive di errori, imprecisioni [&hellip;]<\/p>\n","protected":false},"author":2,"featured_media":0,"parent":0,"menu_order":0,"comment_status":"closed","ping_status":"closed","template":"","meta":{"_acf_changed":false,"om_disable_all_campaigns":false,"footnotes":""},"class_list":["post-39641","page","type-page","status-publish","hentry"],"acf":[],"_links":{"self":[{"href":"https:\/\/acrartex-intl.dev.enterwell.space\/it\/wp-json\/wp\/v2\/pages\/39641","targetHints":{"allow":["GET"]}}],"collection":[{"href":"https:\/\/acrartex-intl.dev.enterwell.space\/it\/wp-json\/wp\/v2\/pages"}],"about":[{"href":"https:\/\/acrartex-intl.dev.enterwell.space\/it\/wp-json\/wp\/v2\/types\/page"}],"author":[{"embeddable":true,"href":"https:\/\/acrartex-intl.dev.enterwell.space\/it\/wp-json\/wp\/v2\/users\/2"}],"replies":[{"embeddable":true,"href":"https:\/\/acrartex-intl.dev.enterwell.space\/it\/wp-json\/wp\/v2\/comments?post=39641"}],"version-history":[{"count":1,"href":"https:\/\/acrartex-intl.dev.enterwell.space\/it\/wp-json\/wp\/v2\/pages\/39641\/revisions"}],"predecessor-version":[{"id":39642,"href":"https:\/\/acrartex-intl.dev.enterwell.space\/it\/wp-json\/wp\/v2\/pages\/39641\/revisions\/39642"}],"wp:attachment":[{"href":"https:\/\/acrartex-intl.dev.enterwell.space\/it\/wp-json\/wp\/v2\/media?parent=39641"}],"curies":[{"name":"wp","href":"https:\/\/api.w.org\/{rel}","templated":true}]}}