{"id":37647,"date":"2021-03-16T08:12:57","date_gmt":"2021-03-16T13:12:57","guid":{"rendered":"https:\/\/acrartex-intl.dev.enterwell.space\/products\/supporto-epirb-sea-shelter-4-cat-i\/"},"modified":"2021-03-16T08:12:57","modified_gmt":"2021-03-16T13:12:57","slug":"supporto-epirb-sea-shelter-4-cat-i","status":"publish","type":"product","link":"https:\/\/acrartex-intl.dev.enterwell.space\/it\/products\/supporto-epirb-sea-shelter-4-cat-i\/","title":{"rendered":"Supporto EPIRB Sea Shelter \u2122 4 Cat I"},"content":{"rendered":"<ul>\n<li>Innovativo meccanismo di rilascio idrostatico a cambio rapido<\/li>\n<li>Il montaggio unidirezionale elimina la possibilit\u00e0 di installare EPIRB al contrario<\/li>\n<li>Il magnete di disattivazione integrale impedisce EPIRB di trasmettere fino a quando non viene attivato<\/li>\n<li>Attiva EPIRB quando immerso in acqua a una profondit\u00e0 compresa tra 4,9 e 13,1 piedi (1,5 e 4 m) Si adatta solo agli EPIRB GlobalFix \u2122 V4 (modello RLB-41)<\/li>\n<\/ul>\n","protected":false},"excerpt":{"rendered":"<p>Le condizioni difficili non hanno scampo contro Sea Shelter \u2122 4 Cat I. Questa staffa EPIRB \u00e8 completamente chiusa, il che fornisce protezione anche durante le tue avventure pi\u00f9 selvagge. Se la tua imbarcazione inizia a imbarcare acqua, Sea Shelter attiver\u00e0 automaticamente il tuo EPIRB e invier\u00e0 un segnale a una rete mondiale di satelliti di ricerca e soccorso. Questa staffa si adatta solo agli EPIRB GlobalFix \u2122 V4.  <\/p>\n<p>&nbsp;<\/p>\n<p><span style=\"color:#e74c3c\">CODICE: <strong>SHIPFREE20<\/strong> Spedizione via terra gratuita per ordini superiori a 30 $ USA. Esclusi HI e AK <\/span><\/p>\n<p>&nbsp;<\/p>\n","protected":false},"featured_media":12206,"template":"","meta":{"_acf_changed":false,"om_disable_all_campaigns":false},"product_brand":[],"product_cat":[3483,3488,3054,3473,3477],"product_tag":[3934,3941,3958,3930,3970,3953,3973,3601,3976,3597,3979,3963,3966],"class_list":{"0":"post-37647","1":"product","2":"type-product","3":"status-publish","4":"has-post-thumbnail","6":"product_cat-al-largo","7":"product_cat-commerciale","8":"product_cat-marino","9":"product_cat-nellentroterra","10":"product_cat-vicino-alla-riva","11":"product_tag-acro","12":"product_tag-artex-it","13":"product_tag-categoria-1","14":"product_tag-epirb-it","15":"product_tag-gatto-1","16":"product_tag-il-sea-shelter","17":"product_tag-mare","18":"product_tag-parentesi","19":"product_tag-riparo-marino","20":"product_tag-rlb-41-it","21":"product_tag-staffa-di-distribuzione-automatica","22":"product_tag-staffa-epirb","23":"product_tag-supporto-epirb-cat-i","24":"pa_boat-size-0-20-it","25":"pa_boat-size-21-40-it","26":"pa_boat-size-40-80-it","27":"pa_boat-size-80-it","28":"pa_boat-type-artigianato-sportivo","29":"pa_boat-type-barca-a-vela","30":"pa_boat-type-motoscafo","31":"pa_boat-type-nave-da-carico","32":"pa_boat-type-noleggio-yacht","33":"pa_boat-type-pesca-commerciale","34":"pa_boat-type-rimorchiatore","35":"pa_boat-type-yacht-it","36":"pa_product-accessori-di-sicurezza","37":"pa_product-bacon-di-salvataggio-vhf-sart","38":"pa_product-rescue-beacons-it","40":"first","41":"instock","42":"taxable","43":"shipping-taxable","44":"purchasable","45":"product-type-simple"},"acf":[],"_links":{"self":[{"href":"https:\/\/acrartex-intl.dev.enterwell.space\/it\/wp-json\/wp\/v2\/product\/37647","targetHints":{"allow":["GET"]}}],"collection":[{"href":"https:\/\/acrartex-intl.dev.enterwell.space\/it\/wp-json\/wp\/v2\/product"}],"about":[{"href":"https:\/\/acrartex-intl.dev.enterwell.space\/it\/wp-json\/wp\/v2\/types\/product"}],"wp:featuredmedia":[{"embeddable":true,"href":"https:\/\/acrartex-intl.dev.enterwell.space\/it\/wp-json\/wp\/v2\/media\/12206"}],"wp:attachment":[{"href":"https:\/\/acrartex-intl.dev.enterwell.space\/it\/wp-json\/wp\/v2\/media?parent=37647"}],"wp:term":[{"taxonomy":"product_brand","embeddable":true,"href":"https:\/\/acrartex-intl.dev.enterwell.space\/it\/wp-json\/wp\/v2\/product_brand?post=37647"},{"taxonomy":"product_cat","embeddable":true,"href":"https:\/\/acrartex-intl.dev.enterwell.space\/it\/wp-json\/wp\/v2\/product_cat?post=37647"},{"taxonomy":"product_tag","embeddable":true,"href":"https:\/\/acrartex-intl.dev.enterwell.space\/it\/wp-json\/wp\/v2\/product_tag?post=37647"}],"curies":[{"name":"wp","href":"https:\/\/api.w.org\/{rel}","templated":true}]}}