{"id":37705,"date":"2021-03-16T08:16:33","date_gmt":"2021-03-16T13:16:33","guid":{"rendered":"https:\/\/acrartex-intl.dev.enterwell.space\/products\/c-light\/"},"modified":"2021-03-16T08:16:33","modified_gmt":"2021-03-16T13:16:33","slug":"c-light","status":"publish","type":"product","link":"https:\/\/acrartex-intl.dev.enterwell.space\/it\/products\/c-light\/","title":{"rendered":"C-Light \u2122"},"content":{"rendered":"<p>Il design sottile, leggero e versatile si adatta facilmente a una tasca o si appende discretamente quando \u00e8 attaccato a un giubbotto di salvataggio o a uno zaino. Gli anelli di ancoraggio flessibili sul lato del prodotto consentono molteplici opzioni di montaggio, tra cui la fettuccia sullo zaino o le cinghie del giubbotto di salvataggio. La cinghia in Velcro <sup>\u00ae<\/sup> pu\u00f2 essere fissata attorno agli anelli di ancoraggio e crea innumerevoli possibilit\u00e0 di montaggio aggiuntive. La luce \u00e8 inoltre dotata di una clip progettata per scivolare comodamente sul tubo di gonfiaggio orale del giubbotto di salvataggio gonfiabile per riporre la luce all&#8217;interno del giubbotto di salvataggio.   <\/p>\n<p>Disponibile anche nel modello attivato dall&#8217;acqua<\/p>\n<p><strong>Caratteristiche:<\/strong><\/p>\n<ul>\n<li>Per assistenza nella localizzazione in caso di emergenze in condizioni di scarsa illuminazione<\/li>\n<li>LED bianco da 20 lumen estremamente luminoso<\/li>\n<li>Lunga durata di funzionamento continua superiore a 30 ore<\/li>\n<li>Impermeabile \u2013 Testato per 24 ore a 3,3 piedi (1 m)<\/li>\n<li>Facile attivazione On\/Off tramite rotazione<\/li>\n<li>Custodia resistente agli urti<\/li>\n<li>Utilizza due batterie &#8220;AA&#8221; da 1,5 V (non incluse)<\/li>\n<li>Approvato USCG\/SOLAS<\/li>\n<li>Ideale per giubbotti di salvataggio, campeggio, bici, auto, ecc.<\/li>\n<li>Cinghia in Velcro\u00ae inclusa (con versione cardata) utilizzata insieme agli anelli di ancoraggio integrati per flessibilit\u00e0 di montaggio<\/li>\n<li>Clip PFD inclusa (con versione cardata) per un facile fissaggio al tubo di gonfiaggio orale<\/li>\n<\/ul>\n","protected":false},"excerpt":{"rendered":"<p>La LED C-Light \u00e8 una luce di soccorso personale ad accensione manuale e fissa con una durata operativa notevolmente migliorata. Questa luce impermeabile \u00e8 piccola ma robusta e ha un LED da 20 lumen che in genere funziona per 30 ore consecutive. La C-Light \u00e8 stata approvata da USCG\/SOLAS e si attiva manualmente con una semplice attivazione a rotazione, rendendola una luce ideale per tutti gli amanti dell&#8217;outdoor.  <\/p>\n<p>&nbsp;<\/p>\n<p style=\"margin-left: 0in; margin-right: 0in;\"><span style=\"font-size: 11pt;\"><span style=\"font-family: Calibri,sans-serif;\"><a style=\"color: blue; text-decoration: underline;\" href=\"https:\/\/www.dropbox.com\/s\/8343nj28z0d7bxa\/Prop%2065%20-%20BPA.pdf?dl=0\"><span style=\"color: #000000;\">ATTENZIONE: PROP 65<\/span><\/a><\/span><\/span><\/p>\n<p style=\"margin-left: 0in; margin-right: 0in;\">\n<p style=\"margin-left: 0in; margin-right: 0in;\"><span style=\"color: #e74c3c;\">CODICE: <strong>SHIPFREE20<\/strong> Spedizione via terra gratuita per ordini superiori a 30 $ USA. Esclusi HI e AK <\/span><\/p>\n<p style=\"margin-left: 0in; margin-right: 0in;\">\n","protected":false},"featured_media":12274,"template":"","meta":{"_acf_changed":false,"om_disable_all_campaigns":false},"product_brand":[],"product_cat":[3483,3055,3500,3488,3492,3054,3473,3505,3496,3477],"product_tag":[4895,4890,4906,4892,4903,4898,4896,4904,4901],"class_list":{"0":"post-37705","1":"product","2":"type-product","3":"status-publish","4":"has-post-thumbnail","6":"product_cat-al-largo","7":"product_cat-allaperto","8":"product_cat-attrezzatura-da-viaggio","9":"product_cat-commerciale","10":"product_cat-escursionismo-arrampicata-campeggio","11":"product_cat-marino","12":"product_cat-nellentroterra","13":"product_cat-sport-con-pagaia-pesca","14":"product_cat-sport-dazione-fuoristrada","15":"product_cat-vicino-alla-riva","16":"product_tag-c-luce-it","17":"product_tag-c-luce","18":"product_tag-leggero","19":"product_tag-luce-acr-c","20":"product_tag-luce-led-acr","21":"product_tag-luce-led-acr-c","22":"product_tag-luce-led-di-emergenza","23":"product_tag-luce-pfd","24":"product_tag-luci-di-soccorso","25":"pa_activity-arrampicata","26":"pa_activity-bici","27":"pa_activity-campeggio","28":"pa_activity-escursionismo","29":"pa_activity-fuoristrada-4x4","30":"pa_activity-motoslitta","31":"pa_activity-pesca","32":"pa_activity-sci-snowboard","33":"pa_activity-sci-di-fondo","34":"pa_activity-sport-con-pagaia","35":"pa_boat-size-0-20-it","36":"pa_boat-size-21-40-it","37":"pa_boat-size-40-80-it","38":"pa_boat-size-80-it","39":"pa_boat-type-artigianato-sportivo","40":"pa_boat-type-barca-a-vela","41":"pa_boat-type-motoscafo","42":"pa_boat-type-nave-da-carico","43":"pa_boat-type-noleggio-yacht","44":"pa_boat-type-pesca-commerciale","45":"pa_boat-type-rimorchiatore","46":"pa_boat-type-yacht-it","47":"pa_product-accessori-di-sicurezza","48":"pa_product-luci-di-salvataggio","49":"pa_product-prodotti-di-segnalazione","50":"pa_terrain-collina-e-montagna","51":"pa_terrain-fiumi-zone-umide-laghi","52":"pa_terrain-foresta-e-giungla","53":"pa_terrain-tundra-it","55":"first","56":"instock","57":"taxable","58":"shipping-taxable","59":"purchasable","60":"product-type-simple"},"acf":[],"_links":{"self":[{"href":"https:\/\/acrartex-intl.dev.enterwell.space\/it\/wp-json\/wp\/v2\/product\/37705","targetHints":{"allow":["GET"]}}],"collection":[{"href":"https:\/\/acrartex-intl.dev.enterwell.space\/it\/wp-json\/wp\/v2\/product"}],"about":[{"href":"https:\/\/acrartex-intl.dev.enterwell.space\/it\/wp-json\/wp\/v2\/types\/product"}],"wp:featuredmedia":[{"embeddable":true,"href":"https:\/\/acrartex-intl.dev.enterwell.space\/it\/wp-json\/wp\/v2\/media\/12274"}],"wp:attachment":[{"href":"https:\/\/acrartex-intl.dev.enterwell.space\/it\/wp-json\/wp\/v2\/media?parent=37705"}],"wp:term":[{"taxonomy":"product_brand","embeddable":true,"href":"https:\/\/acrartex-intl.dev.enterwell.space\/it\/wp-json\/wp\/v2\/product_brand?post=37705"},{"taxonomy":"product_cat","embeddable":true,"href":"https:\/\/acrartex-intl.dev.enterwell.space\/it\/wp-json\/wp\/v2\/product_cat?post=37705"},{"taxonomy":"product_tag","embeddable":true,"href":"https:\/\/acrartex-intl.dev.enterwell.space\/it\/wp-json\/wp\/v2\/product_tag?post=37705"}],"curies":[{"name":"wp","href":"https:\/\/api.w.org\/{rel}","templated":true}]}}