{"id":37719,"date":"2021-03-16T08:16:22","date_gmt":"2021-03-16T13:16:22","guid":{"rendered":"https:\/\/acrartex-intl.dev.enterwell.space\/products\/ms-2000m2-insetto-dacqua\/"},"modified":"2021-03-16T08:16:22","modified_gmt":"2021-03-16T13:16:22","slug":"ms-2000m2-insetto-dacqua","status":"publish","type":"product","link":"https:\/\/acrartex-intl.dev.enterwell.space\/it\/products\/ms-2000m2-insetto-dacqua\/","title":{"rendered":"MS-2000(M2) Insetto d&#8217;acqua"},"content":{"rendered":"<p>Analogamente ai nostri affidabili e apprezzati SDU-5E e MS-2000(M), l&#8217;MS-2000(M2) \u00e8 progettato per soddisfare o superare le specifiche militari, tra cui MIL-L-38217D e CID AA-59176, e presenta numerose funzionalit\u00e0 salvavita migliorate per soddisfare le esigenze di molteplici missioni.<\/p>\n<ul>\n<li>La nuova funzione di vibrazione ti avvisa dell&#8217;attivazione e dei cambiamenti di modalit\u00e0 in modo nascosto quando utilizzi lo scudo IR<\/li>\n<li>I sensori di attivazione dell&#8217;acqua attivano automaticamente la luce quando sono armati<\/li>\n<li>4 modalit\u00e0 di attivazione tra cui scegliere: Armato, Strobo, SOS o Fisso<\/li>\n<li>Soddisfa i requisiti pi\u00f9 aggiornati dell&#8217;esercito e si adatta praticamente a qualsiasi applicazione<\/li>\n<li>Il nuovo fermo in acciaio intrecciato mantiene attaccato il coperchio della batteria<\/li>\n<li>Rivestimento conforme in silicone sui componenti elettronici protegge dall&#8217;umidit\u00e0<\/li>\n<li>Il filtro blu direzionale allerta le forze amiche, distingue lo stroboscopio dal fuoco a terra<\/li>\n<li>Fino a 56 ore di funzionamento con 2 batterie alcaline AA standard (utilizzare batterie al litio per ambienti estremamente freddi o per una conservazione a lungo termine)<\/li>\n<li>Filtro a infrarossi (IR) attaccato per la visione con occhiali per la visione notturna (NVG) con rivestimento in feltro per evitare perdite di luce evidenti<\/li>\n<li>Tecnologia LED all&#8217;avanguardia<\/li>\n<li>Gli indicatori di polarit\u00e0 rialzati consentono il corretto posizionamento della batteria<\/li>\n<\/ul>\n","protected":false},"excerpt":{"rendered":"<p>Quando si tratta di salvare vite, niente di meno del meglio \u00e8 un&#8217;opzione. Dall&#8217;introduzione dell&#8217;originale MS-2000, \u00e8 diventata la principale luce di ricerca e soccorso in combattimento (C-SAR) trasportata dalle forze militari d&#8217;\u00e9lite in tutto il mondo. Questa luce di segnalazione stroboscopica \u00e8 dotata della pi\u00f9 recente tecnologia LED e soddisfa i requisiti pi\u00f9 aggiornati dell&#8217;esercito. La sua funzione di vibrazione ti avvisa dell&#8217;attivazione e dei cambiamenti di modalit\u00e0 quando usi lo scudo IR e i suoi sensori di attivazione dell&#8217;acqua accendono automaticamente la luce quando entra in contatto con acqua dolce o salata. Con 4 modalit\u00e0 di attivazione tra cui scegliere: Armata, Strobo, SOS o Fissa, sarai pronto a far brillare la tua luce in quasi tutte le situazioni.    <\/p>\n","protected":false},"featured_media":12272,"template":"","meta":{"_acf_changed":false,"om_disable_all_campaigns":false},"product_brand":[],"product_cat":[3470],"product_tag":[5115,5117,5113,4906,5112,5109,5105,5108],"class_list":{"0":"post-37719","1":"product","2":"type-product","3":"status-publish","4":"has-post-thumbnail","6":"product_cat-militare","7":"product_tag-3991-it","8":"product_tag-3991-2-it","9":"product_tag-insetto-dacqua","10":"product_tag-leggero","11":"product_tag-luce-del-mercato","12":"product_tag-luce-di-segnalazione-stroboscopica-waterbug","13":"product_tag-ms2000-it","14":"product_tag-stroboscopio","16":"first","17":"instock","18":"taxable","19":"shipping-taxable","20":"product-type-simple"},"acf":[],"_links":{"self":[{"href":"https:\/\/acrartex-intl.dev.enterwell.space\/it\/wp-json\/wp\/v2\/product\/37719","targetHints":{"allow":["GET"]}}],"collection":[{"href":"https:\/\/acrartex-intl.dev.enterwell.space\/it\/wp-json\/wp\/v2\/product"}],"about":[{"href":"https:\/\/acrartex-intl.dev.enterwell.space\/it\/wp-json\/wp\/v2\/types\/product"}],"wp:featuredmedia":[{"embeddable":true,"href":"https:\/\/acrartex-intl.dev.enterwell.space\/it\/wp-json\/wp\/v2\/media\/12272"}],"wp:attachment":[{"href":"https:\/\/acrartex-intl.dev.enterwell.space\/it\/wp-json\/wp\/v2\/media?parent=37719"}],"wp:term":[{"taxonomy":"product_brand","embeddable":true,"href":"https:\/\/acrartex-intl.dev.enterwell.space\/it\/wp-json\/wp\/v2\/product_brand?post=37719"},{"taxonomy":"product_cat","embeddable":true,"href":"https:\/\/acrartex-intl.dev.enterwell.space\/it\/wp-json\/wp\/v2\/product_cat?post=37719"},{"taxonomy":"product_tag","embeddable":true,"href":"https:\/\/acrartex-intl.dev.enterwell.space\/it\/wp-json\/wp\/v2\/product_tag?post=37719"}],"curies":[{"name":"wp","href":"https:\/\/api.w.org\/{rel}","templated":true}]}}