{"id":37758,"date":"2021-03-16T08:17:13","date_gmt":"2021-03-16T13:17:13","guid":{"rendered":"https:\/\/acrartex-intl.dev.enterwell.space\/products\/c-strobe-h20\/"},"modified":"2021-03-16T08:17:13","modified_gmt":"2021-03-16T13:17:13","slug":"c-strobe-h20","status":"publish","type":"product","link":"https:\/\/acrartex-intl.dev.enterwell.space\/it\/products\/c-strobe-h20\/","title":{"rendered":"C-Strobe\u2122 H20"},"content":{"rendered":"<p>Con 3 modalit\u00e0 di funzionamento (strobo, fisso, SOS), la C-Strobe H2O \u00e8 dotata di un LED da 45 lumen che funziona in genere per 120 ore consecutive in modalit\u00e0 strobo.&nbsp;  Il modello C-Strobe H2O include due metodi di attivazione: la luce pu\u00f2 essere facilmente attivata con una semplice pressione del pulsante On\/Off oppure, quando \u00e8 in posizione armata, pu\u00f2 essere attivata automaticamente quando immersa in acqua, il che la rende una luce ideale per tutti gli amanti dell&#8217;aria aperta.<\/p>\n<p>&nbsp;<\/p>\n<p>Il design sottile, leggero e versatile si adatta facilmente a una tasca o si appende discretamente quando \u00e8 attaccato a un giubbotto di salvataggio o a uno zaino. Gli anelli di ancoraggio flessibili sul lato del prodotto consentono molteplici opzioni di montaggio, tra cui la fettuccia sullo zaino o le cinghie del giubbotto di salvataggio. La cinghia in Velcro <sup>\u00ae<\/sup> pu\u00f2 essere fissata attorno agli anelli di ancoraggio e crea innumerevoli possibilit\u00e0 di montaggio aggiuntive. La luce \u00e8 inoltre dotata di una clip progettata per scivolare comodamente sul tubo di gonfiaggio orale del giubbotto di salvataggio gonfiabile per riporre la luce all&#8217;interno del giubbotto di salvataggio.<\/p>\n<p>&nbsp;<\/p>\n<p>Disponibile anche nel modello ad attivazione manuale<\/p>\n<p>&nbsp;<\/p>\n<p><strong>Caratteristiche:<\/strong><\/p>\n<ul>\n<li>Per assistenza nella localizzazione in caso di emergenze in condizioni di scarsa illuminazione<\/li>\n<li>3 modalit\u00e0: strobo, fisso e SOS<\/li>\n<li>LED bianco da 45 lumen estremamente luminoso<\/li>\n<li>Lunga durata di funzionamento continua superiore a 120 ore (modalit\u00e0 stroboscopica)<\/li>\n<li>Impermeabile \u2013 Testato per 24 ore a 3,3 piedi (1 m)<\/li>\n<\/ul>\n<ul>\n<li>Sensori di attivazione dell&#8217;acqua &#8211; Attivazione automatica a contatto con l&#8217;acqua<\/li>\n<\/ul>\n<ul>\n<li>Custodia resistente agli urti<\/li>\n<li>Utilizza due batterie &#8220;AA&#8221; da 1,5 V (non incluse)<\/li>\n<li>Approvato USCG\/SOLAS<\/li>\n<li>Ideale per giubbotti di salvataggio, campeggio, bici, auto, ecc.<\/li>\n<li>Cinghia in Velcro\u00ae inclusa (con versione cardata) utilizzata insieme agli anelli di ancoraggio integrati per flessibilit\u00e0 di montaggio<\/li>\n<li>Clip PFD inclusa (con versione cardata) per un facile fissaggio al tubo di gonfiaggio orale<\/li>\n<\/ul>\n","protected":false},"excerpt":{"rendered":"<p>Il design sottile, leggero e versatile della C-Strobe\u2122 H2O pu\u00f2 essere facilmente riposto in una tasca o appeso discretamente quando \u00e8 attaccato a un giubbotto di salvataggio o a uno zaino. Gli anelli di fissaggio flessibili sul lato del prodotto consentono molteplici opzioni di montaggio, tra cui la fettuccia dello zaino o le cinghie del giubbotto di salvataggio. La C-Strobe H2O \u00e8 inoltre dotata di una clip progettata per scivolare comodamente sul tubo di gonfiaggio orale del giubbotto di salvataggio gonfiabile, in modo da poter riporre la luce all&#8217;interno del giubbotto di salvataggio. Con 3 modalit\u00e0 di funzionamento (strobo, acceso fisso, SOS), la C-Strobe H2O vanta un LED da 45 lumen che in genere funziona per 120 ore consecutive in modalit\u00e0 strobo. La luce pu\u00f2 essere facilmente attivata con una semplice pressione del pulsante di accensione\/spegnimento o quando \u00e8 in posizione armata. Pu\u00f2 anche essere attivata automaticamente quando immersa in acqua, rendendo questa luce stroboscopica una luce ideale per tutti gli amanti dell&#8217;aria aperta. Inoltre, la C-Strobe \u00e8 omologata USCG\/SOLAS ed \u00e8 dotata di una custodia resistente agli urti, che la rende una luce affidabile e multiuso ogni volta che \u00e8 necessaria un&#8217;illuminazione di emergenza efficiente.      <\/p>\n<p>&nbsp;<\/p>\n<p><a href=\"https:\/\/www.dropbox.com\/s\/8343nj28z0d7bxa\/Prop%2065%20-%20BPA.pdf?dl=0\">ATTENZIONE: PROP 65<\/a><\/p>\n<p>&nbsp;<\/p>\n<p><span style=\"color:#e74c3c\">CODICE: <strong>SHIPFREE20<\/strong> Spedizione via terra gratuita per ordini superiori a 30 $ USA. Esclusi HI e AK <\/span><\/p>\n<p>&nbsp;<\/p>\n<p>&nbsp;<\/p>\n","protected":false},"featured_media":12284,"template":"","meta":{"_acf_changed":false,"om_disable_all_campaigns":false},"product_brand":[],"product_cat":[3483,3055,3500,3488,3492,3054,3473,3505,3496,3477],"product_tag":[5548,5546,5554,5552,5544,5536,5540,5543,5538,5550],"class_list":{"0":"post-37758","1":"product","2":"type-product","3":"status-publish","4":"has-post-thumbnail","6":"product_cat-al-largo","7":"product_cat-allaperto","8":"product_cat-attrezzatura-da-viaggio","9":"product_cat-commerciale","10":"product_cat-escursionismo-arrampicata-campeggio","11":"product_cat-marino","12":"product_cat-nellentroterra","13":"product_cat-sport-con-pagaia-pesca","14":"product_cat-sport-dazione-fuoristrada","15":"product_cat-vicino-alla-riva","16":"product_tag-c-strobo-h2o-it","17":"product_tag-c-strobo-h2o","18":"product_tag-luce-stroboscopica-attivata-dallacqua-marina","19":"product_tag-luce-stroboscopica-automatica-acr","20":"product_tag-luce-stroboscopica-di-emergenza","21":"product_tag-luci-stroboscopiche","22":"product_tag-luci-stroboscopiche-di-sicurezza","23":"product_tag-luci-stroboscopiche-di-sicurezza-it","24":"product_tag-strobo-di-emergenza","25":"product_tag-stroboscopio-h2o","26":"pa_activity-arrampicata","27":"pa_activity-escursionismo","28":"pa_boat-size-0-20-it","29":"pa_boat-size-21-40-it","30":"pa_boat-size-40-80-it","31":"pa_boat-size-80-it","32":"pa_boat-type-artigianato-sportivo","33":"pa_boat-type-barca-a-vela","34":"pa_boat-type-motoscafo","35":"pa_boat-type-nave-da-carico","36":"pa_boat-type-noleggio-yacht","37":"pa_boat-type-pesca-commerciale","38":"pa_boat-type-rimorchiatore","39":"pa_boat-type-yacht-it","40":"pa_product-accessori-di-sicurezza","41":"pa_product-luci-di-salvataggio","42":"pa_product-prodotti-di-segnalazione","44":"first","45":"instock","46":"taxable","47":"shipping-taxable","48":"purchasable","49":"product-type-simple"},"acf":[],"_links":{"self":[{"href":"https:\/\/acrartex-intl.dev.enterwell.space\/it\/wp-json\/wp\/v2\/product\/37758","targetHints":{"allow":["GET"]}}],"collection":[{"href":"https:\/\/acrartex-intl.dev.enterwell.space\/it\/wp-json\/wp\/v2\/product"}],"about":[{"href":"https:\/\/acrartex-intl.dev.enterwell.space\/it\/wp-json\/wp\/v2\/types\/product"}],"wp:featuredmedia":[{"embeddable":true,"href":"https:\/\/acrartex-intl.dev.enterwell.space\/it\/wp-json\/wp\/v2\/media\/12284"}],"wp:attachment":[{"href":"https:\/\/acrartex-intl.dev.enterwell.space\/it\/wp-json\/wp\/v2\/media?parent=37758"}],"wp:term":[{"taxonomy":"product_brand","embeddable":true,"href":"https:\/\/acrartex-intl.dev.enterwell.space\/it\/wp-json\/wp\/v2\/product_brand?post=37758"},{"taxonomy":"product_cat","embeddable":true,"href":"https:\/\/acrartex-intl.dev.enterwell.space\/it\/wp-json\/wp\/v2\/product_cat?post=37758"},{"taxonomy":"product_tag","embeddable":true,"href":"https:\/\/acrartex-intl.dev.enterwell.space\/it\/wp-json\/wp\/v2\/product_tag?post=37758"}],"curies":[{"name":"wp","href":"https:\/\/api.w.org\/{rel}","templated":true}]}}