{"id":37783,"date":"2021-03-16T08:16:48","date_gmt":"2021-03-16T13:16:48","guid":{"rendered":"https:\/\/acrartex-intl.dev.enterwell.space\/products\/c-light-h20\/"},"modified":"2025-08-08T14:40:20","modified_gmt":"2025-08-08T19:40:20","slug":"c-light-h20","status":"publish","type":"product","link":"https:\/\/acrartex-intl.dev.enterwell.space\/it\/products\/c-light-h20\/","title":{"rendered":"C-Light \u2122 H20"},"content":{"rendered":"<p>Questa luce fissa impermeabile vanta un LED da 20 lumen che funziona in genere per 30 ore consecutive. Il modello C-Light H2O include due metodi di attivazione; la luce pu\u00f2 essere facilmente attivata con una semplice pressione del pulsante On\/Off o, quando \u00e8 in posizione armata, pu\u00f2 essere attivata automaticamente quando immersa in acqua, rendendola una luce ideale per tutti gli amanti dell&#8217;outdoor. <\/p>\n<p>&nbsp;<\/p>\n<p>Il design sottile, leggero e versatile si adatta facilmente a una tasca o si appende discretamente quando \u00e8 attaccato a un giubbotto di salvataggio o a uno zaino. Gli anelli di ancoraggio flessibili sul lato del prodotto consentono molteplici opzioni di montaggio, tra cui la fettuccia sullo zaino o le cinghie del giubbotto di salvataggio. La cinghia in Velcro <sup>\u00ae<\/sup> pu\u00f2 essere fissata attorno agli anelli di ancoraggio e crea innumerevoli possibilit\u00e0 di montaggio aggiuntive. La luce \u00e8 inoltre dotata di una clip progettata per scivolare comodamente sul tubo di gonfiaggio orale del giubbotto di salvataggio gonfiabile per riporre la luce all&#8217;interno del giubbotto di salvataggio.   <\/p>\n<p>&nbsp;<\/p>\n<p>Disponibile anche nel modello ad attivazione manuale<\/p>\n<p>&nbsp;<\/p>\n<p><strong>Caratteristiche:<\/strong><\/p>\n<ul>\n<li>Per assistenza nella localizzazione in caso di emergenze in condizioni di scarsa illuminazione<\/li>\n<li>LED bianco da 20 lumen estremamente luminoso<\/li>\n<li>Lunga durata di funzionamento continua superiore a 30 ore<\/li>\n<li>Impermeabile \u2013 Testato per 24 ore a 3,3 piedi (1 m)<\/li>\n<\/ul>\n<ul>\n<li>Sensori di attivazione dell&#8217;acqua &#8211; Attivazione automatica a contatto con l&#8217;acqua<\/li>\n<\/ul>\n<ul>\n<li>Custodia resistente agli urti<\/li>\n<li>Utilizza due batterie &#8220;AA&#8221; da 1,5 V (non incluse)<\/li>\n<li>Approvato USCG\/SOLAS<\/li>\n<li>Ideale per giubbotti di salvataggio, campeggio, bici, auto, ecc.<\/li>\n<li>Cinghia in Velcro\u00ae inclusa (con versione cardata) utilizzata insieme agli anelli di ancoraggio integrati per flessibilit\u00e0 di montaggio<\/li>\n<li>Clip PFD inclusa (con versione cardata) per un facile fissaggio al tubo di gonfiaggio orale<\/li>\n<\/ul>\n","protected":false},"excerpt":{"rendered":"<p>La C-Light attivata dall&#8217;acqua \u00e8 una luce di soccorso personale ricca di funzionalit\u00e0 che combina un&#8217;intensa tecnologia LED con una maggiore durata operativa per offrirti la migliore luce di soccorso fissa. La C-Light \u00e8 approvata USCG\/SOLAS e presenta una custodia resistente agli urti, rendendola una luce affidabile e multiuso pronta quando ne hai bisogno. <\/p>\n<p>&nbsp;<\/p>\n<p><a href=\"https:\/\/www.dropbox.com\/s\/8343nj28z0d7bxa\/Prop%2065%20-%20BPA.pdf?dl=0\">ATTENZIONE: PROP 65<\/a><\/p>\n<p>&nbsp;<\/p>\n<p><span style=\"color: #e74c3c;\">CODICE: <strong>SHIPFREE20<\/strong> Spedizione via terra gratuita per ordini superiori a 30 $ USA. Esclusi HI e AK <\/span><\/p>\n<p>&nbsp;<\/p>\n","protected":false},"featured_media":12278,"template":"","meta":{"_acf_changed":false,"om_disable_all_campaigns":false},"product_brand":[],"product_cat":[3483,3055,3500,3488,3492,3054,3473,3505,3496,3477],"product_tag":[5818,5815,5831,3934,5822,5811,5813,4890,5826,5824,5820,5828],"class_list":{"0":"post-37783","1":"product","2":"type-product","3":"status-publish","4":"has-post-thumbnail","6":"product_cat-al-largo","7":"product_cat-allaperto","8":"product_cat-attrezzatura-da-viaggio","9":"product_cat-commerciale","10":"product_cat-escursionismo-arrampicata-campeggio","11":"product_cat-marino","12":"product_cat-nellentroterra","13":"product_cat-sport-con-pagaia-pesca","14":"product_cat-sport-dazione-fuoristrada","15":"product_cat-vicino-alla-riva","16":"product_tag-acqua-it-2","17":"product_tag-acqua20","18":"product_tag-acr-it-2","19":"product_tag-acro","20":"product_tag-attivato-dallacqua","21":"product_tag-c-light-h20-it","22":"product_tag-c-light-h2o-it","23":"product_tag-c-luce","24":"product_tag-luce-acr-c-light","25":"product_tag-luce-di-soccorso","26":"product_tag-luci","27":"product_tag-luci-di-soccorso-acr","29":"first","30":"outofstock","31":"taxable","32":"shipping-taxable","33":"product-type-variable"},"acf":[],"_links":{"self":[{"href":"https:\/\/acrartex-intl.dev.enterwell.space\/it\/wp-json\/wp\/v2\/product\/37783","targetHints":{"allow":["GET"]}}],"collection":[{"href":"https:\/\/acrartex-intl.dev.enterwell.space\/it\/wp-json\/wp\/v2\/product"}],"about":[{"href":"https:\/\/acrartex-intl.dev.enterwell.space\/it\/wp-json\/wp\/v2\/types\/product"}],"wp:featuredmedia":[{"embeddable":true,"href":"https:\/\/acrartex-intl.dev.enterwell.space\/it\/wp-json\/wp\/v2\/media\/12278"}],"wp:attachment":[{"href":"https:\/\/acrartex-intl.dev.enterwell.space\/it\/wp-json\/wp\/v2\/media?parent=37783"}],"wp:term":[{"taxonomy":"product_brand","embeddable":true,"href":"https:\/\/acrartex-intl.dev.enterwell.space\/it\/wp-json\/wp\/v2\/product_brand?post=37783"},{"taxonomy":"product_cat","embeddable":true,"href":"https:\/\/acrartex-intl.dev.enterwell.space\/it\/wp-json\/wp\/v2\/product_cat?post=37783"},{"taxonomy":"product_tag","embeddable":true,"href":"https:\/\/acrartex-intl.dev.enterwell.space\/it\/wp-json\/wp\/v2\/product_tag?post=37783"}],"curies":[{"name":"wp","href":"https:\/\/api.w.org\/{rel}","templated":true}]}}