{"id":37906,"date":"2021-03-16T08:15:01","date_gmt":"2021-03-16T13:15:01","guid":{"rendered":"https:\/\/acrartex-intl.dev.enterwell.space\/products\/proiettore-rcl-300a\/"},"modified":"2021-03-16T08:15:01","modified_gmt":"2021-03-16T13:15:01","slug":"proiettore-rcl-300a","status":"publish","type":"product","link":"https:\/\/acrartex-intl.dev.enterwell.space\/it\/products\/proiettore-rcl-300a\/","title":{"rendered":"Proiettore RCL -300A"},"content":{"rendered":"<p>\u00c8 dotato di guarnizioni e finiture adatte all&#8217;ambiente marino e tutte le funzioni possono essere gestite tramite il Point Pad\u2122 e il Master Controller in dotazione (\u00e8 possibile installare fino a tre telecomandi).<\/p>\n<ul>\n<li>Il meccanismo di elevazione interno fornisce il controllo dell&#8217;inclinazione del fascio luminoso del riflettore; protegge il meccanismo di elevazione dalle intemperie<\/li>\n<li>Include telecomando a portata di mano Point Pad\u2122; \u00e8 possibile installare fino a tre unit\u00e0 remote Point Pad\u2122 sul sistema; opzioni di montaggio in superficie\/a filo incluse<\/li>\n<li>Robusto alloggiamento in alluminio di grado marino, sigillato e con tripla primer<\/li>\n<li>La funzione XRCiZ\u2122 ruota e sposta il gruppo luci ogni 30 giorni dall&#8217;attivazione per mantenere tutte le superfici dei cuscinetti libere dalla corrosione e tutti i contatti elettrici funzionanti<\/li>\n<li>Costruzione resistente all&#8217;acqua salata con rondelle in nylon e fenolico, viti in acciaio inossidabile alluminato con lubrificante isolante<\/li>\n<li>Cablaggio incluso<\/li>\n<li>* Le lampade HID a ioduri metallici doppie da 35 W forniscono oltre 500.000 CD ciascuna e 1 milione di CD effettivi se combinate.<\/li>\n<\/ul>\n<p>Tag: proiettori, proiettore, RCL Searchlight, RCL 300, proiettore per barche, proiettore marino, proiettori marini, proiettore acr, 1933, P\/N 1933<\/p>\n","protected":false},"excerpt":{"rendered":"<p>Le lampade HID a ioduri metallici gemellari da 35 watt creano un proiettore a fascio stretto perfetto per grandi yacht sportivi e mega-yacht, nonch\u00e9 grandi imbarcazioni da pesca sportiva e commerciali. Il proiettore RCL -300A \u00e8 realizzato per migliorare la sicurezza in mare durante il funzionamento notturno. \u00c8 anche semplice da usare con un joystick di livello commerciale con classificazione IP 69K e illuminazione.  <\/p>\n","protected":false},"featured_media":12246,"template":"","meta":{"_acf_changed":false,"om_disable_all_campaigns":false},"product_brand":[],"product_cat":[3054],"product_tag":[6013,6220,6007,5463,6354,5461,5460,6217,6223,6010,5462,6358,5459],"class_list":{"0":"post-37906","1":"product","2":"type-product","3":"status-publish","4":"has-post-thumbnail","6":"product_cat-marino","7":"product_tag-azienda-di-proiettori","8":"product_tag-fari-allo-xeno","9":"product_tag-proiettore","10":"product_tag-proiettore-acr","11":"product_tag-proiettore-allo-xeno","12":"product_tag-proiettore-marino","13":"product_tag-proiettore-per-barche","14":"product_tag-proiettori","15":"product_tag-proiettori-acr","16":"product_tag-proiettori-in-vendita","17":"product_tag-proiettori-marini","18":"product_tag-rcl-300a-it","19":"product_tag-rcl-riferimento","20":"pa_product-luci-di-ricerca","22":"first","23":"instock","24":"taxable","25":"shipping-taxable","26":"purchasable","27":"product-type-simple"},"acf":[],"_links":{"self":[{"href":"https:\/\/acrartex-intl.dev.enterwell.space\/it\/wp-json\/wp\/v2\/product\/37906","targetHints":{"allow":["GET"]}}],"collection":[{"href":"https:\/\/acrartex-intl.dev.enterwell.space\/it\/wp-json\/wp\/v2\/product"}],"about":[{"href":"https:\/\/acrartex-intl.dev.enterwell.space\/it\/wp-json\/wp\/v2\/types\/product"}],"wp:featuredmedia":[{"embeddable":true,"href":"https:\/\/acrartex-intl.dev.enterwell.space\/it\/wp-json\/wp\/v2\/media\/12246"}],"wp:attachment":[{"href":"https:\/\/acrartex-intl.dev.enterwell.space\/it\/wp-json\/wp\/v2\/media?parent=37906"}],"wp:term":[{"taxonomy":"product_brand","embeddable":true,"href":"https:\/\/acrartex-intl.dev.enterwell.space\/it\/wp-json\/wp\/v2\/product_brand?post=37906"},{"taxonomy":"product_cat","embeddable":true,"href":"https:\/\/acrartex-intl.dev.enterwell.space\/it\/wp-json\/wp\/v2\/product_cat?post=37906"},{"taxonomy":"product_tag","embeddable":true,"href":"https:\/\/acrartex-intl.dev.enterwell.space\/it\/wp-json\/wp\/v2\/product_tag?post=37906"}],"curies":[{"name":"wp","href":"https:\/\/api.w.org\/{rel}","templated":true}]}}