{"id":39976,"date":"2021-03-16T08:22:30","date_gmt":"2021-03-16T13:22:30","guid":{"rendered":"https:\/\/acrartex-intl.dev.enterwell.space\/products\/rescueme-epirb1\/"},"modified":"2025-08-08T14:39:30","modified_gmt":"2025-08-08T19:39:30","slug":"rescueme-epirb1","status":"publish","type":"product","link":"https:\/\/acrartex-intl.dev.enterwell.space\/it\/products\/rescueme-epirb1\/","title":{"rendered":"rescueME EPIRB1"},"content":{"rendered":"<p>Una semplice linguetta protettiva sui tasti operativi previene l&#8217;attivazione involontaria, pur consentendo un facile utilizzo quando necessario. Il rescueME EPIRB1 dispone anche di due strobo ad alta luminosit\u00e0 per massimizzare la visibilit\u00e0 in condizioni di scarsa illuminazione. L&#8217;antenna retrattile offre la massima protezione e un ingombro ridotto per lo stivaggio. Quando necessario, l&#8217;antenna si estende facilmente con una leggera trazione. Per passaggi in mare aperto o oceanici pi\u00f9 lunghi, il Ocean Signal E100G EPIRB offre un&#8217;eccezionale autonomia operativa di 96 ore con l&#8217;opzione di un alloggiamento a rilascio automatico (obbligatorio per le imbarcazioni approvate secondo le normative SOLAS).    <\/p>\n<ul>\n<li>30% (tip.) pi\u00f9 piccolo<\/li>\n<li>Durata della batteria di 10 anni<\/li>\n<li>Oltre 48 ore di autonomia operativa<\/li>\n<li>Garanzia di 5 anni<\/li>\n<li>Posizionamento rapido e preciso con GPS a 66 canali<\/li>\n<li>Antenna retrattile<\/li>\n<li>Staffa a sgancio rapido<\/li>\n<li>Cordino di sicurezza<\/li>\n<\/ul>\n","protected":false},"excerpt":{"rendered":"<p>Il rescueME EPIRB1 offre tranquillit\u00e0 con un&#8217;impressionante durata della batteria di 10 anni. Il EPIRB pi\u00f9 compatto al mondo pu\u00f2 essere sempre a portata di mano, poich\u00e9 le sue dimensioni ridotte gli consentono di essere facilmente riposto nella sua staffa a sgancio rapido o collocato in una borsa di emergenza o in una zattera di salvataggio. <\/p>\n<p>&nbsp;<\/p>\n<p><a href=\"http:\/\/acrartex-intl.dev.enterwell.space\/survival-products\/406link\"><img decoding=\"async\" style=\"width: 300px; height: 41px;\" src=\"\/\/dk2ztu5ooimmu.cloudfront.net\/ckeditor_assets\/pictures\/143\/406Link_with_desc_-_Tag.gif\" alt=\"\"><\/a><\/p>\n<p>&nbsp;<\/p>\n<p><span style=\"color: #e74c3c;\">CODICE: <strong>SHIPFREE20<\/strong> Spedizione via terra gratuita per ordini superiori a 30 $ USA. Esclusi HI e AK <\/span><\/p>\n<p>&nbsp;<\/p>\n<p>&nbsp;<\/p>\n<p>&nbsp;<\/p>\n<p>&nbsp;<\/p>\n","protected":false},"featured_media":12390,"template":"","meta":{"_acf_changed":false,"om_disable_all_campaigns":false},"product_brand":[],"product_cat":[3483,3488,3054,3477],"product_tag":[6909,3934,3930,6906,3528,6903,6907,6908,6910,6902,6904,6905],"class_list":{"0":"post-39976","1":"product","2":"type-product","3":"status-publish","4":"has-post-thumbnail","6":"product_cat-al-largo","7":"product_cat-commerciale","8":"product_cat-marino","9":"product_cat-vicino-alla-riva","10":"product_tag-acr-epirb1-it","11":"product_tag-acro","12":"product_tag-epirb-it","13":"product_tag-epirb1-it","14":"product_tag-faro","15":"product_tag-ocean-signal-it","16":"product_tag-ocean-signal-epirb1-it","17":"product_tag-oceansignal-epirb1-it","18":"product_tag-radiofaro-di-emergenza","19":"product_tag-radiofaro-indicatore-di-posizione-di-emergenza","20":"product_tag-rescueme-it","21":"product_tag-rescueme-epirb1-it","23":"first","24":"instock","25":"taxable","26":"shipping-taxable","27":"purchasable","28":"product-type-simple"},"acf":[],"_links":{"self":[{"href":"https:\/\/acrartex-intl.dev.enterwell.space\/it\/wp-json\/wp\/v2\/product\/39976","targetHints":{"allow":["GET"]}}],"collection":[{"href":"https:\/\/acrartex-intl.dev.enterwell.space\/it\/wp-json\/wp\/v2\/product"}],"about":[{"href":"https:\/\/acrartex-intl.dev.enterwell.space\/it\/wp-json\/wp\/v2\/types\/product"}],"wp:featuredmedia":[{"embeddable":true,"href":"https:\/\/acrartex-intl.dev.enterwell.space\/it\/wp-json\/wp\/v2\/media\/12390"}],"wp:attachment":[{"href":"https:\/\/acrartex-intl.dev.enterwell.space\/it\/wp-json\/wp\/v2\/media?parent=39976"}],"wp:term":[{"taxonomy":"product_brand","embeddable":true,"href":"https:\/\/acrartex-intl.dev.enterwell.space\/it\/wp-json\/wp\/v2\/product_brand?post=39976"},{"taxonomy":"product_cat","embeddable":true,"href":"https:\/\/acrartex-intl.dev.enterwell.space\/it\/wp-json\/wp\/v2\/product_cat?post=39976"},{"taxonomy":"product_tag","embeddable":true,"href":"https:\/\/acrartex-intl.dev.enterwell.space\/it\/wp-json\/wp\/v2\/product_tag?post=39976"}],"curies":[{"name":"wp","href":"https:\/\/api.w.org\/{rel}","templated":true}]}}