{"id":40111,"date":"2023-06-12T06:55:38","date_gmt":"2023-06-12T11:55:38","guid":{"rendered":"https:\/\/acrartex-intl.dev.enterwell.space\/products\/acr-bivy-stick-con-abbonamento\/"},"modified":"2023-06-12T06:55:38","modified_gmt":"2023-06-12T11:55:38","slug":"acr-bivy-stick-con-abbonamento","status":"publish","type":"product","link":"https:\/\/acrartex-intl.dev.enterwell.space\/it\/products\/acr-bivy-stick-con-abbonamento\/","title":{"rendered":"ACR Bivy Stick (con abbonamento)"},"content":{"rendered":"<p>Usa l&#8217;ACR Bivy Stick per trasformare il tuo cellulare in un dispositivo di comunicazione satellitare. Con una copertura satellitare globale tramite la rete satellitare Iridium, ovunque tu abbia una visuale del cielo, puoi comunicare tramite l&#8217;ACR Bivy Stick. Sebbene sia comodamente compatto, l&#8217;ACR Bivy Stick offre comunque un set completo di funzionalit\u00e0, tra cui messaggistica bidirezionale, SOS, condivisione della posizione, Check-in one-touch e rapporti meteorologici dettagliati inviati direttamente al tuo cellulare via satellite. Inoltre, offrendo una funzione non fornita con molti altri comunicatori satellitari, l&#8217;ACR Bivy Stick fornisce agli utenti un numero di telefono e un&#8217;e-mail dedicati. Questa importante funzione consente messaggi in arrivo non richiesti, il che significa che le persone pi\u00f9 importanti per te possono raggiungerti in qualsiasi momento, senza la necessit\u00e0 che tu avvii il contatto.    <\/p>\n<p>Il valore dell&#8217;ACR Bivy Stick \u00e8 ulteriormente migliorato grazie ad accessori chiave come l&#8217;ampia variet\u00e0 di opzioni di montaggio disponibili. I numerosi supporti disponibili consentono agli utenti di attaccare l&#8217;ACR Bivy Stick a qualsiasi veicolo, zaino o struttura e lo rendono un dispositivo ideale per gli avventurieri che si trovano a passare da un&#8217;attivit\u00e0 all&#8217;altra. Il pannello solare portatile e leggero disponibile offre anche una maggiore flessibilit\u00e0 d&#8217;uso. Dotato di tecnologia di ricarica intelligente, il pannello solare consente agli utenti di sfruttare in modo efficiente l&#8217;energia solare e di estendere comodamente la durata della batteria dell&#8217;ACR Bivy Stick quando sono fuori rete.   <\/p>\n<p><b>Il ruolo dell&#8217;app Bivy<\/b><\/p>\n<p>L&#8217;app Bivy ha pi\u00f9 di 50.000 avventure pronte per essere esplorate. Non importa cosa ti piaccia fare all&#8217;aperto, puoi trovare un posto dove farlo con l&#8217;app Bivy. Con venti diversi tipi di avventura a portata di mano, l&#8217;app Bivy \u00e8 uno strumento versatile che pu\u00f2 soddisfare tutte le tue esigenze di avventura. L&#8217;app Bivy ti consente anche di tenere traccia di tutte le tue avventure. Tieni traccia del tuo ritmo, chilometraggio, altitudine e altro ancora. Inoltre, ottieni l&#8217;accesso a mappe offline dettagliate in tutto il mondo. Sai sempre dove ti trovi, anche senza servizio cellulare.      <\/p>\n<p>In qualit\u00e0 di leader nei prodotti salvavita sia per uso professionale che ricreativo, l&#8217;ACR Bivy Stick di ACR offre la sicurezza e la tranquillit\u00e0 di una comunicazione satellitare affidabile e conveniente a tutti.<\/p>\n<p><b>Caratteristiche e vantaggi:<\/b><\/p>\n<ul>\n<li>Nessun costo di attivazione (<a href=\"https:\/\/www.bivy.com\/data-plans\" data-cke-saved-href=\"https:\/\/www.bivy.com\/data-plans\">abbonamento mensile richiesto<\/a>), 4 mesi consecutivi di piani Plus o Unlimited richiesti all&#8217;attivazione<\/li>\n<li>Copertura satellitare globale (Iridium)<\/li>\n<li>Invia e ricevi messaggi via satellite<\/li>\n<li>Previsioni meteo via satellite<\/li>\n<li><span lang=\"ES\">Monitoraggio SOS via satellite (<a href=\"https:\/\/partner.globalrescue.com\/bivy\/\">Global Rescue<\/a>)<\/span><\/li>\n<li>Tracciamento e condivisione della posizione via satellite<\/li>\n<li>Visualizzazione mappa e navigazione<\/li>\n<li>Mappe offline<\/li>\n<li>Check-in one-touch (disponibile direttamente dal dispositivo e tramite l&#8217;app)<\/li>\n<li>Migliaia di percorsi mappati per arrampicata, escursionismo, ciclismo, canoa, sci<\/li>\n<li>Invia\/ricevi messaggi e scambia posizioni con altri utenti ACR Bivy Stick<\/li>\n<li>Messaggi in arrivo non richiesti<\/li>\n<li>Numero di telefono ed e-mail dedicati<\/li>\n<li>Profilo personale con tracce e statistiche<\/li>\n<li>Centinaia di supporti disponibili<\/li>\n<li>Piccolo e leggero<\/li>\n<\/ul>\n","protected":false},"excerpt":{"rendered":"<p>Composta dall&#8217;ACR Bivy Stick e dall&#8217;app Bivy, la piattaforma Bivy combina hardware e software ricchi di funzionalit\u00e0 per creare la perfetta combinazione di sicurezza e praticit\u00e0. Ideale per avventure e attivit\u00e0 fuori rete di ogni forma e dimensione, utilizza la piattaforma Bivy per pianificare la tua esperienza, rimanere in pista per tutta la durata di quell&#8217;esperienza e rimanere in contatto con tutti coloro che contano, il tutto sapendo che l&#8217;aiuto \u00e8 sempre disponibile con la semplice pressione di un pulsante. <\/p>\n<p>Acquista semplicemente l&#8217;ACR Bivy Stick, quindi scegli un piano dati Plus o Unlimited per tre mesi consecutivi.<\/p>\n<p>Sperimenta tutti i vantaggi della comunicazione satellitare bidirezionale a un prezzo nuovo e basso e senza costi di attivazione.<\/p>\n<p>Prodotto negli Stati Uniti!!<\/p>\n<p>&nbsp;<\/p>\n<p><a href=\"https:\/\/www.dropbox.com\/s\/0ezw0kexbm120vv\/Prop%2065%20-%20Lead%20and%20Lead%20Compounds.pdf?dl=0\">ATTENZIONE: PROP 65<\/a><\/p>\n","protected":false},"featured_media":22602,"template":"","meta":{"_acf_changed":false,"om_disable_all_campaigns":false},"product_brand":[],"product_cat":[3055,3054],"product_tag":[],"class_list":{"0":"post-40111","1":"product","2":"type-product","3":"status-publish","4":"has-post-thumbnail","6":"product_cat-allaperto","7":"product_cat-marino","8":"pa_activity-arrampicata","9":"pa_activity-bici","10":"pa_activity-campeggio","12":"first","13":"instock","14":"taxable","15":"shipping-taxable","16":"purchasable","17":"product-type-subscription"},"acf":[],"_links":{"self":[{"href":"https:\/\/acrartex-intl.dev.enterwell.space\/it\/wp-json\/wp\/v2\/product\/40111","targetHints":{"allow":["GET"]}}],"collection":[{"href":"https:\/\/acrartex-intl.dev.enterwell.space\/it\/wp-json\/wp\/v2\/product"}],"about":[{"href":"https:\/\/acrartex-intl.dev.enterwell.space\/it\/wp-json\/wp\/v2\/types\/product"}],"wp:featuredmedia":[{"embeddable":true,"href":"https:\/\/acrartex-intl.dev.enterwell.space\/it\/wp-json\/wp\/v2\/media\/22602"}],"wp:attachment":[{"href":"https:\/\/acrartex-intl.dev.enterwell.space\/it\/wp-json\/wp\/v2\/media?parent=40111"}],"wp:term":[{"taxonomy":"product_brand","embeddable":true,"href":"https:\/\/acrartex-intl.dev.enterwell.space\/it\/wp-json\/wp\/v2\/product_brand?post=40111"},{"taxonomy":"product_cat","embeddable":true,"href":"https:\/\/acrartex-intl.dev.enterwell.space\/it\/wp-json\/wp\/v2\/product_cat?post=40111"},{"taxonomy":"product_tag","embeddable":true,"href":"https:\/\/acrartex-intl.dev.enterwell.space\/it\/wp-json\/wp\/v2\/product_tag?post=40111"}],"curies":[{"name":"wp","href":"https:\/\/api.w.org\/{rel}","templated":true}]}}