{"id":37645,"date":"2021-03-16T08:13:07","date_gmt":"2021-03-16T13:13:07","guid":{"rendered":"https:\/\/acrartex-intl.dev.enterwell.space\/products\/sea-shelter-3-cat-i-epirb-brakett\/"},"modified":"2021-03-16T08:13:07","modified_gmt":"2021-03-16T13:13:07","slug":"sea-shelter-3-cat-i-epirb-brakett","status":"publish","type":"product","link":"https:\/\/acrartex-intl.dev.enterwell.space\/no\/products\/sea-shelter-3-cat-i-epirb-brakett\/","title":{"rendered":"Sea Shelter \u2122 3 Cat I EPIRB -brakett"},"content":{"rendered":"<ul>\n<li>Innovativ hydrostatisk utl\u00f8sermekanisme som kan skiftes raskt<\/li>\n<li>Enveismontering eliminerer muligheten for \u00e5 installere EPIRB baklengs<\/li>\n<li>Integrert deaktiveringsmagnet forhindrer EPIRB fra \u00e5 sende inntil den er utplassert<\/li>\n<li>Utplasserer EPIRB n\u00e5r den er nedsenket i vann p\u00e5 en dybde mellom 1,5 &#8211; 4 m (4,9 &#8211; 13,1 fot)<\/li>\n<\/ul>\n","protected":false},"excerpt":{"rendered":"<p>T\u00f8ffe forhold har ingen sjanse mot Sea Shelter \u2122 3 Cat I. Denne EPIRB braketten er helt innelukket, noe som gir beskyttelse under selv de villeste eventyrene dine. Skulle fart\u00f8yet ditt begynne \u00e5 ta p\u00e5 seg vann, vil Sea Shelter automatisk distribuere EPIRB og sende et signal til et verdensomspennende nettverk av s\u00f8ke- og redningssatellitter. <\/p>\n<p>&nbsp;<\/p>\n<p>Denne EPIRB braketten fungerer med f\u00f8lgende produkter:<\/p>\n<ul>\n<li>GlobalFix \u2122 iPRO (RLB-36)<\/li>\n<li>GlobalFix \u2122 PRO (RLB-37)<\/li>\n<li>SATELLITE 3 406\u2122 (RLB-38)<\/li>\n<\/ul>\n<p>&nbsp;<\/p>\n<p>&nbsp;<\/p>\n<p>&nbsp;<\/p>\n","protected":false},"featured_media":12208,"template":"","meta":{"_acf_changed":false,"om_disable_all_campaigns":false},"product_brand":[],"product_cat":[3250,3254,2999,3252,3253],"product_tag":[3900,3903,3926,3923,3929,3916,3909,3920,3933,3938,3962,3967,3948,3956,3896,3912,3906],"class_list":{"0":"post-37645","1":"product","2":"type-product","3":"status-publish","4":"has-post-thumbnail","6":"product_cat-inn-i-landet","7":"product_cat-kommersiell-no","8":"product_cat-marine-no","9":"product_cat-naer-kysten","10":"product_cat-off-shore-no","11":"product_tag-406-mhz-brakett","12":"product_tag-acr-brakett","13":"product_tag-acr-cat-1-no","14":"product_tag-acr-cat-i-no","15":"product_tag-automatisk-utgivelse-epirb","16":"product_tag-batsikkerhet","17":"product_tag-cospas-sarsat-no","18":"product_tag-epirb-cat-1-no","19":"product_tag-hydrostatisk-frigjoring-epirb","20":"product_tag-hydrostatisk-utloserbrakett","21":"product_tag-kategori-1-epirb-no","22":"product_tag-kategori-1-epirbs-no","23":"product_tag-kategori-1-brakett","24":"product_tag-kategori-i-brakett","25":"product_tag-katt-i-no","26":"product_tag-seilsikkerhet","27":"product_tag-torr-epirb-no","28":"pa_boat-size-0-20-no","29":"pa_boat-size-21-40-no","30":"pa_boat-size-40-80-no","31":"pa_boat-size-80-no","32":"pa_boat-type-charter-yacht-no","33":"pa_boat-type-kommersielt-fiske","34":"pa_boat-type-lasteskip","35":"pa_boat-type-motorbat-no","36":"pa_boat-type-seilbat","37":"pa_boat-type-sportcraft-no","38":"pa_boat-type-taubat","39":"pa_boat-type-yacht-no","40":"pa_product-redningsbacon-vhf-sart","41":"pa_product-rescue-beacons-no","42":"pa_product-sikkerhetstilbehor","44":"first","45":"instock","46":"taxable","47":"shipping-taxable","48":"purchasable","49":"product-type-simple"},"acf":[],"_links":{"self":[{"href":"https:\/\/acrartex-intl.dev.enterwell.space\/no\/wp-json\/wp\/v2\/product\/37645","targetHints":{"allow":["GET"]}}],"collection":[{"href":"https:\/\/acrartex-intl.dev.enterwell.space\/no\/wp-json\/wp\/v2\/product"}],"about":[{"href":"https:\/\/acrartex-intl.dev.enterwell.space\/no\/wp-json\/wp\/v2\/types\/product"}],"wp:featuredmedia":[{"embeddable":true,"href":"https:\/\/acrartex-intl.dev.enterwell.space\/no\/wp-json\/wp\/v2\/media\/12208"}],"wp:attachment":[{"href":"https:\/\/acrartex-intl.dev.enterwell.space\/no\/wp-json\/wp\/v2\/media?parent=37645"}],"wp:term":[{"taxonomy":"product_brand","embeddable":true,"href":"https:\/\/acrartex-intl.dev.enterwell.space\/no\/wp-json\/wp\/v2\/product_brand?post=37645"},{"taxonomy":"product_cat","embeddable":true,"href":"https:\/\/acrartex-intl.dev.enterwell.space\/no\/wp-json\/wp\/v2\/product_cat?post=37645"},{"taxonomy":"product_tag","embeddable":true,"href":"https:\/\/acrartex-intl.dev.enterwell.space\/no\/wp-json\/wp\/v2\/product_tag?post=37645"}],"curies":[{"name":"wp","href":"https:\/\/api.w.org\/{rel}","templated":true}]}}