{"id":37713,"date":"2021-03-16T08:16:22","date_gmt":"2021-03-16T13:16:22","guid":{"rendered":"https:\/\/acrartex-intl.dev.enterwell.space\/products\/ms-2000m2-vannbug\/"},"modified":"2021-03-16T08:16:22","modified_gmt":"2021-03-16T13:16:22","slug":"ms-2000m2-vannbug","status":"publish","type":"product","link":"https:\/\/acrartex-intl.dev.enterwell.space\/no\/products\/ms-2000m2-vannbug\/","title":{"rendered":"MS-2000(M2) vannbug"},"content":{"rendered":"<p>I likhet med v\u00e5re h\u00f8yt respekterte, p\u00e5litelige SDU-5E og MS-2000(M), er MS-2000(M2) designet for \u00e5 m\u00f8te eller overg\u00e5 milit\u00e6re spesifikasjoner, inkludert MIL-L-38217D og CID AA-59176, og den har mange forbedrede livreddende funksjoner for \u00e5 m\u00f8te flere oppdrag.<\/p>\n<ul>\n<li>Ny vibrasjonsfunksjon varsler deg om aktivering og modusendringer i det skjulte n\u00e5r du bruker IR-skjoldet<\/li>\n<li>Vannaktiveringssensorer aktiverer automatisk lys n\u00e5r de er tilkoblet<\/li>\n<li>4 aktiveringsmoduser \u00e5 velge mellom: Armed, Strobe, SOS eller Steady-On<\/li>\n<li>Oppfyller de mest oppdaterte kravene til milit\u00e6ret og passer til praktisk talt alle applikasjoner<\/li>\n<li>Ny flettet st\u00e5lholder holder batteridekselet festet<\/li>\n<li>Silikonkonformt belegg p\u00e5 elektroniske komponenter beskytter mot fuktighet<\/li>\n<li>Retningsbestemt bl\u00e5tt filter varsler vennlige styrker, skiller strobe fra bakkebrann<\/li>\n<li>Opptil 56 timers drift p\u00e5 2 standard alkaliske AA-batterier (bruk litiumbatterier for ekstreme kalde omgivelser eller langtidslagring)<\/li>\n<li>Vedlagt infrar\u00f8dt (IR) filter for Night Vision Goggle (NVG) visning med filtforing for \u00e5 forhindre \u00e5penlys lekkasje<\/li>\n<li>Toppmoderne LED-teknologi<\/li>\n<li>Forh\u00f8yede polaritetsindikatorer tillater korrekt batteriplassering<\/li>\n<\/ul>\n","protected":false},"excerpt":{"rendered":"<p>N\u00e5r det gjelder \u00e5 redde liv, er ikke noe mindre enn det beste et alternativ. Siden introduksjonen av den originale MS-2000, har den blitt det viktigste Combat Search and Rescue (C-SAR) lyset b\u00e5ret av elitemilit\u00e6re styrker rundt om i verden. Dette strobemarkeringslyset har den nyeste LED-teknologien og oppfyller de mest oppdaterte kravene til milit\u00e6ret. Vibrasjonsfunksjonen varsler deg om aktivering og modusendringer n\u00e5r du bruker IR-skjoldet, og vannaktiveringssensorene sl\u00e5r automatisk p\u00e5 lyset n\u00e5r det kommer i kontakt med ferskvann eller saltvann. Med 4 aktiveringsmoduser \u00e5 velge mellom: Armed, Strobe, SOS eller Steady-On, vil du v\u00e6re klar til \u00e5 skinne lyset ditt i omtrent enhver situasjon.    <\/p>\n","protected":false},"featured_media":12272,"template":"","meta":{"_acf_changed":false,"om_disable_all_campaigns":false},"product_brand":[],"product_cat":[3249],"product_tag":[5079,5080,5047,5064,5045,5051,5073,5057],"class_list":{"0":"post-37713","1":"product","2":"type-product","3":"status-publish","4":"has-post-thumbnail","6":"product_cat-militaer","7":"product_tag-3991-no","8":"product_tag-3991-2-no","9":"product_tag-lys-no","10":"product_tag-markedslys","11":"product_tag-ms2000-no","12":"product_tag-strobe-no","13":"product_tag-vannbug","14":"product_tag-waterbug-strobe-marker-light-no","16":"first","17":"instock","18":"taxable","19":"shipping-taxable","20":"product-type-simple"},"acf":[],"_links":{"self":[{"href":"https:\/\/acrartex-intl.dev.enterwell.space\/no\/wp-json\/wp\/v2\/product\/37713","targetHints":{"allow":["GET"]}}],"collection":[{"href":"https:\/\/acrartex-intl.dev.enterwell.space\/no\/wp-json\/wp\/v2\/product"}],"about":[{"href":"https:\/\/acrartex-intl.dev.enterwell.space\/no\/wp-json\/wp\/v2\/types\/product"}],"wp:featuredmedia":[{"embeddable":true,"href":"https:\/\/acrartex-intl.dev.enterwell.space\/no\/wp-json\/wp\/v2\/media\/12272"}],"wp:attachment":[{"href":"https:\/\/acrartex-intl.dev.enterwell.space\/no\/wp-json\/wp\/v2\/media?parent=37713"}],"wp:term":[{"taxonomy":"product_brand","embeddable":true,"href":"https:\/\/acrartex-intl.dev.enterwell.space\/no\/wp-json\/wp\/v2\/product_brand?post=37713"},{"taxonomy":"product_cat","embeddable":true,"href":"https:\/\/acrartex-intl.dev.enterwell.space\/no\/wp-json\/wp\/v2\/product_cat?post=37713"},{"taxonomy":"product_tag","embeddable":true,"href":"https:\/\/acrartex-intl.dev.enterwell.space\/no\/wp-json\/wp\/v2\/product_tag?post=37713"}],"curies":[{"name":"wp","href":"https:\/\/api.w.org\/{rel}","templated":true}]}}