{"id":37728,"date":"2021-03-16T08:16:09","date_gmt":"2021-03-16T13:16:09","guid":{"rendered":"https:\/\/acrartex-intl.dev.enterwell.space\/products\/ms-2000m2-doublefly\/"},"modified":"2021-03-16T08:16:09","modified_gmt":"2021-03-16T13:16:09","slug":"ms-2000m2-doublefly","status":"publish","type":"product","link":"https:\/\/acrartex-intl.dev.enterwell.space\/no\/products\/ms-2000m2-doublefly\/","title":{"rendered":"MS-2000(M2) Doublefly"},"content":{"rendered":"<p>I likhet med v\u00e5re h\u00f8yt respekterte, p\u00e5litelige SDU-5E og MS-2000(M), er MS-2000(M2) designet for \u00e5 m\u00f8te eller overg\u00e5 milit\u00e6re spesifikasjoner, inkludert MIL-L-38217D og CID AA-59176, og den har mange forbedrede livreddende funksjoner for \u00e5 m\u00f8te flere oppdrag.<\/p>\n<ul>\n<li>Ny vibrasjonsfunksjon varsler deg om aktivering og modusendringer i det skjulte n\u00e5r du bruker IR-skjoldet<\/li>\n<li>3 aktiveringsmoduser \u00e5 velge mellom: Strobe, SOS eller Steady-On<\/li>\n<li>Oppfyller de mest oppdaterte kravene til milit\u00e6ret og passer til praktisk talt alle applikasjoner<\/li>\n<li>Ny flettet st\u00e5lholder holder batteridekselet festet<\/li>\n<li>Silikonkonformt belegg p\u00e5 elektroniske komponenter beskytter mot fuktighet<\/li>\n<li>Retningsbestemt bl\u00e5tt filter varsler vennlige styrker, skiller strobe fra bakkebrann<\/li>\n<li>Opptil 56 timers drift p\u00e5 2 standard alkaliske AA-batterier (bruk litiumbatterier for ekstreme kalde omgivelser eller langtidslagring)<\/li>\n<li>Vedlagt infrar\u00f8dt (IR) filter for Night Vision Goggle (NVG) visning med filtforing for \u00e5 forhindre \u00e5penlys lekkasje<\/li>\n<li>Toppmoderne LED-teknologi<\/li>\n<li>Forh\u00f8yede polaritetsindikatorer tillater korrekt batteriplassering<\/li>\n<li>Overg\u00e5r SOLAS standard<\/li>\n<\/ul>\n","protected":false},"excerpt":{"rendered":"<p>Vi introduserer den nye M2-versjonen: et strobemarkeringslys som er lysere og enklere \u00e5 bruke enn forgjengeren. N\u00e5r det gjelder \u00e5 redde liv, er ikke noe mindre enn det beste et alternativ. MS-2000(M2) Doublefly er designet for \u00e5 m\u00f8te og ofte overg\u00e5 milit\u00e6re spesifikasjoner og er bygget for bruk p\u00e5 flere oppdrag.  <\/p>\n","protected":false},"featured_media":12267,"template":"","meta":{"_acf_changed":false,"om_disable_all_campaigns":false},"product_brand":[],"product_cat":[3264,3262,3249,3261,3263],"product_tag":[5238,5241,5233,5227,5229,5225,5215,5217,5213,5219,5235,5237,5045,5223,5210,5221,5231],"class_list":{"0":"post-37728","1":"product","2":"type-product","3":"status-publish","4":"has-post-thumbnail","6":"product_cat-bakke-spesialstyrker","7":"product_cat-luftpatrulje","8":"product_cat-militaer","9":"product_cat-politi-kommune","10":"product_cat-sjostyrker","11":"product_tag-3994-no","12":"product_tag-3994-2-no","13":"product_tag-fast-markeringslys","14":"product_tag-militaer-nodlys","15":"product_tag-militaerspesifikasjon-strobe","16":"product_tag-militaert-redningslys","17":"product_tag-ms-2000-no","18":"product_tag-ms-2000-m-no","19":"product_tag-ms-2000m-no","20":"product_tag-ms-2000r-no","21":"product_tag-ms-2000m-no-2","22":"product_tag-ms-2000m2-no","23":"product_tag-ms2000-no","24":"product_tag-ms2000-lys","25":"product_tag-ms2000m-no","26":"product_tag-ms2000r-no","27":"product_tag-sos-no","29":"first","30":"instock","31":"taxable","32":"shipping-taxable","33":"product-type-simple"},"acf":[],"_links":{"self":[{"href":"https:\/\/acrartex-intl.dev.enterwell.space\/no\/wp-json\/wp\/v2\/product\/37728","targetHints":{"allow":["GET"]}}],"collection":[{"href":"https:\/\/acrartex-intl.dev.enterwell.space\/no\/wp-json\/wp\/v2\/product"}],"about":[{"href":"https:\/\/acrartex-intl.dev.enterwell.space\/no\/wp-json\/wp\/v2\/types\/product"}],"wp:featuredmedia":[{"embeddable":true,"href":"https:\/\/acrartex-intl.dev.enterwell.space\/no\/wp-json\/wp\/v2\/media\/12267"}],"wp:attachment":[{"href":"https:\/\/acrartex-intl.dev.enterwell.space\/no\/wp-json\/wp\/v2\/media?parent=37728"}],"wp:term":[{"taxonomy":"product_brand","embeddable":true,"href":"https:\/\/acrartex-intl.dev.enterwell.space\/no\/wp-json\/wp\/v2\/product_brand?post=37728"},{"taxonomy":"product_cat","embeddable":true,"href":"https:\/\/acrartex-intl.dev.enterwell.space\/no\/wp-json\/wp\/v2\/product_cat?post=37728"},{"taxonomy":"product_tag","embeddable":true,"href":"https:\/\/acrartex-intl.dev.enterwell.space\/no\/wp-json\/wp\/v2\/product_tag?post=37728"}],"curies":[{"name":"wp","href":"https:\/\/api.w.org\/{rel}","templated":true}]}}