{"id":37749,"date":"2021-03-16T08:15:52","date_gmt":"2021-03-16T13:15:52","guid":{"rendered":"https:\/\/acrartex-intl.dev.enterwell.space\/products\/ms-2000-m2-strobe-markeringslys\/"},"modified":"2021-03-16T08:15:52","modified_gmt":"2021-03-16T13:15:52","slug":"ms-2000-m2-strobe-markeringslys","status":"publish","type":"product","link":"https:\/\/acrartex-intl.dev.enterwell.space\/no\/products\/ms-2000-m2-strobe-markeringslys\/","title":{"rendered":"MS-2000 (M2) Strobe-markeringslys"},"content":{"rendered":"<p>I likhet med v\u00e5re h\u00f8yt respekterte, p\u00e5litelige SDU-5E og MS-2000(M), er MS-2000(M2) designet for \u00e5 m\u00f8te eller overg\u00e5 milit\u00e6re spesifikasjoner, inkludert MIL-L-38217D og CID AA-59176, og den har mange forbedrede livreddende funksjoner for \u00e5 m\u00f8te flere oppdrag.<\/p>\n<ul>\n<li>Oppfyller de mest oppdaterte kravene til milit\u00e6ret og passer til praktisk talt alle applikasjoner<\/li>\n<li>Ny flettet st\u00e5lholder holder batteridekselet festet<\/li>\n<li>Silikonkonformt belegg p\u00e5 elektroniske komponenter beskytter mot fuktighet<\/li>\n<li>Retningsbestemt bl\u00e5tt filter varsler vennlige styrker, skiller strobe fra bakkebrann<\/li>\n<li>Drives med 2 standard alkaliske AA-batterier (bruk litiumbatterier for ekstreme kalde omgivelser eller langtidslagring)<\/li>\n<li>Vedlagt infrar\u00f8dt (IR) filter for Night Vision Goggle (NVG) visning med filtforing for \u00e5 forhindre \u00e5penlys lekkasje<\/li>\n<li>Toppmoderne LED-teknologi<\/li>\n<li>Forh\u00f8yede polaritetsindikatorer tillater riktig batteriplassering til og med<\/li>\n<li>Ny vibrasjonsfunksjon varsler deg om aktivering og modusendringer skjult n\u00e5r du bruker IR-skjoldet n\u00e5r sikten er lav eller m\u00f8rk<\/li>\n<li>Overg\u00e5r SOLAS standard<\/li>\n<\/ul>\n","protected":false},"excerpt":{"rendered":"<p>N\u00e5r det gjelder \u00e5 redde liv, er ikke noe mindre enn det beste et alternativ. Siden introduksjonen av den originale MS-2000, har dette strobe-markeringslyset blitt det viktigste Combat Search and Rescue (C-SAR)-lyset b\u00e5ret av elitemilit\u00e6re styrker rundt om i verden. Akkurat som v\u00e5r p\u00e5litelige SDU-5E og MS-2000(M), er MS-2000(M2) designet for \u00e5 m\u00f8te og ofte overg\u00e5 milit\u00e6re spesifikasjoner. V\u00e6r forberedt p\u00e5 det uforutsigbare: &#8211; Toppmoderne LED-teknologi &#8211; Vibrasjonsfunksjon varsler deg om aktivering &#8211; Fungerer p\u00e5 2 standard alkaliske AA-batterier &#8211; Overg\u00e5r SOLAS-standarden &#8211; Flettet st\u00e5lholder &#8211; Retningsbestemt bl\u00e5filter varsler vennlige krefter   <\/p>\n","protected":false},"featured_media":12262,"template":"","meta":{"_acf_changed":false,"om_disable_all_campaigns":false},"product_brand":[],"product_cat":[3264,3262,3249,3261,3263],"product_tag":[5443,5445,5433,5437,5426,5429,5441,5227,5225,5215,5217,5213,5219,5045,5223,5210,5221],"class_list":{"0":"post-37749","1":"product","2":"type-product","3":"status-publish","4":"has-post-thumbnail","6":"product_cat-bakke-spesialstyrker","7":"product_cat-luftpatrulje","8":"product_cat-militaer","9":"product_cat-politi-kommune","10":"product_cat-sjostyrker","11":"product_tag-3990-no","12":"product_tag-3990-2-no","13":"product_tag-acr-ms-2000-no","14":"product_tag-acr-ms-2000m-no","15":"product_tag-acr-ms2000-no","16":"product_tag-acr-ms2000m-no","17":"product_tag-delenummer-3990-2","18":"product_tag-militaer-nodlys","19":"product_tag-militaert-redningslys","20":"product_tag-ms-2000-no","21":"product_tag-ms-2000-m-no","22":"product_tag-ms-2000m-no","23":"product_tag-ms-2000r-no","24":"product_tag-ms2000-no","25":"product_tag-ms2000-lys","26":"product_tag-ms2000m-no","27":"product_tag-ms2000r-no","29":"first","30":"instock","31":"taxable","32":"shipping-taxable","33":"product-type-simple"},"acf":[],"_links":{"self":[{"href":"https:\/\/acrartex-intl.dev.enterwell.space\/no\/wp-json\/wp\/v2\/product\/37749","targetHints":{"allow":["GET"]}}],"collection":[{"href":"https:\/\/acrartex-intl.dev.enterwell.space\/no\/wp-json\/wp\/v2\/product"}],"about":[{"href":"https:\/\/acrartex-intl.dev.enterwell.space\/no\/wp-json\/wp\/v2\/types\/product"}],"wp:featuredmedia":[{"embeddable":true,"href":"https:\/\/acrartex-intl.dev.enterwell.space\/no\/wp-json\/wp\/v2\/media\/12262"}],"wp:attachment":[{"href":"https:\/\/acrartex-intl.dev.enterwell.space\/no\/wp-json\/wp\/v2\/media?parent=37749"}],"wp:term":[{"taxonomy":"product_brand","embeddable":true,"href":"https:\/\/acrartex-intl.dev.enterwell.space\/no\/wp-json\/wp\/v2\/product_brand?post=37749"},{"taxonomy":"product_cat","embeddable":true,"href":"https:\/\/acrartex-intl.dev.enterwell.space\/no\/wp-json\/wp\/v2\/product_cat?post=37749"},{"taxonomy":"product_tag","embeddable":true,"href":"https:\/\/acrartex-intl.dev.enterwell.space\/no\/wp-json\/wp\/v2\/product_tag?post=37749"}],"curies":[{"name":"wp","href":"https:\/\/api.w.org\/{rel}","templated":true}]}}