{"id":37771,"date":"2021-03-16T08:16:59","date_gmt":"2021-03-16T13:16:59","guid":{"rendered":"https:\/\/acrartex-intl.dev.enterwell.space\/products\/c-strobe\/"},"modified":"2021-03-16T08:16:59","modified_gmt":"2021-03-16T13:16:59","slug":"c-strobe","status":"publish","type":"product","link":"https:\/\/acrartex-intl.dev.enterwell.space\/no\/products\/c-strobe\/","title":{"rendered":"C-Strobe\u2122"},"content":{"rendered":"<p>Den slanke, lette og allsidige designen passer lett i en lomme eller henger diskret n\u00e5r den festes til en redningsvest eller ryggsekk. De fleksible surringsl\u00f8kkene p\u00e5 siden av produktet gir mulighet for flere monteringsmuligheter, inkludert b\u00e5nd p\u00e5 ryggsekken eller stropper p\u00e5 redningsvesten. Velcro <sup>\u00ae-<\/sup> stroppen kan festes rundt surringsl\u00f8kkene og skaper utallige ekstra monteringsmuligheter. Lyset kommer ogs\u00e5 med en klips designet for \u00e5 enkelt gli over den oppbl\u00e5sbare redningsvestens orale oppbl\u00e5sningsr\u00f8r for \u00e5 lagre lyset i redningsvesten.<\/p>\n<p>&nbsp;<\/p>\n<p>Finnes ogs\u00e5 i en vannaktivert modell<\/p>\n<p>&nbsp;<\/p>\n<p><strong>Funksjoner:<\/strong><\/p>\n<ul>\n<li>For lokaliseringshjelp under n\u00f8dsituasjoner med lite lys<\/li>\n<li>Ekstremt lyssterk 45 Lumen hvit LED<\/li>\n<li>Den omfattende kontinuerlige levetiden p\u00e5 mer enn 120 timer<\/li>\n<li>Vanntett \u2013 Testet i 24 timer ved 1 m (3,3 fot)<\/li>\n<li>Enkel vri p\u00e5\/av aktivering<\/li>\n<li>Slagfast etui<\/li>\n<li>Bruker to &#8220;AA&#8221; 1,5V batterier (ikke inkludert)<\/li>\n<li>USCG\/SOLAS godkjent<\/li>\n<li>Ideell for redningsvester, camping, sykling, bil, etc.<\/li>\n<li>Inkludert borrel\u00e5sb\u00e5nd (med kardet versjon) brukt i forbindelse med integrerte surringsl\u00f8kker for monteringsfleksibilitet<\/li>\n<li>Inkludert PFD-klemme (med kardet versjon) for enkel feste til det orale oppbl\u00e5sningsr\u00f8ret<\/li>\n<\/ul>\n","protected":false},"excerpt":{"rendered":"<p>LED C-Strobe er et manuelt aktivert personlig n\u00f8dlys med en dramatisk forbedret levetid. Dette vanntette lyset er lite, men likevel robust og har en 45 lumen LED som vanligvis fungerer i 120 timer kontinuerlig. C-Strobe er USCG\/SOLAS-godkjent og aktiveres manuelt med en enkel vri p\u00e5\/av-aktivering, noe som gj\u00f8r den til et ideelt lys for alle friluftsentusiaster.  <\/p>\n<p>&nbsp;<\/p>\n<p><a href=\"https:\/\/www.dropbox.com\/s\/8343nj28z0d7bxa\/Prop%2065%20-%20BPA.pdf?dl=0\">ADVARSEL: PROP 65<\/a><\/p>\n<p>&nbsp;<\/p>\n<p><span style=\"color:#e74c3c\">KODE: <strong>SHIPFREE20<\/strong> Gratis landfrakt p\u00e5 bestillinger over U$30. Utelukker HI og AK <\/span><\/p>\n<p>&nbsp;<\/p>\n","protected":false},"featured_media":12282,"template":"","meta":{"_acf_changed":false,"om_disable_all_campaigns":false},"product_brand":[],"product_cat":[3256,3250,3254,2999,3252,3253,3258,3257,3000,3255],"product_tag":[5730,5727,5724,5725,5485,5492,5721,5733,5489,5487,5483],"class_list":{"0":"post-37771","1":"product","2":"type-product","3":"status-publish","4":"has-post-thumbnail","6":"product_cat-action-sport-offroad-no","7":"product_cat-inn-i-landet","8":"product_cat-kommersiell-no","9":"product_cat-marine-no","10":"product_cat-naer-kysten","11":"product_cat-off-shore-no","12":"product_cat-padlesport-fiske","13":"product_cat-reiseutstyr","14":"product_cat-utendors","15":"product_cat-vandring-klatring-camp","16":"product_tag-acr-c-strobe-no","17":"product_tag-acr-strobe-no","18":"product_tag-acr-strobe-lys","19":"product_tag-marine-strobe-lys","20":"product_tag-nodstrobe","21":"product_tag-nodstrobelys","22":"product_tag-pfd-lys-no","23":"product_tag-redningslys","24":"product_tag-sikkerhetsblitslys","25":"product_tag-strobe-sikkerhetslys","26":"product_tag-strobelys","27":"pa_activity-camping-no","28":"pa_activity-fiske-no","29":"pa_activity-klatring-no","30":"pa_activity-langrenn","31":"pa_activity-off-road-4x4-no","32":"pa_activity-padlesport","33":"pa_activity-ski-snowboard-no","34":"pa_activity-snoscooter","35":"pa_activity-sykkel","36":"pa_activity-vandring-no","37":"pa_boat-size-0-20-no","38":"pa_boat-size-21-40-no","39":"pa_boat-size-40-80-no","40":"pa_boat-size-80-no","41":"pa_boat-type-charter-yacht-no","42":"pa_boat-type-kommersielt-fiske","43":"pa_boat-type-lasteskip","44":"pa_boat-type-motorbat-no","45":"pa_boat-type-seilbat","46":"pa_boat-type-sportcraft-no","47":"pa_boat-type-taubat","48":"pa_boat-type-yacht-no","49":"pa_product-redningslys-no","50":"pa_product-signalprodukter-no","51":"pa_product-sikkerhetstilbehor","52":"pa_terrain-bakke-og-fjell","53":"pa_terrain-elver-vatmarker-innsjoer","54":"pa_terrain-skog-og-jungel","55":"pa_terrain-tundra-no","57":"first","58":"instock","59":"taxable","60":"shipping-taxable","61":"purchasable","62":"product-type-simple"},"acf":[],"_links":{"self":[{"href":"https:\/\/acrartex-intl.dev.enterwell.space\/no\/wp-json\/wp\/v2\/product\/37771","targetHints":{"allow":["GET"]}}],"collection":[{"href":"https:\/\/acrartex-intl.dev.enterwell.space\/no\/wp-json\/wp\/v2\/product"}],"about":[{"href":"https:\/\/acrartex-intl.dev.enterwell.space\/no\/wp-json\/wp\/v2\/types\/product"}],"wp:featuredmedia":[{"embeddable":true,"href":"https:\/\/acrartex-intl.dev.enterwell.space\/no\/wp-json\/wp\/v2\/media\/12282"}],"wp:attachment":[{"href":"https:\/\/acrartex-intl.dev.enterwell.space\/no\/wp-json\/wp\/v2\/media?parent=37771"}],"wp:term":[{"taxonomy":"product_brand","embeddable":true,"href":"https:\/\/acrartex-intl.dev.enterwell.space\/no\/wp-json\/wp\/v2\/product_brand?post=37771"},{"taxonomy":"product_cat","embeddable":true,"href":"https:\/\/acrartex-intl.dev.enterwell.space\/no\/wp-json\/wp\/v2\/product_cat?post=37771"},{"taxonomy":"product_tag","embeddable":true,"href":"https:\/\/acrartex-intl.dev.enterwell.space\/no\/wp-json\/wp\/v2\/product_tag?post=37771"}],"curies":[{"name":"wp","href":"https:\/\/api.w.org\/{rel}","templated":true}]}}