{"id":37786,"date":"2021-03-16T08:16:33","date_gmt":"2021-03-16T13:16:33","guid":{"rendered":"https:\/\/acrartex-intl.dev.enterwell.space\/products\/c-light\/"},"modified":"2021-03-16T08:16:33","modified_gmt":"2021-03-16T13:16:33","slug":"c-light","status":"publish","type":"product","link":"https:\/\/acrartex-intl.dev.enterwell.space\/no\/products\/c-light\/","title":{"rendered":"C-Light \u2122"},"content":{"rendered":"<p>Den slanke, lette og allsidige designen passer lett i en lomme eller henger diskret n\u00e5r den festes til en redningsvest eller ryggsekk. De fleksible surringsl\u00f8kkene p\u00e5 siden av produktet gir mulighet for flere monteringsmuligheter, inkludert b\u00e5nd p\u00e5 ryggsekken eller stropper p\u00e5 redningsvesten. Velcro <sup>\u00ae-<\/sup> stroppen kan festes rundt surringsl\u00f8kkene og skaper utallige ekstra monteringsmuligheter. Lyset kommer ogs\u00e5 med en klips designet for \u00e5 enkelt gli over den oppbl\u00e5sbare redningsvestens orale oppbl\u00e5sningsr\u00f8r for \u00e5 lagre lyset i redningsvesten.   <\/p>\n<p>Ogs\u00e5 tilgjengelig i en vannaktivert modell<\/p>\n<p><strong>Funksjoner:<\/strong><\/p>\n<ul>\n<li>For lokaliseringshjelp under n\u00f8dsituasjoner med lite lys<\/li>\n<li>Ekstremt lyssterk 20 Lumen hvit LED<\/li>\n<li>Omfattende kontinuerlig levetid p\u00e5 mer enn 30 timer<\/li>\n<li>Vanntett \u2013 Testet i 24 timer ved 1 m (3,3 fot)<\/li>\n<li>Enkel vri p\u00e5\/av aktivering<\/li>\n<li>Slagfast veske<\/li>\n<li>Bruker to &#8220;AA&#8221; 1,5V batterier (ikke inkludert)<\/li>\n<li>USCG\/SOLAS godkjent<\/li>\n<li>Ideell for redningsvester, camping, sykling, bil, etc.<\/li>\n<li>Inkludert borrel\u00e5sb\u00e5nd (med kardet versjon) brukt i forbindelse med integrerte surringsl\u00f8kker for monteringsfleksibilitet<\/li>\n<li>Inkludert PFD-klemme (med kardet versjon) for enkel feste til oralt oppbl\u00e5singsr\u00f8r<\/li>\n<\/ul>\n","protected":false},"excerpt":{"rendered":"<p>LED C-Light er et manuelt aktivert, fast personlig n\u00f8dlys med dramatisk forbedret levetid. Dette vanntette lyset er lite, men likevel robust, og har en 20 lumen LED som vanligvis fungerer i 30 timer kontinuerlig. C-Light er godkjent av USCG\/SOLAS, og aktiveres manuelt med en enkel vri p\u00e5\/av aktivering, noe som gj\u00f8r det til et ideelt lys for alle friluftsentusiaster.  <\/p>\n<p>&nbsp;<\/p>\n<p style=\"margin-left: 0in; margin-right: 0in;\"><span style=\"font-size: 11pt;\"><span style=\"font-family: Calibri,sans-serif;\"><a style=\"color: blue; text-decoration: underline;\" href=\"https:\/\/www.dropbox.com\/s\/8343nj28z0d7bxa\/Prop%2065%20-%20BPA.pdf?dl=0\"><span style=\"color: #000000;\">ADVARSEL: PROP 65<\/span><\/a><\/span><\/span><\/p>\n<p style=\"margin-left: 0in; margin-right: 0in;\">\n<p style=\"margin-left: 0in; margin-right: 0in;\"><span style=\"color: #e74c3c;\">KODE: <strong>SHIPFREE20<\/strong> Gratis landfrakt p\u00e5 bestillinger over U$30. Utelukker HI og AK <\/span><\/p>\n<p style=\"margin-left: 0in; margin-right: 0in;\">\n","protected":false},"featured_media":12274,"template":"","meta":{"_acf_changed":false,"om_disable_all_campaigns":false},"product_brand":[],"product_cat":[3256,3250,3254,2999,3252,3253,3258,3257,3000,3255],"product_tag":[5843,5854,5863,5848,5816,5047,5860,5851,5721],"class_list":{"0":"post-37786","1":"product","2":"type-product","3":"status-publish","4":"has-post-thumbnail","6":"product_cat-action-sport-offroad-no","7":"product_cat-inn-i-landet","8":"product_cat-kommersiell-no","9":"product_cat-marine-no","10":"product_cat-naer-kysten","11":"product_cat-off-shore-no","12":"product_cat-padlesport-fiske","13":"product_cat-reiseutstyr","14":"product_cat-utendors","15":"product_cat-vandring-klatring-camp","16":"product_tag-acr-c-lys-no","17":"product_tag-acr-led-c-lys-no","18":"product_tag-acr-led-lys-no","19":"product_tag-c-lys-no-2","20":"product_tag-c-lys-no","21":"product_tag-lys-no","22":"product_tag-nodlys-no-2","23":"product_tag-nodlys-led","24":"product_tag-pfd-lys-no","25":"pa_activity-camping-no","26":"pa_activity-fiske-no","27":"pa_activity-klatring-no","28":"pa_activity-langrenn","29":"pa_activity-off-road-4x4-no","30":"pa_activity-padlesport","31":"pa_activity-ski-snowboard-no","32":"pa_activity-snoscooter","33":"pa_activity-sykkel","34":"pa_activity-vandring-no","35":"pa_boat-size-0-20-no","36":"pa_boat-size-21-40-no","37":"pa_boat-size-40-80-no","38":"pa_boat-size-80-no","39":"pa_boat-type-charter-yacht-no","40":"pa_boat-type-kommersielt-fiske","41":"pa_boat-type-lasteskip","42":"pa_boat-type-motorbat-no","43":"pa_boat-type-seilbat","44":"pa_boat-type-sportcraft-no","45":"pa_boat-type-taubat","46":"pa_boat-type-yacht-no","47":"pa_product-redningslys-no","48":"pa_product-signalprodukter-no","49":"pa_product-sikkerhetstilbehor","50":"pa_terrain-bakke-og-fjell","51":"pa_terrain-elver-vatmarker-innsjoer","52":"pa_terrain-skog-og-jungel","53":"pa_terrain-tundra-no","55":"first","56":"instock","57":"taxable","58":"shipping-taxable","59":"purchasable","60":"product-type-simple"},"acf":[],"_links":{"self":[{"href":"https:\/\/acrartex-intl.dev.enterwell.space\/no\/wp-json\/wp\/v2\/product\/37786","targetHints":{"allow":["GET"]}}],"collection":[{"href":"https:\/\/acrartex-intl.dev.enterwell.space\/no\/wp-json\/wp\/v2\/product"}],"about":[{"href":"https:\/\/acrartex-intl.dev.enterwell.space\/no\/wp-json\/wp\/v2\/types\/product"}],"wp:featuredmedia":[{"embeddable":true,"href":"https:\/\/acrartex-intl.dev.enterwell.space\/no\/wp-json\/wp\/v2\/media\/12274"}],"wp:attachment":[{"href":"https:\/\/acrartex-intl.dev.enterwell.space\/no\/wp-json\/wp\/v2\/media?parent=37786"}],"wp:term":[{"taxonomy":"product_brand","embeddable":true,"href":"https:\/\/acrartex-intl.dev.enterwell.space\/no\/wp-json\/wp\/v2\/product_brand?post=37786"},{"taxonomy":"product_cat","embeddable":true,"href":"https:\/\/acrartex-intl.dev.enterwell.space\/no\/wp-json\/wp\/v2\/product_cat?post=37786"},{"taxonomy":"product_tag","embeddable":true,"href":"https:\/\/acrartex-intl.dev.enterwell.space\/no\/wp-json\/wp\/v2\/product_tag?post=37786"}],"curies":[{"name":"wp","href":"https:\/\/api.w.org\/{rel}","templated":true}]}}