{"id":37922,"date":"2021-03-16T08:14:56","date_gmt":"2021-03-16T13:14:56","guid":{"rendered":"https:\/\/acrartex-intl.dev.enterwell.space\/products\/rcl-600a-sokelys\/"},"modified":"2021-03-16T08:14:56","modified_gmt":"2021-03-16T13:14:56","slug":"rcl-600a-sokelys","status":"publish","type":"product","link":"https:\/\/acrartex-intl.dev.enterwell.space\/no\/products\/rcl-600a-sokelys\/","title":{"rendered":"RCL -600A s\u00f8kelys"},"content":{"rendered":"<p>Den robuste, pulverlakkerte s\u00f8kelykten i aluminium med alle interne\/beskyttede motorer og h\u00f8ydemekanismer vil st\u00e5 opp mot det t\u00f8ffe marine milj\u00f8et for mange \u00e5rs nyttig service<\/p>\n<ul>\n<li>Automatisk retur bringer lyset tilbake til en forh\u00e5ndsinnstilt posisjon<\/li>\n<li>Xenonlampe og parabolsk reflektor gir hyperintens 6 000 000 candela spotlight str\u00e5le<\/li>\n<li>Huset roterer hele 360\u00b0 og gir mulighet for all-round belysning<\/li>\n<li>Nylon skulderskiver ved basen eliminerer den galvaniske reaksjonen<\/li>\n<li>Innkapsling i marinekvalitet for \u00e5revis med p\u00e5litelig, v\u00e6rbestandig service<\/li>\n<li>Estetisk utformet for \u00e5 m\u00f8te ytelseskravene til store lystyachter<\/li>\n<li>Intern elevasjonsmekanisme gir pitch-kontroll av spotlight mens den beskytter elevasjonsmekanismen mot v\u00e6r<\/li>\n<\/ul>\n<p>Stikkord: s\u00f8kelys, s\u00f8kelys, RCL s\u00f8kelykt, RCL 600, b\u00e5ts\u00f8kelys, marin s\u00f8kelys, marine s\u00f8kelys, ACR s\u00f8kelys, 1941, P\/N 1941<\/p>\n","protected":false},"excerpt":{"rendered":"<p><span style=\"color:#e74c3c\"><strong>Estimert leveringsdato 10\/01\/2020<\/strong><\/span><\/p>\n<p>Med 6 millioner candelaer gjennomborer dette f\u00f8rsteklasses s\u00f8kelyset selv den m\u00f8rkeste natten. Dens h\u00f8yintensive 150-watts Xenon-p\u00e6re og parabolske reflektor gir t\u00f8ff kraft for kommersielle fart\u00f8yer, mens dens estetiske design oppfyller alle behovene til store lystyachter. Bytt enkelt fra flomlys til spotlight, og sikt n\u00f8yaktig med den selvforsynte fjernstyrespaken.  &nbsp;<\/p>\n","protected":false},"featured_media":12243,"template":"","meta":{"_acf_changed":false,"om_disable_all_campaigns":false},"product_brand":[],"product_cat":[3254,2999,3252,3253],"product_tag":[5424,6370,6385,6384,5420,5422,5416,6383,6364,5869,5418,5876,5873,6366,6369],"class_list":{"0":"post-37922","1":"product","2":"type-product","3":"status-publish","4":"has-post-thumbnail","6":"product_cat-kommersiell-no","7":"product_cat-marine-no","8":"product_cat-naer-kysten","9":"product_cat-off-shore-no","10":"product_tag-acr-sokelys","11":"product_tag-acr-sokelys-no","12":"product_tag-fjernkontroll-sokelys","13":"product_tag-jabsco-sokelykt","14":"product_tag-marine-sokelys","15":"product_tag-marine-sokelys-no","16":"product_tag-rcl-no","17":"product_tag-rcl-sokelys","18":"product_tag-sokelys-no","19":"product_tag-sokelys","20":"product_tag-sokelys-for-bat","21":"product_tag-sokelys-selskap","22":"product_tag-sokelys-til-salgs","23":"product_tag-xenon-sokelys","24":"product_tag-xenon-sokelys-no","25":"pa_boat-type-charter-yacht-no","26":"pa_boat-type-kommersielt-fiske","27":"pa_boat-type-lasteskip","28":"pa_boat-type-yacht-no","29":"pa_product-sokelys","31":"first","32":"instock","33":"taxable","34":"shipping-taxable","35":"purchasable","36":"product-type-simple"},"acf":[],"_links":{"self":[{"href":"https:\/\/acrartex-intl.dev.enterwell.space\/no\/wp-json\/wp\/v2\/product\/37922","targetHints":{"allow":["GET"]}}],"collection":[{"href":"https:\/\/acrartex-intl.dev.enterwell.space\/no\/wp-json\/wp\/v2\/product"}],"about":[{"href":"https:\/\/acrartex-intl.dev.enterwell.space\/no\/wp-json\/wp\/v2\/types\/product"}],"wp:featuredmedia":[{"embeddable":true,"href":"https:\/\/acrartex-intl.dev.enterwell.space\/no\/wp-json\/wp\/v2\/media\/12243"}],"wp:attachment":[{"href":"https:\/\/acrartex-intl.dev.enterwell.space\/no\/wp-json\/wp\/v2\/media?parent=37922"}],"wp:term":[{"taxonomy":"product_brand","embeddable":true,"href":"https:\/\/acrartex-intl.dev.enterwell.space\/no\/wp-json\/wp\/v2\/product_brand?post=37922"},{"taxonomy":"product_cat","embeddable":true,"href":"https:\/\/acrartex-intl.dev.enterwell.space\/no\/wp-json\/wp\/v2\/product_cat?post=37922"},{"taxonomy":"product_tag","embeddable":true,"href":"https:\/\/acrartex-intl.dev.enterwell.space\/no\/wp-json\/wp\/v2\/product_tag?post=37922"}],"curies":[{"name":"wp","href":"https:\/\/api.w.org\/{rel}","templated":true}]}}