{"id":37973,"date":"2021-03-16T08:14:18","date_gmt":"2021-03-16T13:14:18","guid":{"rendered":"https:\/\/acrartex-intl.dev.enterwell.space\/products\/fjernbryter-me406-ace-455-0023\/"},"modified":"2021-03-16T08:14:18","modified_gmt":"2021-03-16T13:14:18","slug":"fjernbryter-me406-ace-455-0023","status":"publish","type":"product","link":"https:\/\/acrartex-intl.dev.enterwell.space\/no\/products\/fjernbryter-me406-ace-455-0023\/","title":{"rendered":"Fjernbryter, ME406 ACE 455-0023"},"content":{"rendered":"<p>Fjernbryteren inneholder et lite, 5-\u00e5rs litiumbatteri for \u00e5 drive lysdioden til fjernbryteren, og dermed lar ELT systemet v\u00e6re uavhengig av flyets str\u00f8m. Baksiden av fjernbryteren inneholder kontakten for den allerede installerte og gjenbrukte &#8220;telefonledningen&#8221; til ACK- eller Ameri-King ELT installasjonen. <\/p>\n","protected":false},"excerpt":{"rendered":"<p>Denne fjernbryteren inneholder et lite, 5-\u00e5rig litiumbatteri som er designet for \u00e5 drive lysdioden til fjernbryteren, og dermed lar ELT systemet v\u00e6re uavhengig av flyets str\u00f8m. Baksiden av fjernbryteren inneholder kontakten for den allerede installerte og gjenbrukte &#8220;telefonledningen&#8221; til ACK- eller Ameri-King ELT installasjonen. Fjernbryteren for ME406 ACE passer n\u00f8yaktig inn i utskj\u00e6ringen til ACK ELT fjernbryteren p\u00e5 et flys instrumentpanel. For Ameri-King ELT -systemoppgraderinger m\u00e5 imidlertid utskj\u00e6ringen tilpasses litt.  <\/p>\n<p>&nbsp;<\/p>\n","protected":false},"featured_media":12233,"template":"","meta":{"_acf_changed":false,"om_disable_all_campaigns":false},"product_brand":[],"product_cat":[3248],"product_tag":[6551,6550,2815,2710,2708,2821,6549,2820,6553,6555,6552,6554],"class_list":{"0":"post-37973","1":"product","2":"type-product","3":"status-publish","4":"has-post-thumbnail","6":"product_cat-luftfart","7":"product_tag-453-0023-no","8":"product_tag-delenummer-453-0023","9":"product_tag-elt-fjernbrytere","10":"product_tag-fjernbryter","11":"product_tag-fjernkontroll","12":"product_tag-fjernsynsbryter","13":"product_tag-fjerntestbryter","14":"product_tag-nvg-fjernbryter","15":"product_tag-p-n-453-0023-no","16":"product_tag-p-n453-0023-no","17":"product_tag-pn-453-0023-no","18":"product_tag-pn453-0023-no","20":"first","21":"instock","22":"taxable","23":"shipping-taxable","24":"product-type-simple"},"acf":[],"_links":{"self":[{"href":"https:\/\/acrartex-intl.dev.enterwell.space\/no\/wp-json\/wp\/v2\/product\/37973","targetHints":{"allow":["GET"]}}],"collection":[{"href":"https:\/\/acrartex-intl.dev.enterwell.space\/no\/wp-json\/wp\/v2\/product"}],"about":[{"href":"https:\/\/acrartex-intl.dev.enterwell.space\/no\/wp-json\/wp\/v2\/types\/product"}],"wp:featuredmedia":[{"embeddable":true,"href":"https:\/\/acrartex-intl.dev.enterwell.space\/no\/wp-json\/wp\/v2\/media\/12233"}],"wp:attachment":[{"href":"https:\/\/acrartex-intl.dev.enterwell.space\/no\/wp-json\/wp\/v2\/media?parent=37973"}],"wp:term":[{"taxonomy":"product_brand","embeddable":true,"href":"https:\/\/acrartex-intl.dev.enterwell.space\/no\/wp-json\/wp\/v2\/product_brand?post=37973"},{"taxonomy":"product_cat","embeddable":true,"href":"https:\/\/acrartex-intl.dev.enterwell.space\/no\/wp-json\/wp\/v2\/product_cat?post=37973"},{"taxonomy":"product_tag","embeddable":true,"href":"https:\/\/acrartex-intl.dev.enterwell.space\/no\/wp-json\/wp\/v2\/product_tag?post=37973"}],"curies":[{"name":"wp","href":"https:\/\/api.w.org\/{rel}","templated":true}]}}