{"id":39983,"date":"2021-11-12T16:18:34","date_gmt":"2021-11-12T21:18:34","guid":{"rendered":"https:\/\/acrartex-intl.dev.enterwell.space\/products\/bivy-pinne-og-solcellepanel-overlevelsessett\/"},"modified":"2025-08-08T14:38:19","modified_gmt":"2025-08-08T19:38:19","slug":"bivy-pinne-og-solcellepanel-overlevelsessett","status":"publish","type":"product","link":"https:\/\/acrartex-intl.dev.enterwell.space\/no\/products\/bivy-pinne-og-solcellepanel-overlevelsessett\/","title":{"rendered":"Bivy pinne og solcellepanel overlevelsessett"},"content":{"rendered":"<p>Aktiver Bivy Stick SOS enkelt via knappen p\u00e5 enheten eller gjennom appen p\u00e5 telefonen din. Bivy Stick-abonnementet inkluderer 24\/7 overv\u00e5king av Global Rescue. Aktivering av SOS vil la deg kommunisere med Global Rescue via tekst, eller hvis du ikke kan kommunisere via tekst, vil s\u00f8k og redning bli guidet til din GPS-posisjon.  <\/p>\n<p>N\u00e5r s\u00f8k- og redningsmannskaper ankommer stedet, vil det lyse LED C-Strobe H2O-strobelyset fange redningsmannskapenes oppmerksomhet om natten, eller bruk signalspeilet for \u00e5 f\u00e5 deres oppmerksomhet p\u00e5 dagtid. Oppbevar alt n\u00f8dutstyret ditt i RapidDitch t\u00f8rrsekken for \u00e5 holde overlevelsessettet praktisk samlet. <\/p>\n<p>Bivy 15W solcellepanel vil holde telefonen og Bivy Stick ladet gjennom hele eventyret ditt. Solcellepanelet konverterer effektivt opptil 20% av solenergi til str\u00f8m, og den ultratynne og sammenleggbare designen gj\u00f8r den enkel \u00e5 b\u00e6re med seg. <\/p>\n<p>&nbsp;<\/p>\n<p>Dette settet inneholder f\u00f8lgende essensielle overlevelsesprodukter:<\/p>\n<ul>\n<li>Bivy toveis satellittkommunikator med 24\/7 SOS drevet av Global Rescue (Abonnement p\u00e5krevd)<\/li>\n<li>Bivy 15W solcellepanel<\/li>\n<li>C-Strobe H2O redningslys<\/li>\n<li>Signalspeil<\/li>\n<li>Res-q\u2122 fl\u00f8yte<\/li>\n<li>RapidDitch t\u00f8rrsekk<\/li>\n<\/ul>\n<p><strong>Solcellepanel: <\/strong><\/p>\n<p>INTELLIGENT LADETEKNOLOGI: USB-porten gjenkjenner automatisk enhetene dine for \u00e5 gi optimal ladestr\u00f8minngang og \u00f8ke ladehastigheten for \u00e5 minimere ladetiden.<\/p>\n<p>H\u00d8Y KONVERTERINGSRATE: Det ETFE-belagte panelet absorberer sollys effektivt og konverterer opptil 20% av solenergi til str\u00f8m; lader jevnt iOS, Android, Bivy Stick, batteripakker, GoPro og annen elektronikk.<\/p>\n<p>B\u00c6RBAR OG LETT: Ultratynn og sammenleggbar design gj\u00f8r den enkel \u00e5 b\u00e6re med seg;<\/p>\n<p>SMUSS- OG SPRUTSIKKER: IPX4 vanntett klassifisering, som er motstandsdyktig mot vannsprut og st\u00f8v, uansett retning; gj\u00f8r den perfekt for utend\u00f8rs bruk.<\/p>\n<p>Effekt: 15WBovy<\/p>\n<dl>\n<dt>Utgang: 5V\/3A<\/dt>\n<\/dl>\n<dl>\n<dt>Sertifikat: CE FCC ROHS<\/dt>\n<\/dl>\n<dl>\n<dt>Vekt: 450g<\/dt>\n<dt><\/dt>\n<dt>St\u00f8rrelse: (sammenfoldet) 25,4 cm x 16,5 cm x 1,9 cm<\/dt>\n<dt> (Utfoldet) 25,4 cm x 49,5 cm<\/dt>\n<\/dl>\n","protected":false},"excerpt":{"rendered":"<p>Med global satellittdekning via Iridium-satellittnettverket kan du kommunisere gjennom Bivy Stick hvor som helst du har utsikt til himmelen. Selv om den er praktisk kompakt, tilbyr Bivy Stick fortsatt et omfattende sett med funksjoner, inkludert toveis tekstmeldinger, SOS, posisjonsdeling, ett-trykks innsjekking og detaljerte v\u00e6rmeldinger sendt direkte til mobiltelefonen din via satellitt. N\u00e5 tilgjengelig med det helt nye Bivy Stick  solcellepanel overlevelsessett.  <\/p>\n<p><a href=\"http:\/\/acrartex-intl.dev.enterwell.space\/survival-products-end-of-year\/\"><img loading=\"lazy\" decoding=\"async\" class=\"alignnone size-medium wp-image-25976\" src=\"http:\/\/acrartex-intl.dev.enterwell.space\/wp-content\/uploads\/2021\/03\/End-of-Year-EVENT-Button-W-BG-300x38.gif\" alt=\"\" width=\"300\" height=\"38\"><\/a><\/p>\n<p><a href=\"https:\/\/www.dropbox.com\/s\/fk04stqsp2hgk5f\/Prop%2065%20-%20DEHP.pdf?dl=0\" data-cke-saved-href=\"https:\/\/www.dropbox.com\/s\/fk04stqsp2hgk5f\/Prop%2065%20-%20DEHP.pdf?dl=0\">ADVARSEL: PROP 65<\/a><\/p>\n","protected":false},"featured_media":26003,"template":"","meta":{"_acf_changed":false,"om_disable_all_campaigns":false},"product_brand":[],"product_cat":[3248,2999,3000],"product_tag":[7039,7036,7028,7022,7042,7037,7038,7041,7040,7023,7024,7035,7029,7031,7030,3005,7025,7032,7043,7033,7021,7034,7026,7027],"class_list":{"0":"post-39983","1":"product","2":"type-product","3":"status-publish","4":"has-post-thumbnail","6":"product_cat-luftfart","7":"product_cat-marine-no","8":"product_cat-utendors","9":"product_tag-2364-no","10":"product_tag-4601-no","11":"product_tag-acr-bivy-no","12":"product_tag-bivy-no","13":"product_tag-bivy-og-solcellepanel-sett","14":"product_tag-bivy-overlevelse-no","15":"product_tag-bivy-overlevelsessett","16":"product_tag-bivy-pinne-og-solcellepanel-overlevelsessett","17":"product_tag-bivy-solcellepanel","18":"product_tag-bivy-stick-no","19":"product_tag-bivy-stick-bla-no","20":"product_tag-bivy-vs-plb-no","21":"product_tag-bivy-app-no","22":"product_tag-bluetooth-no","23":"product_tag-global-rescue-no","24":"product_tag-gps-no","25":"product_tag-iridium-no","26":"product_tag-mini-no","27":"product_tag-mini-gps-no","28":"product_tag-minste-satellittkommunikator","29":"product_tag-overlevelsessett","30":"product_tag-satellitt-gps-sporing","31":"product_tag-sporing-no","32":"product_tag-toveis-kommunikasjon","34":"first","35":"outofstock","36":"taxable","37":"shipping-taxable","38":"purchasable","39":"product-type-simple"},"acf":[],"_links":{"self":[{"href":"https:\/\/acrartex-intl.dev.enterwell.space\/no\/wp-json\/wp\/v2\/product\/39983","targetHints":{"allow":["GET"]}}],"collection":[{"href":"https:\/\/acrartex-intl.dev.enterwell.space\/no\/wp-json\/wp\/v2\/product"}],"about":[{"href":"https:\/\/acrartex-intl.dev.enterwell.space\/no\/wp-json\/wp\/v2\/types\/product"}],"wp:featuredmedia":[{"embeddable":true,"href":"https:\/\/acrartex-intl.dev.enterwell.space\/no\/wp-json\/wp\/v2\/media\/26003"}],"wp:attachment":[{"href":"https:\/\/acrartex-intl.dev.enterwell.space\/no\/wp-json\/wp\/v2\/media?parent=39983"}],"wp:term":[{"taxonomy":"product_brand","embeddable":true,"href":"https:\/\/acrartex-intl.dev.enterwell.space\/no\/wp-json\/wp\/v2\/product_brand?post=39983"},{"taxonomy":"product_cat","embeddable":true,"href":"https:\/\/acrartex-intl.dev.enterwell.space\/no\/wp-json\/wp\/v2\/product_cat?post=39983"},{"taxonomy":"product_tag","embeddable":true,"href":"https:\/\/acrartex-intl.dev.enterwell.space\/no\/wp-json\/wp\/v2\/product_tag?post=39983"}],"curies":[{"name":"wp","href":"https:\/\/api.w.org\/{rel}","templated":true}]}}