{"id":39997,"date":"2021-04-29T22:29:03","date_gmt":"2021-04-30T03:29:03","guid":{"rendered":"https:\/\/acrartex-intl.dev.enterwell.space\/products\/resqlink-view-og-resqflare-overlevelsespakke\/"},"modified":"2025-08-08T14:36:30","modified_gmt":"2025-08-08T19:36:30","slug":"resqlink-view-og-resqflare-overlevelsespakke","status":"publish","type":"product","link":"https:\/\/acrartex-intl.dev.enterwell.space\/no\/products\/resqlink-view-og-resqflare-overlevelsespakke\/","title":{"rendered":"ResQLink View og ResQFlare overlevelsespakke"},"content":{"rendered":"<p>ResQFlare leveres med et inkludert n\u00f8dsignalflagg, og n\u00e5r de b\u00e6res sammen, er de sertifisert til \u00e5 oppfylle de gjeldende kravene fra U.S. Coast Guard, slik at de kan b\u00e6res i stedet for tradisjonelle pyrotekniske bluss (kun i USA) p\u00e5 fritidsfart\u00f8y.<\/p>\n<p>ResQLink View og ResQFlare overlevelsespakke er b\u00e5de lett og kompakt, men stor p\u00e5 bekvemmelighet. Med denne pakken har du redning i h\u00e5ndflaten med ResQLink View, den gir deg alle de viktigste sikkerhetsartiklene, og lar deg eliminere de iboende ulempene forbundet med \u00e5 kj\u00f8pe og kaste tradisjonelle pyrotekniske bluss. <\/p>\n<p>Dette settet inneholder f\u00f8lgende essensielle overlevelsesprodukter:<\/p>\n<ul>\n<li>ResQLink View Personal Locator Beacon<\/li>\n<li>ResQFlare elektronisk n\u00f8dbluss<\/li>\n<li>C-Strobe H2O redningslys<\/li>\n<li>Signalspeil<\/li>\n<li>Res-q\u2122 fl\u00f8yte<\/li>\n<li>RapidDitch t\u00f8rrsekk<\/li>\n<\/ul>\n","protected":false},"excerpt":{"rendered":"<p>Pakk ResQLink View og ResQFlare overlevelsespakke for ditt neste eventyr og opplev den enest\u00e5ende sikkerheten ved \u00e5 b\u00e6re en 406 MHz n\u00f8dpeilesender i kombinasjon med den eksepsjonelle bekvemmeligheten til ResQFlare.<\/p>\n<p><a href=\"https:\/\/www.dropbox.com\/s\/0ezw0kexbm120vv\/Prop%2065%20-%20Lead%20and%20Lead%20Compounds.pdf?dl=0\">ADVARSEL: PROP 65<\/a><\/p>\n<p>&nbsp;<\/p>\n","protected":false},"featured_media":26155,"template":"","meta":{"_acf_changed":false,"om_disable_all_campaigns":false},"product_brand":[],"product_cat":[3250,3254,2999,3252,3253,3258],"product_tag":[7185,4632,7184,3001,7183],"class_list":{"0":"post-39997","1":"product","2":"type-product","3":"status-publish","4":"has-post-thumbnail","6":"product_cat-inn-i-landet","7":"product_cat-kommersiell-no","8":"product_cat-marine-no","9":"product_cat-naer-kysten","10":"product_cat-off-shore-no","11":"product_cat-padlesport-fiske","12":"product_tag-acr-personlig-posisjonsradiofyr","13":"product_tag-nodlokaliseringssender","14":"product_tag-nodpeilesender-no","15":"product_tag-plb-no","16":"product_tag-resq-no","18":"first","19":"onbackorder","20":"taxable","21":"shipping-taxable","22":"purchasable","23":"product-type-simple"},"acf":[],"_links":{"self":[{"href":"https:\/\/acrartex-intl.dev.enterwell.space\/no\/wp-json\/wp\/v2\/product\/39997","targetHints":{"allow":["GET"]}}],"collection":[{"href":"https:\/\/acrartex-intl.dev.enterwell.space\/no\/wp-json\/wp\/v2\/product"}],"about":[{"href":"https:\/\/acrartex-intl.dev.enterwell.space\/no\/wp-json\/wp\/v2\/types\/product"}],"wp:featuredmedia":[{"embeddable":true,"href":"https:\/\/acrartex-intl.dev.enterwell.space\/no\/wp-json\/wp\/v2\/media\/26155"}],"wp:attachment":[{"href":"https:\/\/acrartex-intl.dev.enterwell.space\/no\/wp-json\/wp\/v2\/media?parent=39997"}],"wp:term":[{"taxonomy":"product_brand","embeddable":true,"href":"https:\/\/acrartex-intl.dev.enterwell.space\/no\/wp-json\/wp\/v2\/product_brand?post=39997"},{"taxonomy":"product_cat","embeddable":true,"href":"https:\/\/acrartex-intl.dev.enterwell.space\/no\/wp-json\/wp\/v2\/product_cat?post=39997"},{"taxonomy":"product_tag","embeddable":true,"href":"https:\/\/acrartex-intl.dev.enterwell.space\/no\/wp-json\/wp\/v2\/product_tag?post=39997"}],"curies":[{"name":"wp","href":"https:\/\/api.w.org\/{rel}","templated":true}]}}