{"id":37541,"date":"2021-03-16T08:14:14","date_gmt":"2021-03-16T13:14:14","guid":{"rendered":"https:\/\/acrartex-intl.dev.enterwell.space\/products\/fjarrbrytare-cessna\/"},"modified":"2021-03-16T08:14:14","modified_gmt":"2021-03-16T13:14:14","slug":"fjarrbrytare-cessna","status":"publish","type":"product","link":"https:\/\/acrartex-intl.dev.enterwell.space\/sv\/products\/fjarrbrytare-cessna\/","title":{"rendered":"Fj\u00e4rrbrytare &#8211; Cessna"},"content":{"rendered":"","protected":false},"excerpt":{"rendered":"<p>Denna fj\u00e4rrkontroll har designats f\u00f6r att uppfylla Cessnas krav f\u00f6r att matcha f\u00e4rgen p\u00e5 deras str\u00f6mbrytarh\u00f6lje med f\u00e4rgen p\u00e5 instrumentpanelen.<\/p>\n<p>&nbsp;<\/p>\n","protected":false},"featured_media":12232,"template":"","meta":{"_acf_changed":false,"om_disable_all_campaigns":false},"product_brand":[],"product_cat":[2353],"product_tag":[2655,2642,2654,2651,2649,2637,2639,2635,2657,2643,2646,2634,2648],"class_list":{"0":"post-37541","1":"product","2":"type-product","3":"status-publish","4":"has-post-thumbnail","6":"product_cat-uncategorized","7":"product_tag-avlagsen","8":"product_tag-boeing-elt-panel-sv","9":"product_tag-boeing-elt-switch-sv","10":"product_tag-cessna-elt-switch-sv","11":"product_tag-elt-fjarrbrytare","12":"product_tag-fjarrbrytare-cessna","13":"product_tag-fjarrbrytare-lar","14":"product_tag-fjarrbrytare-oem","15":"product_tag-fjarromkopplare","16":"product_tag-lara-elt-switch","17":"product_tag-lara-switch-elt","18":"product_tag-oem-elt-fjarrbrytare","19":"product_tag-oem-elt-switch-sv","21":"first","22":"instock","23":"taxable","24":"shipping-taxable","25":"purchasable","26":"product-type-simple"},"acf":[],"_links":{"self":[{"href":"https:\/\/acrartex-intl.dev.enterwell.space\/sv\/wp-json\/wp\/v2\/product\/37541","targetHints":{"allow":["GET"]}}],"collection":[{"href":"https:\/\/acrartex-intl.dev.enterwell.space\/sv\/wp-json\/wp\/v2\/product"}],"about":[{"href":"https:\/\/acrartex-intl.dev.enterwell.space\/sv\/wp-json\/wp\/v2\/types\/product"}],"wp:featuredmedia":[{"embeddable":true,"href":"https:\/\/acrartex-intl.dev.enterwell.space\/sv\/wp-json\/wp\/v2\/media\/12232"}],"wp:attachment":[{"href":"https:\/\/acrartex-intl.dev.enterwell.space\/sv\/wp-json\/wp\/v2\/media?parent=37541"}],"wp:term":[{"taxonomy":"product_brand","embeddable":true,"href":"https:\/\/acrartex-intl.dev.enterwell.space\/sv\/wp-json\/wp\/v2\/product_brand?post=37541"},{"taxonomy":"product_cat","embeddable":true,"href":"https:\/\/acrartex-intl.dev.enterwell.space\/sv\/wp-json\/wp\/v2\/product_cat?post=37541"},{"taxonomy":"product_tag","embeddable":true,"href":"https:\/\/acrartex-intl.dev.enterwell.space\/sv\/wp-json\/wp\/v2\/product_tag?post=37541"}],"curies":[{"name":"wp","href":"https:\/\/api.w.org\/{rel}","templated":true}]}}