{"id":37573,"date":"2021-03-16T08:14:02","date_gmt":"2021-03-16T13:14:02","guid":{"rendered":"https:\/\/acrartex-intl.dev.enterwell.space\/products\/fjarrbrytare-raytheon\/"},"modified":"2021-03-16T08:14:02","modified_gmt":"2021-03-16T13:14:02","slug":"fjarrbrytare-raytheon","status":"publish","type":"product","link":"https:\/\/acrartex-intl.dev.enterwell.space\/sv\/products\/fjarrbrytare-raytheon\/","title":{"rendered":"Fj\u00e4rrbrytare &#8211; Raytheon"},"content":{"rendered":"","protected":false},"excerpt":{"rendered":"<p>Denna fj\u00e4rrbrytare har designats f\u00f6r att uppfylla kraven f\u00f6r Raytheon aff\u00e4rsjet.<\/p>\n<p>&nbsp;<\/p>\n","protected":false},"featured_media":12229,"template":"","meta":{"_acf_changed":false,"om_disable_all_campaigns":false},"product_brand":[],"product_cat":[2353],"product_tag":[2798,2637,2639,2635,2805,2792,2799,2803,2801,2800,2804,2634],"class_list":{"0":"post-37573","1":"product","2":"type-product","3":"status-publish","4":"has-post-thumbnail","6":"product_cat-uncategorized","7":"product_tag-elt-fjarrbrytare-sv","8":"product_tag-fjarrbrytare-cessna","9":"product_tag-fjarrbrytare-lar","10":"product_tag-fjarrbrytare-oem","11":"product_tag-fjarrkontroll-for-narasyn","12":"product_tag-militar-elt-switch","13":"product_tag-militar-fjarrkontroll","14":"product_tag-militar-fjarrtestbrytare","15":"product_tag-militar-test-elt-switch","16":"product_tag-militarvaxel-for-elt","17":"product_tag-nvg-fjarromkopplare","18":"product_tag-oem-elt-fjarrbrytare","20":"first","21":"instock","22":"taxable","23":"shipping-taxable","24":"purchasable","25":"product-type-simple"},"acf":[],"_links":{"self":[{"href":"https:\/\/acrartex-intl.dev.enterwell.space\/sv\/wp-json\/wp\/v2\/product\/37573","targetHints":{"allow":["GET"]}}],"collection":[{"href":"https:\/\/acrartex-intl.dev.enterwell.space\/sv\/wp-json\/wp\/v2\/product"}],"about":[{"href":"https:\/\/acrartex-intl.dev.enterwell.space\/sv\/wp-json\/wp\/v2\/types\/product"}],"wp:featuredmedia":[{"embeddable":true,"href":"https:\/\/acrartex-intl.dev.enterwell.space\/sv\/wp-json\/wp\/v2\/media\/12229"}],"wp:attachment":[{"href":"https:\/\/acrartex-intl.dev.enterwell.space\/sv\/wp-json\/wp\/v2\/media?parent=37573"}],"wp:term":[{"taxonomy":"product_brand","embeddable":true,"href":"https:\/\/acrartex-intl.dev.enterwell.space\/sv\/wp-json\/wp\/v2\/product_brand?post=37573"},{"taxonomy":"product_cat","embeddable":true,"href":"https:\/\/acrartex-intl.dev.enterwell.space\/sv\/wp-json\/wp\/v2\/product_cat?post=37573"},{"taxonomy":"product_tag","embeddable":true,"href":"https:\/\/acrartex-intl.dev.enterwell.space\/sv\/wp-json\/wp\/v2\/product_tag?post=37573"}],"curies":[{"name":"wp","href":"https:\/\/api.w.org\/{rel}","templated":true}]}}