{"id":37633,"date":"2021-03-16T08:13:16","date_gmt":"2021-03-16T13:13:16","guid":{"rendered":"https:\/\/acrartex-intl.dev.enterwell.space\/products\/globalfix-v4-manuell-frigoringsfaste\/"},"modified":"2021-03-16T08:13:16","modified_gmt":"2021-03-16T13:13:16","slug":"globalfix-v4-manuell-frigoringsfaste","status":"publish","type":"product","link":"https:\/\/acrartex-intl.dev.enterwell.space\/sv\/products\/globalfix-v4-manuell-frigoringsfaste\/","title":{"rendered":"GlobalFix V4 manuell frig\u00f6ringsf\u00e4ste"},"content":{"rendered":"<ul>\n<li>Env\u00e4gsmontering eliminerar m\u00f6jligheten att installera EPIRB bakl\u00e4nges<\/li>\n<li>Inbyggd avaktiveringsmagnet f\u00f6rhindrar EPIRB fr\u00e5n att s\u00e4nda tills den anv\u00e4nds<\/li>\n<li>Fungerar med ACR GlobalFix \u2122 V4 (RLB-41)<\/li>\n<\/ul>\n","protected":false},"excerpt":{"rendered":"<p>S\u00e4kerst\u00e4ll extra s\u00e4kerhet till sj\u00f6ss med GlobalFix V4 Manual Release Bracket. Detta EPIRB f\u00e4ste kommer att f\u00f6rvara din EPIRB s\u00e4kert, oavsett vart dina \u00e4ventyr tar dig. Skulle du st\u00f6ta p\u00e5 en b\u00e5tn\u00f6dsituation ger GlobalFix V4-f\u00e4stet en snabb frig\u00f6ring, s\u00e5 att du snabbt och enkelt kan skicka en signal till s\u00f6k- och r\u00e4ddningssatelliter. Detta f\u00e4ste passar endast GlobalFix \u2122 V4 EPIRB.   <\/p>\n<p>&nbsp;<\/p>\n<p><span style=\"color:#e74c3c\">KOD: <strong>SHIPFREE20<\/strong> Gratis markfrakt p\u00e5 best\u00e4llningar \u00f6ver U$30. Utesluter HI och AK <\/span><\/p>\n<p>&nbsp;<\/p>\n<p>&nbsp;<\/p>\n","protected":false},"featured_media":12212,"template":"","meta":{"_acf_changed":false,"om_disable_all_campaigns":false},"product_brand":[],"product_cat":[3121,3127,3040,3123,3125],"product_tag":[3691,3677,3651,3697,3643,3658,3655],"class_list":{"0":"post-37633","1":"product","2":"type-product","3":"status-publish","4":"has-post-thumbnail","6":"product_cat-inat-landet","7":"product_cat-kommersiell","8":"product_cat-marin","9":"product_cat-nara-stranden","10":"product_cat-off-shore-sv","11":"product_tag-frigoringsfaste","12":"product_tag-kategori-2","13":"product_tag-konsol","14":"product_tag-rlb-sv","15":"product_tag-rlb-41-sv","16":"product_tag-rlb-41-kategori-ii","17":"product_tag-rlb-41-kategori-ii-manuell-frigoringsfaste","18":"pa_boat-size-0-20-sv","19":"pa_boat-size-21-40-sv","20":"pa_boat-size-40-80-sv","21":"pa_boat-size-80-sv","22":"pa_boat-type-bogserbat","23":"pa_boat-type-charter-yacht-sv","24":"pa_boat-type-kommersiellt-fiske","25":"pa_boat-type-lastfartyg","26":"pa_boat-type-motorbat","27":"pa_boat-type-segelbat","28":"pa_boat-type-sportcraft-sv","29":"pa_boat-type-yacht-sv","30":"pa_product-rescue-bacons-vhf-sart-sv","31":"pa_product-rescue-beacons-sv","32":"pa_product-sakerhetstillbehor","34":"first","35":"instock","36":"taxable","37":"shipping-taxable","38":"purchasable","39":"product-type-simple"},"acf":[],"_links":{"self":[{"href":"https:\/\/acrartex-intl.dev.enterwell.space\/sv\/wp-json\/wp\/v2\/product\/37633","targetHints":{"allow":["GET"]}}],"collection":[{"href":"https:\/\/acrartex-intl.dev.enterwell.space\/sv\/wp-json\/wp\/v2\/product"}],"about":[{"href":"https:\/\/acrartex-intl.dev.enterwell.space\/sv\/wp-json\/wp\/v2\/types\/product"}],"wp:featuredmedia":[{"embeddable":true,"href":"https:\/\/acrartex-intl.dev.enterwell.space\/sv\/wp-json\/wp\/v2\/media\/12212"}],"wp:attachment":[{"href":"https:\/\/acrartex-intl.dev.enterwell.space\/sv\/wp-json\/wp\/v2\/media?parent=37633"}],"wp:term":[{"taxonomy":"product_brand","embeddable":true,"href":"https:\/\/acrartex-intl.dev.enterwell.space\/sv\/wp-json\/wp\/v2\/product_brand?post=37633"},{"taxonomy":"product_cat","embeddable":true,"href":"https:\/\/acrartex-intl.dev.enterwell.space\/sv\/wp-json\/wp\/v2\/product_cat?post=37633"},{"taxonomy":"product_tag","embeddable":true,"href":"https:\/\/acrartex-intl.dev.enterwell.space\/sv\/wp-json\/wp\/v2\/product_tag?post=37633"}],"curies":[{"name":"wp","href":"https:\/\/api.w.org\/{rel}","templated":true}]}}