{"id":37641,"date":"2021-03-16T08:13:07","date_gmt":"2021-03-16T13:13:07","guid":{"rendered":"https:\/\/acrartex-intl.dev.enterwell.space\/products\/sea-shelter-3-cat-i-epirb-faste\/"},"modified":"2021-03-16T08:13:07","modified_gmt":"2021-03-16T13:13:07","slug":"sea-shelter-3-cat-i-epirb-faste","status":"publish","type":"product","link":"https:\/\/acrartex-intl.dev.enterwell.space\/sv\/products\/sea-shelter-3-cat-i-epirb-faste\/","title":{"rendered":"Sea Shelter \u2122 3 Cat I EPIRB -f\u00e4ste"},"content":{"rendered":"<ul>\n<li>Innovativ, snabbv\u00e4xlingsbar hydrostatisk frig\u00f6ringsmekanism<\/li>\n<li>Env\u00e4gsmontering eliminerar m\u00f6jligheten att installera EPIRB bakl\u00e4nges<\/li>\n<li>Inbyggd avaktiveringsmagnet f\u00f6rhindrar EPIRB fr\u00e5n att s\u00e4nda tills den anv\u00e4nds<\/li>\n<li>Uts\u00e4tter EPIRB n\u00e4r den \u00e4r neds\u00e4nkt i vatten p\u00e5 ett djup mellan 1,5 &#8211; 4 m (4,9 &#8211; 13,1 fot)<\/li>\n<\/ul>\n","protected":false},"excerpt":{"rendered":"<p>Tuffa f\u00f6rh\u00e5llanden har inte en chans mot Sea Shelter \u2122 3 Cat I. Detta EPIRB f\u00e4ste \u00e4r helt inneslutet, vilket ger skydd \u00e4ven under dina vildaste \u00e4ventyr. Om ditt fartyg b\u00f6rjar ta p\u00e5 vatten kommer Sea Shelter automatiskt att distribuera din EPIRB och skicka en signal till ett v\u00e4rldsomsp\u00e4nnande n\u00e4tverk av s\u00f6k- och r\u00e4ddningssatelliter. <\/p>\n<p>&nbsp;<\/p>\n<p>Detta EPIRB f\u00e4ste fungerar med f\u00f6ljande produkter:<\/p>\n<ul>\n<li>GlobalFix \u2122 iPRO (RLB-36)<\/li>\n<li>GlobalFix \u2122 PRO (RLB-37)<\/li>\n<li>SATELLITE 3 406\u2122 (RLB-38)<\/li>\n<\/ul>\n<p>&nbsp;<\/p>\n<p>&nbsp;<\/p>\n<p>&nbsp;<\/p>\n","protected":false},"featured_media":12208,"template":"","meta":{"_acf_changed":false,"om_disable_all_campaigns":false},"product_brand":[],"product_cat":[3121,3127,3040,3123,3125],"product_tag":[3827,3838,3876,3872,3880,3864,3854,3868,3883,3885,3891,3894,3888,3889,3812,3859,3848],"class_list":{"0":"post-37641","1":"product","2":"type-product","3":"status-publish","4":"has-post-thumbnail","6":"product_cat-inat-landet","7":"product_cat-kommersiell","8":"product_cat-marin","9":"product_cat-nara-stranden","10":"product_cat-off-shore-sv","11":"product_tag-406-mhz-faste","12":"product_tag-acr-faste","13":"product_tag-acr-cat-1-sv","14":"product_tag-acr-cat-i-sv","15":"product_tag-auto-release-epirb-sv","16":"product_tag-batsakerhet","17":"product_tag-cospas-sarsat-sv","18":"product_tag-epirb-katt-1","19":"product_tag-hydrostatisk-utlosning-epirb","20":"product_tag-hydrostatiskt-frigoringsfaste","21":"product_tag-kategori-1-epirb","22":"product_tag-kategori-1-epirbs","23":"product_tag-kategori-1-faste","24":"product_tag-kategori-i-faste","25":"product_tag-katt-i","26":"product_tag-seglingssakerhet","27":"product_tag-torr-epirb","28":"pa_boat-size-0-20-sv","29":"pa_boat-size-21-40-sv","30":"pa_boat-size-40-80-sv","31":"pa_boat-size-80-sv","32":"pa_boat-type-bogserbat","33":"pa_boat-type-charter-yacht-sv","34":"pa_boat-type-kommersiellt-fiske","35":"pa_boat-type-lastfartyg","36":"pa_boat-type-motorbat","37":"pa_boat-type-segelbat","38":"pa_boat-type-sportcraft-sv","39":"pa_boat-type-yacht-sv","40":"pa_product-rescue-bacons-vhf-sart-sv","41":"pa_product-rescue-beacons-sv","42":"pa_product-sakerhetstillbehor","44":"first","45":"instock","46":"taxable","47":"shipping-taxable","48":"purchasable","49":"product-type-simple"},"acf":[],"_links":{"self":[{"href":"https:\/\/acrartex-intl.dev.enterwell.space\/sv\/wp-json\/wp\/v2\/product\/37641","targetHints":{"allow":["GET"]}}],"collection":[{"href":"https:\/\/acrartex-intl.dev.enterwell.space\/sv\/wp-json\/wp\/v2\/product"}],"about":[{"href":"https:\/\/acrartex-intl.dev.enterwell.space\/sv\/wp-json\/wp\/v2\/types\/product"}],"wp:featuredmedia":[{"embeddable":true,"href":"https:\/\/acrartex-intl.dev.enterwell.space\/sv\/wp-json\/wp\/v2\/media\/12208"}],"wp:attachment":[{"href":"https:\/\/acrartex-intl.dev.enterwell.space\/sv\/wp-json\/wp\/v2\/media?parent=37641"}],"wp:term":[{"taxonomy":"product_brand","embeddable":true,"href":"https:\/\/acrartex-intl.dev.enterwell.space\/sv\/wp-json\/wp\/v2\/product_brand?post=37641"},{"taxonomy":"product_cat","embeddable":true,"href":"https:\/\/acrartex-intl.dev.enterwell.space\/sv\/wp-json\/wp\/v2\/product_cat?post=37641"},{"taxonomy":"product_tag","embeddable":true,"href":"https:\/\/acrartex-intl.dev.enterwell.space\/sv\/wp-json\/wp\/v2\/product_tag?post=37641"}],"curies":[{"name":"wp","href":"https:\/\/api.w.org\/{rel}","templated":true}]}}