{"id":37670,"date":"2021-03-16T08:12:52","date_gmt":"2021-03-16T13:12:52","guid":{"rendered":"https:\/\/acrartex-intl.dev.enterwell.space\/products\/quickdraw-cat-ii-epirb-faste\/"},"modified":"2021-03-16T08:12:52","modified_gmt":"2021-03-16T13:12:52","slug":"quickdraw-cat-ii-epirb-faste","status":"publish","type":"product","link":"https:\/\/acrartex-intl.dev.enterwell.space\/sv\/products\/quickdraw-cat-ii-epirb-faste\/","title":{"rendered":"QuickDraw\u2122 Cat II EPIRB f\u00e4ste"},"content":{"rendered":"<ul>\n<li>Env\u00e4gsmontering eliminerar m\u00f6jligheten att installera EPIRB bakl\u00e4nges<\/li>\n<li>Inbyggd avaktiveringsmagnet f\u00f6rhindrar EPIRB fr\u00e5n att s\u00e4nda tills den anv\u00e4nds<\/li>\n<li>Fungerar med ACR GlobalFix \u2122 iPRO (RLB-36), GlobalFix \u2122 PRO (RLB-37), SATELLITE 3 406\u2122 (RLB-38), ResQmate G (RLB-39A) och ResQmate (RLB-40)<\/li>\n<\/ul>\n","protected":false},"excerpt":{"rendered":"<p>QuickDraw\u2122 Cat II \u00e4r gjord av material med h\u00f6g densitet, som s\u00e4kert f\u00f6rvarar din GlobalFix \u2122 iPRO\/PRO \u00e4ven efter dess uth\u00e4rdade \u00e5r av \u00e4ventyr.<\/p>\n<p>Detta EPIRB f\u00e4ste fungerar med f\u00f6ljande produkter:<\/p>\n<p>\u2022 GlobalFix \u2122 iPRO (RLB-36)<\/p>\n<p>\u2022 GlobalFix \u2122 PRO (RLB-37)<\/p>\n<p>\u2022 SATELLITE 3 406\u2122 (RLB-38)<\/p>\n<p>\u2022 ResQmate G (RLB-39A)<\/p>\n<p>\u2022 ResQmate (RLB-40)<\/p>\n<p>&nbsp;<\/p>\n<p><span style=\"color:#e74c3c\">KOD: <strong>FRAKTFRI19<\/strong> Gratis markfrakt p\u00e5 best\u00e4llningar \u00f6ver U$30. Utesluter HI och AK <\/span><\/p>\n<p>&nbsp;<\/p>\n","protected":false},"featured_media":12205,"template":"","meta":{"_acf_changed":false,"om_disable_all_campaigns":false},"product_brand":[],"product_cat":[3121,3127,3040,3123,3125],"product_tag":[4003,4244,4251,4256,3812,4263,4260,4265,4268,4271],"class_list":{"0":"post-37670","1":"product","2":"type-product","3":"status-publish","4":"has-post-thumbnail","6":"product_cat-inat-landet","7":"product_cat-kommersiell","8":"product_cat-marin","9":"product_cat-nara-stranden","10":"product_cat-off-shore-sv","11":"product_tag-acr-sv","12":"product_tag-epirb-katt-2","13":"product_tag-kategori-2-faste","14":"product_tag-kategori-ii-faste","15":"product_tag-katt-i","16":"product_tag-lagprofilfaste-for-epirb","17":"product_tag-skottmonterad-epirb","18":"product_tag-snabb-dragning","19":"product_tag-snabbdrag","20":"product_tag-snabbt","21":"pa_boat-size-0-20-sv","22":"pa_boat-size-21-40-sv","23":"pa_boat-size-40-80-sv","24":"pa_boat-size-80-sv","25":"pa_boat-type-bogserbat","26":"pa_boat-type-charter-yacht-sv","27":"pa_boat-type-kommersiellt-fiske","28":"pa_boat-type-lastfartyg","29":"pa_boat-type-motorbat","30":"pa_boat-type-segelbat","31":"pa_boat-type-sportcraft-sv","32":"pa_boat-type-yacht-sv","33":"pa_product-rescue-bacons-vhf-sart-sv","34":"pa_product-rescue-beacons-sv","35":"pa_product-sakerhetstillbehor","37":"first","38":"instock","39":"taxable","40":"shipping-taxable","41":"purchasable","42":"product-type-simple"},"acf":[],"_links":{"self":[{"href":"https:\/\/acrartex-intl.dev.enterwell.space\/sv\/wp-json\/wp\/v2\/product\/37670","targetHints":{"allow":["GET"]}}],"collection":[{"href":"https:\/\/acrartex-intl.dev.enterwell.space\/sv\/wp-json\/wp\/v2\/product"}],"about":[{"href":"https:\/\/acrartex-intl.dev.enterwell.space\/sv\/wp-json\/wp\/v2\/types\/product"}],"wp:featuredmedia":[{"embeddable":true,"href":"https:\/\/acrartex-intl.dev.enterwell.space\/sv\/wp-json\/wp\/v2\/media\/12205"}],"wp:attachment":[{"href":"https:\/\/acrartex-intl.dev.enterwell.space\/sv\/wp-json\/wp\/v2\/media?parent=37670"}],"wp:term":[{"taxonomy":"product_brand","embeddable":true,"href":"https:\/\/acrartex-intl.dev.enterwell.space\/sv\/wp-json\/wp\/v2\/product_brand?post=37670"},{"taxonomy":"product_cat","embeddable":true,"href":"https:\/\/acrartex-intl.dev.enterwell.space\/sv\/wp-json\/wp\/v2\/product_cat?post=37670"},{"taxonomy":"product_tag","embeddable":true,"href":"https:\/\/acrartex-intl.dev.enterwell.space\/sv\/wp-json\/wp\/v2\/product_tag?post=37670"}],"curies":[{"name":"wp","href":"https:\/\/api.w.org\/{rel}","templated":true}]}}