{"id":37710,"date":"2021-03-16T08:16:22","date_gmt":"2021-03-16T13:16:22","guid":{"rendered":"https:\/\/acrartex-intl.dev.enterwell.space\/products\/ms-2000m2-waterbug\/"},"modified":"2021-03-16T08:16:22","modified_gmt":"2021-03-16T13:16:22","slug":"ms-2000m2-waterbug","status":"publish","type":"product","link":"https:\/\/acrartex-intl.dev.enterwell.space\/sv\/products\/ms-2000m2-waterbug\/","title":{"rendered":"MS-2000(M2) Waterbug"},"content":{"rendered":"<p>Precis som v\u00e5ra h\u00f6gt ansedda, p\u00e5litliga SDU-5E och MS-2000(M), \u00e4r MS-2000(M2) designad f\u00f6r att m\u00f6ta eller \u00f6vertr\u00e4ffa milit\u00e4ra specifikationer, inklusive MIL-L-38217D och CID AA-59176, och den har m\u00e5nga f\u00f6rb\u00e4ttrade livr\u00e4ddande funktioner f\u00f6r att m\u00f6ta kapacitet f\u00f6r flera uppdrag.<\/p>\n<ul>\n<li>Ny vibrationsfunktion varnar dig om aktivering och l\u00e4ges\u00e4ndringar i hemlighet n\u00e4r du anv\u00e4nder IR-sk\u00f6lden<\/li>\n<li>Vattenaktiveringssensorer aktiverar automatiskt ljus n\u00e4r de \u00e4r tillkopplade<\/li>\n<li>4 aktiveringsl\u00e4gen att v\u00e4lja mellan: Armed, Strobe, SOS eller Steady-On<\/li>\n<li>Uppfyller de mest uppdaterade kraven fr\u00e5n milit\u00e4ren och passar praktiskt taget alla applikationer<\/li>\n<li>Ny fl\u00e4tad st\u00e5lh\u00e5llare h\u00e5ller batteriluckan f\u00e4st<\/li>\n<li>Silikonformad bel\u00e4ggning p\u00e5 elektroniska komponenter skyddar mot fukt<\/li>\n<li>Riktningsbl\u00e5tt filter varnar v\u00e4nliga krafter, skiljer stroboskop fr\u00e5n markbrand<\/li>\n<li>Upp till 56 timmars drift p\u00e5 2 standard alkaliska AA-batterier (anv\u00e4nd litiumbatterier f\u00f6r extrema kalla milj\u00f6er eller l\u00e5ngtidsf\u00f6rvaring)<\/li>\n<li>Bifogat infrar\u00f6tt (IR) filter f\u00f6r Night Vision Goggle (NVG) visning med filtfoder f\u00f6r att f\u00f6rhindra \u00f6ppet ljusl\u00e4ckage<\/li>\n<li>Toppmodern LED-teknik<\/li>\n<li>F\u00f6rh\u00f6jda polaritetsindikatorer till\u00e5ter korrekt batteriplacering<\/li>\n<\/ul>\n","protected":false},"excerpt":{"rendered":"<p>N\u00e4r det g\u00e4ller att r\u00e4dda liv \u00e4r n\u00e5got mindre \u00e4n det b\u00e4sta inte ett alternativ. Sedan introduktionen av den ursprungliga MS-2000 har den blivit det viktigaste Combat Search and Rescue (C-SAR) ljuset som b\u00e4rs av milit\u00e4ra elitstyrkor runt om i v\u00e4rlden. Denna stroboskoplampa har den senaste LED-tekniken och uppfyller de senaste kraven fr\u00e5n milit\u00e4ren. Dess vibrationsfunktion varnar dig om aktivering och l\u00e4ges\u00e4ndringar n\u00e4r du anv\u00e4nder IR-sk\u00f6lden, och dess vattenaktiveringssensorer t\u00e4nder automatiskt ljuset n\u00e4r det kommer i kontakt med s\u00f6t- eller saltvatten. Med 4 aktiveringsl\u00e4gen att v\u00e4lja mellan: Armed, Strobe, SOS eller Steady-On, \u00e4r du redo att lysa ditt ljus i n\u00e4stan alla situationer.    <\/p>\n","protected":false},"featured_media":12272,"template":"","meta":{"_acf_changed":false,"om_disable_all_campaigns":false},"product_brand":[],"product_cat":[3119],"product_tag":[5034,5036,5013,5029,5008,5020,5031,5027],"class_list":{"0":"post-37710","1":"product","2":"type-product","3":"status-publish","4":"has-post-thumbnail","6":"product_cat-militar","7":"product_tag-3991-sv","8":"product_tag-3991-2-sv","9":"product_tag-ljus","10":"product_tag-marknadsljus","11":"product_tag-ms2000-sv","12":"product_tag-stroboskop","13":"product_tag-vattenbug","14":"product_tag-waterbug-strobe-markeringsljus","16":"first","17":"instock","18":"taxable","19":"shipping-taxable","20":"product-type-simple"},"acf":[],"_links":{"self":[{"href":"https:\/\/acrartex-intl.dev.enterwell.space\/sv\/wp-json\/wp\/v2\/product\/37710","targetHints":{"allow":["GET"]}}],"collection":[{"href":"https:\/\/acrartex-intl.dev.enterwell.space\/sv\/wp-json\/wp\/v2\/product"}],"about":[{"href":"https:\/\/acrartex-intl.dev.enterwell.space\/sv\/wp-json\/wp\/v2\/types\/product"}],"wp:featuredmedia":[{"embeddable":true,"href":"https:\/\/acrartex-intl.dev.enterwell.space\/sv\/wp-json\/wp\/v2\/media\/12272"}],"wp:attachment":[{"href":"https:\/\/acrartex-intl.dev.enterwell.space\/sv\/wp-json\/wp\/v2\/media?parent=37710"}],"wp:term":[{"taxonomy":"product_brand","embeddable":true,"href":"https:\/\/acrartex-intl.dev.enterwell.space\/sv\/wp-json\/wp\/v2\/product_brand?post=37710"},{"taxonomy":"product_cat","embeddable":true,"href":"https:\/\/acrartex-intl.dev.enterwell.space\/sv\/wp-json\/wp\/v2\/product_cat?post=37710"},{"taxonomy":"product_tag","embeddable":true,"href":"https:\/\/acrartex-intl.dev.enterwell.space\/sv\/wp-json\/wp\/v2\/product_tag?post=37710"}],"curies":[{"name":"wp","href":"https:\/\/api.w.org\/{rel}","templated":true}]}}