{"id":37725,"date":"2021-03-16T08:16:09","date_gmt":"2021-03-16T13:16:09","guid":{"rendered":"https:\/\/acrartex-intl.dev.enterwell.space\/products\/ms-2000m2-doublefly\/"},"modified":"2021-03-16T08:16:09","modified_gmt":"2021-03-16T13:16:09","slug":"ms-2000m2-doublefly","status":"publish","type":"product","link":"https:\/\/acrartex-intl.dev.enterwell.space\/sv\/products\/ms-2000m2-doublefly\/","title":{"rendered":"MS-2000(M2) Doublefly"},"content":{"rendered":"<p>Precis som v\u00e5ra h\u00f6gt ansedda, p\u00e5litliga SDU-5E och MS-2000(M), \u00e4r MS-2000(M2) designad f\u00f6r att m\u00f6ta eller \u00f6vertr\u00e4ffa milit\u00e4ra specifikationer, inklusive MIL-L-38217D och CID AA-59176, och den har m\u00e5nga f\u00f6rb\u00e4ttrade livr\u00e4ddande funktioner f\u00f6r att m\u00f6ta kapacitet f\u00f6r flera uppdrag.<\/p>\n<ul>\n<li>Ny vibrationsfunktion varnar dig om aktivering och l\u00e4ges\u00e4ndringar i hemlighet n\u00e4r du anv\u00e4nder IR-sk\u00f6lden<\/li>\n<li>3 aktiveringsl\u00e4gen att v\u00e4lja mellan: Strobe, SOS eller Steady-On<\/li>\n<li>Uppfyller de mest uppdaterade kraven fr\u00e5n milit\u00e4ren och passar praktiskt taget alla applikationer<\/li>\n<li>Ny fl\u00e4tad st\u00e5lh\u00e5llare h\u00e5ller batteriluckan f\u00e4st<\/li>\n<li>Silikonformad bel\u00e4ggning p\u00e5 elektroniska komponenter skyddar mot fukt<\/li>\n<li>Riktningsbl\u00e5tt filter varnar v\u00e4nliga krafter, skiljer stroboskop fr\u00e5n markbrand<\/li>\n<li>Upp till 56 timmars drift p\u00e5 2 standard alkaliska AA-batterier (anv\u00e4nd litiumbatterier f\u00f6r extrema kalla milj\u00f6er eller l\u00e5ngtidsf\u00f6rvaring)<\/li>\n<li>Bifogat infrar\u00f6tt (IR) filter f\u00f6r Night Vision Goggle (NVG) visning med filtfoder f\u00f6r att f\u00f6rhindra \u00f6ppet ljusl\u00e4ckage<\/li>\n<li>Toppmodern LED-teknik<\/li>\n<li>F\u00f6rh\u00f6jda polaritetsindikatorer till\u00e5ter korrekt batteriplacering<\/li>\n<li>\u00d6vertr\u00e4ffar SOLAS standard<\/li>\n<\/ul>\n","protected":false},"excerpt":{"rendered":"<p>Vi presenterar den nya M2-versionen: en stroboskoplampa som \u00e4r ljusare och enklare att anv\u00e4nda \u00e4n sin f\u00f6reg\u00e5ngare. N\u00e4r det g\u00e4ller att r\u00e4dda liv \u00e4r n\u00e5got mindre \u00e4n det b\u00e4sta inte ett alternativ. MS-2000(M2) Doublefly \u00e4r designad f\u00f6r att m\u00f6ta och ofta \u00f6vertr\u00e4ffa milit\u00e4ra specifikationer och \u00e4r byggd f\u00f6r anv\u00e4ndning p\u00e5 flera uppdrag.  <\/p>\n","protected":false},"featured_media":12267,"template":"","meta":{"_acf_changed":false,"om_disable_all_campaigns":false},"product_brand":[],"product_cat":[3134,3137,3119,3133,3136],"product_tag":[5174,5177,5163,5164,5161,5147,5151,5143,5154,5171,5172,5008,5159,5141,5156,5166,5168],"class_list":{"0":"post-37725","1":"product","2":"type-product","3":"status-publish","4":"has-post-thumbnail","6":"product_cat-flygpatrull","7":"product_cat-mark-specialstyrkor","8":"product_cat-militar","9":"product_cat-polis-kommun","10":"product_cat-sjostyrkorna","11":"product_tag-3994-sv","12":"product_tag-3994-2-sv","13":"product_tag-militar-nodljus","14":"product_tag-militar-spec-strobe","15":"product_tag-militart-raddningsljus","16":"product_tag-ms-2000-sv","17":"product_tag-ms-2000-m-sv","18":"product_tag-ms-2000m-sv","19":"product_tag-ms-2000r-sv","20":"product_tag-ms-2000m-sv-2","21":"product_tag-ms-2000m2-sv","22":"product_tag-ms2000-sv","23":"product_tag-ms2000-ljus","24":"product_tag-ms2000m-sv","25":"product_tag-ms2000r-sv","26":"product_tag-sos-sv","27":"product_tag-stadig-pa-markeringsljus","29":"first","30":"instock","31":"taxable","32":"shipping-taxable","33":"product-type-simple"},"acf":[],"_links":{"self":[{"href":"https:\/\/acrartex-intl.dev.enterwell.space\/sv\/wp-json\/wp\/v2\/product\/37725","targetHints":{"allow":["GET"]}}],"collection":[{"href":"https:\/\/acrartex-intl.dev.enterwell.space\/sv\/wp-json\/wp\/v2\/product"}],"about":[{"href":"https:\/\/acrartex-intl.dev.enterwell.space\/sv\/wp-json\/wp\/v2\/types\/product"}],"wp:featuredmedia":[{"embeddable":true,"href":"https:\/\/acrartex-intl.dev.enterwell.space\/sv\/wp-json\/wp\/v2\/media\/12267"}],"wp:attachment":[{"href":"https:\/\/acrartex-intl.dev.enterwell.space\/sv\/wp-json\/wp\/v2\/media?parent=37725"}],"wp:term":[{"taxonomy":"product_brand","embeddable":true,"href":"https:\/\/acrartex-intl.dev.enterwell.space\/sv\/wp-json\/wp\/v2\/product_brand?post=37725"},{"taxonomy":"product_cat","embeddable":true,"href":"https:\/\/acrartex-intl.dev.enterwell.space\/sv\/wp-json\/wp\/v2\/product_cat?post=37725"},{"taxonomy":"product_tag","embeddable":true,"href":"https:\/\/acrartex-intl.dev.enterwell.space\/sv\/wp-json\/wp\/v2\/product_tag?post=37725"}],"curies":[{"name":"wp","href":"https:\/\/api.w.org\/{rel}","templated":true}]}}