{"id":37902,"date":"2021-03-16T08:15:01","date_gmt":"2021-03-16T13:15:01","guid":{"rendered":"https:\/\/acrartex-intl.dev.enterwell.space\/products\/rcl-300a-sokljus\/"},"modified":"2021-03-16T08:15:01","modified_gmt":"2021-03-16T13:15:01","slug":"rcl-300a-sokljus","status":"publish","type":"product","link":"https:\/\/acrartex-intl.dev.enterwell.space\/sv\/products\/rcl-300a-sokljus\/","title":{"rendered":"RCL -300A s\u00f6kljus"},"content":{"rendered":"<p>Den \u00e4r packad och klar f\u00f6r att st\u00e5 emot den marina milj\u00f6n, och alla funktioner kan styras med den medf\u00f6ljande Point Pad\u2122 och Master Controller (upp till tre fj\u00e4rrkontroller kan installeras).<\/p>\n<ul>\n<li>Intern h\u00f6jdmekanism ger stigningskontroll av str\u00e5lkastaren; skyddar h\u00f6jdmekanismen fr\u00e5n v\u00e4der<\/li>\n<li>Inkluderar fingertoppsfj\u00e4rrkontroll Point Pad\u2122; upp till tre fj\u00e4rranslutna Point Pad\u2122-enheter kan installeras p\u00e5 systemet; alternativ f\u00f6r yt-\/inf\u00e4lld montering ing\u00e5r<\/li>\n<li>Robust trippelgrundad och f\u00f6rseglad aluminiumh\u00f6lje av marint kvalitet<\/li>\n<li>XRCiZ\u2122-funktionen roterar och flyttar ljusenheten var 30:e dag fr\u00e5n aktivering f\u00f6r att h\u00e5lla alla lagerytor fria fr\u00e5n korrosion och alla elektriska kontakter funktionella<\/li>\n<li>Saltvattenbest\u00e4ndig konstruktion med nylon- och fenolbrickor, aluminiserade rostfria skruvar med isolerande sm\u00f6rjmedel<\/li>\n<li>Kabeln\u00e4t ing\u00e5r<\/li>\n<li>* Dubbla 35W metallhalogen HID-lampor ger \u00f6ver 500 000 CD vardera och 1 miljon effektiva CD n\u00e4r de kombineras.<\/li>\n<\/ul>\n<p>Taggar: s\u00f6kljus, s\u00f6karljus, RCL s\u00f6kljus, RCL 300, b\u00e5ts\u00f6karljus, marin s\u00f6karljus, marin s\u00f6karljus, acr s\u00f6karljus, 1933, P\/N 1933<\/p>\n","protected":false},"excerpt":{"rendered":"<p>Dubbla 35-watts metallhalogen HID-lampor skapar en smalstr\u00e5lande s\u00f6karljus som \u00e4r perfekt f\u00f6r stora sportyachter och megayachter, s\u00e5v\u00e4l som stora sportfiskar och kommersiella fartyg. RCL -300A s\u00f6kljus \u00e4r gjord f\u00f6r att f\u00f6rb\u00e4ttra s\u00e4kerheten till sj\u00f6ss under nattdrift. Den \u00e4r ocks\u00e5 enkel att anv\u00e4nda med en joystick av kommersiell kvalitet som har en IP 69K-klassificering och belysning.  <\/p>\n","protected":false},"featured_media":12246,"template":"","meta":{"_acf_changed":false,"om_disable_all_campaigns":false},"product_brand":[],"product_cat":[3040],"product_tag":[5444,6353,5434,5438,5442,5430,6357,5977,5986,6350,5982,6351,6352],"class_list":{"0":"post-37902","1":"product","2":"type-product","3":"status-publish","4":"has-post-thumbnail","6":"product_cat-marin","7":"product_tag-acr-sokljus","8":"product_tag-acr-stralkastare","9":"product_tag-bat-sokarljus","10":"product_tag-marin-stralkastare","11":"product_tag-marina-stralkastare","12":"product_tag-rcl-sv","13":"product_tag-rcl-300a-sv","14":"product_tag-sokarljus","15":"product_tag-sokljusforetag","16":"product_tag-stralkastare","17":"product_tag-stralkastare-till-salu","18":"product_tag-xenon-stralkastare","19":"product_tag-xenon-stralkastare-sv","20":"pa_product-sokljus","22":"first","23":"instock","24":"taxable","25":"shipping-taxable","26":"purchasable","27":"product-type-simple"},"acf":[],"_links":{"self":[{"href":"https:\/\/acrartex-intl.dev.enterwell.space\/sv\/wp-json\/wp\/v2\/product\/37902","targetHints":{"allow":["GET"]}}],"collection":[{"href":"https:\/\/acrartex-intl.dev.enterwell.space\/sv\/wp-json\/wp\/v2\/product"}],"about":[{"href":"https:\/\/acrartex-intl.dev.enterwell.space\/sv\/wp-json\/wp\/v2\/types\/product"}],"wp:featuredmedia":[{"embeddable":true,"href":"https:\/\/acrartex-intl.dev.enterwell.space\/sv\/wp-json\/wp\/v2\/media\/12246"}],"wp:attachment":[{"href":"https:\/\/acrartex-intl.dev.enterwell.space\/sv\/wp-json\/wp\/v2\/media?parent=37902"}],"wp:term":[{"taxonomy":"product_brand","embeddable":true,"href":"https:\/\/acrartex-intl.dev.enterwell.space\/sv\/wp-json\/wp\/v2\/product_brand?post=37902"},{"taxonomy":"product_cat","embeddable":true,"href":"https:\/\/acrartex-intl.dev.enterwell.space\/sv\/wp-json\/wp\/v2\/product_cat?post=37902"},{"taxonomy":"product_tag","embeddable":true,"href":"https:\/\/acrartex-intl.dev.enterwell.space\/sv\/wp-json\/wp\/v2\/product_tag?post=37902"}],"curies":[{"name":"wp","href":"https:\/\/api.w.org\/{rel}","templated":true}]}}