{"id":37949,"date":"2021-03-16T08:14:27","date_gmt":"2021-03-16T13:14:27","guid":{"rendered":"https:\/\/acrartex-intl.dev.enterwell.space\/products\/fjarrbrytare-455-9700-455-9701\/"},"modified":"2021-03-16T08:14:27","modified_gmt":"2021-03-16T13:14:27","slug":"fjarrbrytare-455-9700-455-9701","status":"publish","type":"product","link":"https:\/\/acrartex-intl.dev.enterwell.space\/sv\/products\/fjarrbrytare-455-9700-455-9701\/","title":{"rendered":"Fj\u00e4rrbrytare 455-9700\/455-9701"},"content":{"rendered":"","protected":false},"excerpt":{"rendered":"<p>Fj\u00e4rrbrytare utan kompatibilitet med m\u00f6rkerseende. Tv\u00e5 tillg\u00e4ngliga modeller: &#8211; 455-9700 (svart) &#8211; 455-9701 (gr\u00e5) <\/p>\n<p>&nbsp;<\/p>\n","protected":false},"featured_media":12235,"template":"","meta":{"_acf_changed":false,"om_disable_all_campaigns":false},"product_brand":[],"product_cat":[2353],"product_tag":[6496,6494,2655,2798,2639,2805,2657,2792,2799,2803,2801,2800,2804,6499,6498],"class_list":{"0":"post-37949","1":"product","2":"type-product","3":"status-publish","4":"has-post-thumbnail","6":"product_cat-uncategorized","7":"product_tag-455-9700-sv","8":"product_tag-artikelnummer-455-9700","9":"product_tag-avlagsen","10":"product_tag-elt-fjarrbrytare-sv","11":"product_tag-fjarrbrytare-lar","12":"product_tag-fjarrkontroll-for-narasyn","13":"product_tag-fjarromkopplare","14":"product_tag-militar-elt-switch","15":"product_tag-militar-fjarrkontroll","16":"product_tag-militar-fjarrtestbrytare","17":"product_tag-militar-test-elt-switch","18":"product_tag-militarvaxel-for-elt","19":"product_tag-nvg-fjarromkopplare","20":"product_tag-p-n-455-9700-sv","21":"product_tag-pn-455-9700-sv","23":"first","24":"instock","25":"taxable","26":"shipping-taxable","27":"purchasable","28":"product-type-simple"},"acf":[],"_links":{"self":[{"href":"https:\/\/acrartex-intl.dev.enterwell.space\/sv\/wp-json\/wp\/v2\/product\/37949","targetHints":{"allow":["GET"]}}],"collection":[{"href":"https:\/\/acrartex-intl.dev.enterwell.space\/sv\/wp-json\/wp\/v2\/product"}],"about":[{"href":"https:\/\/acrartex-intl.dev.enterwell.space\/sv\/wp-json\/wp\/v2\/types\/product"}],"wp:featuredmedia":[{"embeddable":true,"href":"https:\/\/acrartex-intl.dev.enterwell.space\/sv\/wp-json\/wp\/v2\/media\/12235"}],"wp:attachment":[{"href":"https:\/\/acrartex-intl.dev.enterwell.space\/sv\/wp-json\/wp\/v2\/media?parent=37949"}],"wp:term":[{"taxonomy":"product_brand","embeddable":true,"href":"https:\/\/acrartex-intl.dev.enterwell.space\/sv\/wp-json\/wp\/v2\/product_brand?post=37949"},{"taxonomy":"product_cat","embeddable":true,"href":"https:\/\/acrartex-intl.dev.enterwell.space\/sv\/wp-json\/wp\/v2\/product_cat?post=37949"},{"taxonomy":"product_tag","embeddable":true,"href":"https:\/\/acrartex-intl.dev.enterwell.space\/sv\/wp-json\/wp\/v2\/product_tag?post=37949"}],"curies":[{"name":"wp","href":"https:\/\/api.w.org\/{rel}","templated":true}]}}