{"id":37970,"date":"2021-03-16T08:14:18","date_gmt":"2021-03-16T13:14:18","guid":{"rendered":"https:\/\/acrartex-intl.dev.enterwell.space\/products\/fjarrbrytare-me406-ace-455-0023\/"},"modified":"2021-03-16T08:14:18","modified_gmt":"2021-03-16T13:14:18","slug":"fjarrbrytare-me406-ace-455-0023","status":"publish","type":"product","link":"https:\/\/acrartex-intl.dev.enterwell.space\/sv\/products\/fjarrbrytare-me406-ace-455-0023\/","title":{"rendered":"Fj\u00e4rrbrytare, ME406 ACE 455-0023"},"content":{"rendered":"<p>Fj\u00e4rrbrytaren inneh\u00e5ller ett litet 5-\u00e5rigt litiumbatteri f\u00f6r att driva lysdioden p\u00e5 fj\u00e4rrbrytaren, vilket g\u00f6r att ELT systemet kan vara oberoende av flygplanets str\u00f6m. Baksidan av fj\u00e4rromkopplaren inneh\u00e5ller kontakten f\u00f6r den redan installerade och \u00e5teranv\u00e4nda &#8220;telefonkabeln&#8221; f\u00f6r ACK- eller Ameri-King ELT installationen. <\/p>\n","protected":false},"excerpt":{"rendered":"<p>Denna fj\u00e4rrbrytare inneh\u00e5ller ett litet, 5-\u00e5rigt litiumbatteri som \u00e4r designat f\u00f6r att driva lysdioden p\u00e5 fj\u00e4rrbrytaren, vilket g\u00f6r att ELT systemet kan vara oberoende av flygplanets str\u00f6m. Baksidan av fj\u00e4rromkopplaren inneh\u00e5ller kontakten f\u00f6r den redan installerade och \u00e5teranv\u00e4nda &#8220;telefonkabeln&#8221; av ACK eller Ameri-King ELT installationen. Fj\u00e4rrbrytaren f\u00f6r ME406 ACE passar exakt i utsk\u00e4rningen av ACK ELT fj\u00e4rromkopplaren p\u00e5 ett flygplans instrumentpanel. F\u00f6r Ameri-King ELT -systemuppgraderingar m\u00e5ste dock utsk\u00e4rningen anpassas n\u00e5got.  <\/p>\n<p>&nbsp;<\/p>\n","protected":false},"featured_media":12233,"template":"","meta":{"_acf_changed":false,"om_disable_all_campaigns":false},"product_brand":[],"product_cat":[3118],"product_tag":[6544,6543,2655,2798,2805,2657,6542,2804,6546,6548,6545,6547],"class_list":{"0":"post-37970","1":"product","2":"type-product","3":"status-publish","4":"has-post-thumbnail","6":"product_cat-flyg","7":"product_tag-453-0023-sv","8":"product_tag-artikelnummer-453-0023","9":"product_tag-avlagsen","10":"product_tag-elt-fjarrbrytare-sv","11":"product_tag-fjarrkontroll-for-narasyn","12":"product_tag-fjarromkopplare","13":"product_tag-fjarrtestbrytare","14":"product_tag-nvg-fjarromkopplare","15":"product_tag-p-n-453-0023-sv","16":"product_tag-p-n453-0023-sv","17":"product_tag-pn-453-0023-sv","18":"product_tag-pn453-0023-sv","20":"first","21":"instock","22":"taxable","23":"shipping-taxable","24":"product-type-simple"},"acf":[],"_links":{"self":[{"href":"https:\/\/acrartex-intl.dev.enterwell.space\/sv\/wp-json\/wp\/v2\/product\/37970","targetHints":{"allow":["GET"]}}],"collection":[{"href":"https:\/\/acrartex-intl.dev.enterwell.space\/sv\/wp-json\/wp\/v2\/product"}],"about":[{"href":"https:\/\/acrartex-intl.dev.enterwell.space\/sv\/wp-json\/wp\/v2\/types\/product"}],"wp:featuredmedia":[{"embeddable":true,"href":"https:\/\/acrartex-intl.dev.enterwell.space\/sv\/wp-json\/wp\/v2\/media\/12233"}],"wp:attachment":[{"href":"https:\/\/acrartex-intl.dev.enterwell.space\/sv\/wp-json\/wp\/v2\/media?parent=37970"}],"wp:term":[{"taxonomy":"product_brand","embeddable":true,"href":"https:\/\/acrartex-intl.dev.enterwell.space\/sv\/wp-json\/wp\/v2\/product_brand?post=37970"},{"taxonomy":"product_cat","embeddable":true,"href":"https:\/\/acrartex-intl.dev.enterwell.space\/sv\/wp-json\/wp\/v2\/product_cat?post=37970"},{"taxonomy":"product_tag","embeddable":true,"href":"https:\/\/acrartex-intl.dev.enterwell.space\/sv\/wp-json\/wp\/v2\/product_tag?post=37970"}],"curies":[{"name":"wp","href":"https:\/\/api.w.org\/{rel}","templated":true}]}}