{"id":39973,"date":"2021-03-16T08:22:30","date_gmt":"2021-03-16T13:22:30","guid":{"rendered":"https:\/\/acrartex-intl.dev.enterwell.space\/products\/rescueme-epirb1\/"},"modified":"2025-08-08T14:38:57","modified_gmt":"2025-08-08T19:38:57","slug":"rescueme-epirb1","status":"publish","type":"product","link":"https:\/\/acrartex-intl.dev.enterwell.space\/sv\/products\/rescueme-epirb1\/","title":{"rendered":"rescueME EPIRB1"},"content":{"rendered":"<p>En enkel skyddsflik \u00f6ver funktionsknapparna f\u00f6rhindrar oavsiktlig aktivering, men m\u00f6jligg\u00f6r \u00e4nd\u00e5 enkel anv\u00e4ndning vid behov. rescueME EPIRB1 har ocks\u00e5 tv\u00e5 h\u00f6gintensiva stroboskop f\u00f6r att maximera synligheten i svagt ljus. Den inf\u00e4llbara antennen ger maximalt skydd och en reducerad profil f\u00f6r f\u00f6rvaring. Vid behov kan antennen enkelt f\u00e4llas ut med ett l\u00e4tt drag. F\u00f6r l\u00e4ngre offshore- eller oceanpassager erbjuder Ocean Signal E100G EPIRB en exceptionell 96 timmars drifttid med m\u00f6jlighet till automatisk utl\u00f6sningsh\u00e5llare (obligatoriskt f\u00f6r fartyg godk\u00e4nda enligt SOLAS-regler).    <\/p>\n<ul>\n<li>30 % (typ) mindre<\/li>\n<li>10 \u00e5rs batteritid<\/li>\n<li>48+ timmars drifttid<\/li>\n<li>5 \u00e5rs garanti<\/li>\n<li>Snabb och exakt positionering med 66-kanals GPS<\/li>\n<li>Inf\u00e4llbar antenn<\/li>\n<li>Snabbf\u00e4ste<\/li>\n<li>S\u00e4ker f\u00e4stlina<\/li>\n<\/ul>\n","protected":false},"excerpt":{"rendered":"<p>rescueME EPIRB1 ger sinnesro med en imponerande 10-\u00e5rig batteritid. V\u00e4rldens mest kompakta EPIRB kan alltid finnas till hands, eftersom dess lilla storlek g\u00f6r att den enkelt kan f\u00f6rvaras i sitt snabbf\u00e4ste eller placeras i en n\u00f6dv\u00e4ska eller livflotte. <\/p>\n<p>&nbsp;<\/p>\n<p><a href=\"http:\/\/acrartex-intl.dev.enterwell.space\/survival-products\/406link\"><img decoding=\"async\" style=\"width: 300px; height: 41px;\" src=\"\/\/dk2ztu5ooimmu.cloudfront.net\/ckeditor_assets\/pictures\/143\/406Link_with_desc_-_Tag.gif\" alt=\"\"><\/a><\/p>\n<p>&nbsp;<\/p>\n<p><span style=\"color: #e74c3c;\">KOD: <strong>SHIPFREE20<\/strong> Gratis markfrakt p\u00e5 best\u00e4llningar \u00f6ver U$30. Utesluter HI och AK <\/span><\/p>\n<p>&nbsp;<\/p>\n<p>&nbsp;<\/p>\n<p>&nbsp;<\/p>\n<p>&nbsp;<\/p>\n","protected":false},"featured_media":12390,"template":"","meta":{"_acf_changed":false,"om_disable_all_campaigns":false},"product_brand":[],"product_cat":[3127,3040,3123,3125],"product_tag":[4003,6882,3998,6879,3142,6883,6875,6876,6880,6881,6877,6878],"class_list":{"0":"post-39973","1":"product","2":"type-product","3":"status-publish","4":"has-post-thumbnail","6":"product_cat-kommersiell","7":"product_cat-marin","8":"product_cat-nara-stranden","9":"product_cat-off-shore-sv","10":"product_tag-acr-sv","11":"product_tag-acr-epirb1-sv","12":"product_tag-epirb-sv","13":"product_tag-epirb1-sv","14":"product_tag-fyr","15":"product_tag-nodsandare","16":"product_tag-nodsandare-for-positionsangivelse","17":"product_tag-ocean-signal-sv","18":"product_tag-ocean-signal-epirb1-sv","19":"product_tag-oceansignal-epirb1-sv","20":"product_tag-rescueme-sv","21":"product_tag-rescueme-epirb1-sv","23":"first","24":"instock","25":"taxable","26":"shipping-taxable","27":"purchasable","28":"product-type-simple"},"acf":[],"_links":{"self":[{"href":"https:\/\/acrartex-intl.dev.enterwell.space\/sv\/wp-json\/wp\/v2\/product\/39973","targetHints":{"allow":["GET"]}}],"collection":[{"href":"https:\/\/acrartex-intl.dev.enterwell.space\/sv\/wp-json\/wp\/v2\/product"}],"about":[{"href":"https:\/\/acrartex-intl.dev.enterwell.space\/sv\/wp-json\/wp\/v2\/types\/product"}],"wp:featuredmedia":[{"embeddable":true,"href":"https:\/\/acrartex-intl.dev.enterwell.space\/sv\/wp-json\/wp\/v2\/media\/12390"}],"wp:attachment":[{"href":"https:\/\/acrartex-intl.dev.enterwell.space\/sv\/wp-json\/wp\/v2\/media?parent=39973"}],"wp:term":[{"taxonomy":"product_brand","embeddable":true,"href":"https:\/\/acrartex-intl.dev.enterwell.space\/sv\/wp-json\/wp\/v2\/product_brand?post=39973"},{"taxonomy":"product_cat","embeddable":true,"href":"https:\/\/acrartex-intl.dev.enterwell.space\/sv\/wp-json\/wp\/v2\/product_cat?post=39973"},{"taxonomy":"product_tag","embeddable":true,"href":"https:\/\/acrartex-intl.dev.enterwell.space\/sv\/wp-json\/wp\/v2\/product_tag?post=39973"}],"curies":[{"name":"wp","href":"https:\/\/api.w.org\/{rel}","templated":true}]}}