{"id":39985,"date":"2021-11-12T16:18:34","date_gmt":"2021-11-12T21:18:34","guid":{"rendered":"https:\/\/acrartex-intl.dev.enterwell.space\/products\/bivy-stick-solpanel-overlevnadskit\/"},"modified":"2025-08-08T14:37:53","modified_gmt":"2025-08-08T19:37:53","slug":"bivy-stick-solpanel-overlevnadskit","status":"publish","type":"product","link":"https:\/\/acrartex-intl.dev.enterwell.space\/sv\/products\/bivy-stick-solpanel-overlevnadskit\/","title":{"rendered":"Bivy stick  solpanel \u00f6verlevnadskit"},"content":{"rendered":"<p>Aktivera enkelt Bivy Stick SOS via knappen p\u00e5 enheten eller genom appen p\u00e5 din telefon. Bivy Stick-prenumerationen inkluderar dygnet runt-\u00f6vervakning av Global Rescue. Genom att aktivera SOS kan du kommunicera med Global Rescue via text, eller om du inte kan kommunicera via text, kommer S\u00f6k  R\u00e4ddning att guidas till din GPS-position.  <\/p>\n<p>N\u00e4r S\u00f6k och R\u00e4ddning anl\u00e4nder till platsen kommer den ljusstarka LED C-Strobe H2O-stroboskopljuset att f\u00e5nga r\u00e4ddningspersonalens uppm\u00e4rksamhet p\u00e5 natten, eller anv\u00e4nd signalspegeln under dagtid f\u00f6r att f\u00e5 deras uppm\u00e4rksamhet. F\u00f6rvara all din n\u00f6dutrustning i RapidDitch Dry Bag f\u00f6r att h\u00e5lla ditt \u00f6verlevnadskit praktiskt samlat. <\/p>\n<p>Bivy 15W solpanel h\u00e5ller din telefon och Bivy Stick laddade under hela dina \u00e4ventyr. Solpanelen omvandlar effektivt upp till 20% av solenergin till elektricitet, och dess ultratunna och vikbara design g\u00f6r den l\u00e4tt att b\u00e4ra med sig. <\/p>\n<p>&nbsp;<\/p>\n<p>Detta kit inneh\u00e5ller f\u00f6ljande viktiga \u00f6verlevnadsprodukter:<\/p>\n<ul>\n<li>Bivy tv\u00e5v\u00e4gs satellitkommunikator med dygnet runt-SOS driven av Global Rescue (prenumeration kr\u00e4vs)<\/li>\n<li>Bivy 15W solpanel<\/li>\n<li>C-Strobe H2O r\u00e4ddningsljus<\/li>\n<li>Signalspegel<\/li>\n<li>Res-q\u2122 visselpipa<\/li>\n<li>RapidDitch vattent\u00e4t v\u00e4ska<\/li>\n<\/ul>\n<p><strong>Solpanel: <\/strong><\/p>\n<p>INTELLIGENT LADDNINGSTEKNIK: USB-porten k\u00e4nner automatiskt igen dina enheter f\u00f6r att ge optimal laddningsstr\u00f6m och p\u00e5skynda laddningsprocessen f\u00f6r att minimera laddningstiden.<\/p>\n<p>H\u00d6G OMVANDLINGSGRAD: Den ETFE-belagda panelen absorberar solljus effektivt och omvandlar upp till 20% av solenergin till elektricitet; laddar smidigt iOS, Android, Bivy Stick, powerbanks, GoPro och annan elektronik.<\/p>\n<p>B\u00c4RBAR  L\u00c4TT: Ultratunna och vikbar design g\u00f6r den l\u00e4tt att b\u00e4ra med sig;<\/p>\n<p>SMUTS-  ST\u00c4NKT\u00c5LIG: IPX4 vattent\u00e4thetsklass, som \u00e4r motst\u00e5ndskraftig mot vattenst\u00e4nk och damm, oavsett riktning; perfekt f\u00f6r utomhusbruk.<\/p>\n<p>Effekt: 15WBovy<\/p>\n<dl>\n<dt>Uteffekt: 5V\/3A<\/dt>\n<\/dl>\n<dl>\n<dt>Certifikat: CE FCC ROHS<\/dt>\n<\/dl>\n<dl>\n<dt>Vikt: 450g<\/dt>\n<dt><\/dt>\n<dt>Storlek: (hopvikt) 25,4 cm x 16,5 cm x 1,9 cm<\/dt>\n<dt> (Utvikt) 25,4 cm x 49,5 cm<\/dt>\n<\/dl>\n","protected":false},"excerpt":{"rendered":"<p>Med global satellit-t\u00e4ckning via Iridium-satellitn\u00e4tverket kan du kommunicera genom Bivy Stick var som helst d\u00e4r du har fri sikt mot himlen. Trots sin kompakta storlek erbjuder Bivy Stick \u00e4nd\u00e5 en omfattande upps\u00e4ttning funktioner inklusive tv\u00e5v\u00e4gs textmeddelanden, SOS, positionsdelning, enkel incheckning med en knapptryckning och detaljerade v\u00e4derrapporter som skickas direkt till din mobiltelefon via satellit. Nu tillg\u00e4nglig med det helt nya Bivy Stick  solpanel \u00f6verlevnadskit.  <\/p>\n<p><a href=\"http:\/\/acrartex-intl.dev.enterwell.space\/survival-products-end-of-year\/\"><img loading=\"lazy\" decoding=\"async\" class=\"alignnone size-medium wp-image-25976\" src=\"http:\/\/acrartex-intl.dev.enterwell.space\/wp-content\/uploads\/2021\/03\/End-of-Year-EVENT-Button-W-BG-300x38.gif\" alt=\"\" width=\"300\" height=\"38\"><\/a><\/p>\n<p><a href=\"https:\/\/www.dropbox.com\/s\/fk04stqsp2hgk5f\/Prop%2065%20-%20DEHP.pdf?dl=0\" data-cke-saved-href=\"https:\/\/www.dropbox.com\/s\/fk04stqsp2hgk5f\/Prop%2065%20-%20DEHP.pdf?dl=0\">VARNING: PROP 65<\/a><\/p>\n","protected":false},"featured_media":26003,"template":"","meta":{"_acf_changed":false,"om_disable_all_campaigns":false},"product_brand":[],"product_cat":[3118,3040,3041],"product_tag":[7100,7092,7066,7049,7108,7095,7097,7102,7053,7056,7106,7087,7070,7077,7073,3046,7058,7079,7111,7083,7046,7086,7062,7063],"class_list":{"0":"post-39985","1":"product","2":"type-product","3":"status-publish","4":"has-post-thumbnail","6":"product_cat-flyg","7":"product_cat-marin","8":"product_cat-utomhus","9":"product_tag-2364-sv","10":"product_tag-4601-sv","11":"product_tag-acr-bivy-sv","12":"product_tag-bivy-sv","13":"product_tag-bivy-och-solpanelkit","14":"product_tag-bivy-overlevnad","15":"product_tag-bivy-overlevnadskit","16":"product_tag-bivy-solpanel-sv","17":"product_tag-bivy-stick-sv","18":"product_tag-bivy-stick-bla-sv","19":"product_tag-bivy-stick-solpanel-overlevnadskit","20":"product_tag-bivy-vs-plb-sv","21":"product_tag-bivy-app-sv","22":"product_tag-bluetooth-sv","23":"product_tag-global-rescue-sv","24":"product_tag-gps-sv","25":"product_tag-iridium-sv","26":"product_tag-mini-sv","27":"product_tag-mini-gps-sv","28":"product_tag-minsta-satellitkommunikatorn","29":"product_tag-overlevnadskit","30":"product_tag-satellit-gps-sparning","31":"product_tag-sparning","32":"product_tag-tvavagskommunikation","34":"first","35":"outofstock","36":"taxable","37":"shipping-taxable","38":"purchasable","39":"product-type-simple"},"acf":[],"_links":{"self":[{"href":"https:\/\/acrartex-intl.dev.enterwell.space\/sv\/wp-json\/wp\/v2\/product\/39985","targetHints":{"allow":["GET"]}}],"collection":[{"href":"https:\/\/acrartex-intl.dev.enterwell.space\/sv\/wp-json\/wp\/v2\/product"}],"about":[{"href":"https:\/\/acrartex-intl.dev.enterwell.space\/sv\/wp-json\/wp\/v2\/types\/product"}],"wp:featuredmedia":[{"embeddable":true,"href":"https:\/\/acrartex-intl.dev.enterwell.space\/sv\/wp-json\/wp\/v2\/media\/26003"}],"wp:attachment":[{"href":"https:\/\/acrartex-intl.dev.enterwell.space\/sv\/wp-json\/wp\/v2\/media?parent=39985"}],"wp:term":[{"taxonomy":"product_brand","embeddable":true,"href":"https:\/\/acrartex-intl.dev.enterwell.space\/sv\/wp-json\/wp\/v2\/product_brand?post=39985"},{"taxonomy":"product_cat","embeddable":true,"href":"https:\/\/acrartex-intl.dev.enterwell.space\/sv\/wp-json\/wp\/v2\/product_cat?post=39985"},{"taxonomy":"product_tag","embeddable":true,"href":"https:\/\/acrartex-intl.dev.enterwell.space\/sv\/wp-json\/wp\/v2\/product_tag?post=39985"}],"curies":[{"name":"wp","href":"https:\/\/api.w.org\/{rel}","templated":true}]}}