{"id":40095,"date":"2021-06-21T15:30:55","date_gmt":"2021-06-21T20:30:55","guid":{"rendered":"https:\/\/acrartex-intl.dev.enterwell.space\/products\/bivy-stick\/"},"modified":"2021-06-21T15:30:55","modified_gmt":"2021-06-21T20:30:55","slug":"bivy-stick","status":"publish","type":"product","link":"https:\/\/acrartex-intl.dev.enterwell.space\/sv\/products\/bivy-stick\/","title":{"rendered":"Bivy stick"},"content":{"rendered":"<p>Anv\u00e4nd Bivy Stick f\u00f6r att f\u00f6rvandla din mobiltelefon till en satellitkommunikationsenhet. Med global satellitt\u00e4ckning via Iridium-satellitn\u00e4tverket kan du kommunicera genom Bivy Stick var du \u00e4n har fri sikt mot himlen. Bivy Stick \u00e4r praktiskt kompakt men erbjuder \u00e4nd\u00e5 en omfattande upps\u00e4ttning funktioner, inklusive tv\u00e5v\u00e4gs textmeddelanden, SOS, platsdelning, ett-trycks-incheckning och detaljerade v\u00e4derrapporter som skickas direkt till din mobiltelefon via satellit. Dessutom erbjuder Bivy Stick en funktion som inte tillhandah\u00e5lls med m\u00e5nga andra satellitkommunikat\u00f6rer, n\u00e4mligen ett dedikerat telefonnummer och e-postadress. Denna viktiga funktion till\u00e5ter o\u00f6nskade inkommande meddelanden, vilket inneb\u00e4r att de som \u00e4r viktigast f\u00f6r dig kan n\u00e5 dig n\u00e4r som helst, utan att du beh\u00f6ver initiera kontakten.    <\/p>\n<p>V\u00e4rdet av Bivy Stick f\u00f6rst\u00e4rks ytterligare via viktiga tillbeh\u00f6r som det stora utbudet av tillg\u00e4ngliga monteringsalternativ. De m\u00e5nga tillg\u00e4ngliga f\u00e4stena g\u00f6r det m\u00f6jligt f\u00f6r anv\u00e4ndare att f\u00e4sta Bivy Stick p\u00e5 alla fordon, ryggs\u00e4ckar eller strukturer, vilket g\u00f6r den till en idealisk enhet f\u00f6r \u00e4ventyrare som g\u00e5r fr\u00e5n en aktivitet till en annan. Den tillg\u00e4ngliga b\u00e4rbara och l\u00e4tta solpanelen ger ocks\u00e5 st\u00f6rre flexibilitet i anv\u00e4ndningen. Med intelligent laddningsteknik kan anv\u00e4ndare effektivt utnyttja solenergi och bekv\u00e4mt f\u00f6rl\u00e4nga batteritiden f\u00f6r Bivy Stick n\u00e4r de \u00e4r utanf\u00f6r eln\u00e4tet.   <\/p>\n<p><b>Bivy-appens roll<\/b><\/p>\n<p>Bivy-appen har mer \u00e4n 50 000 \u00e4ventyr redo att utforskas. Oavsett vad du gillar att g\u00f6ra utomhus kan du hitta en plats att g\u00f6ra det med Bivy-appen. Med tjugo olika \u00e4ventyrstyper till hands \u00e4r Bivy-appen ett m\u00e5ngsidigt verktyg som kan underl\u00e4tta alla dina \u00e4ventyrsbehov. Med Bivy-appen kan du ocks\u00e5 h\u00e5lla reda p\u00e5 alla dina \u00e4ventyr. Sp\u00e5ra din takt, k\u00f6rstr\u00e4cka, h\u00f6jd och mer. Dessutom f\u00e5r du tillg\u00e5ng till detaljerade offlinekartor \u00f6verallt i v\u00e4rlden. Vet alltid var du \u00e4r, \u00e4ven utan mobiltj\u00e4nst.      <\/p>\n<p>Som ledande inom livr\u00e4ddande produkter f\u00f6r b\u00e5de professionellt och fritidsbruk ger ACR:s Bivy Stick s\u00e4kerheten och tryggheten med prisv\u00e4rd och p\u00e5litlig satellitkommunikation till alla.<\/p>\n<p><b>Funktioner och f\u00f6rdelar:<\/b><\/p>\n<ul>\n<li>Inga aktiveringsavgifter och inget \u00e5rligt kontrakt kr\u00e4vs (<a href=\"https:\/\/www.bivy.com\/data-plans\" data-cke-saved-href=\"https:\/\/www.bivy.com\/data-plans\">m\u00e5natlig prenumeration kr\u00e4vs<\/a>)<\/li>\n<li>Global satellitt\u00e4ckning (Iridium)<\/li>\n<li><span style=\"font-family: Tahoma, sans-serif;\">Skicka och ta emot meddelanden via satellit<\/span><\/li>\n<li>V\u00e4derprognoser via satellit<\/li>\n<li><span lang=\"ES\">SOS-\u00f6vervakning via satellit (<a href=\"https:\/\/partner.globalrescue.com\/bivy\/\">Global Rescue<\/a>)<\/span><\/li>\n<li>Platssp\u00e5rning och delning via satellit<\/li>\n<li>Kartvisning och navigering<\/li>\n<li>Offlinekartor<\/li>\n<li>Ett-trycks-incheckning (tillg\u00e4nglig direkt fr\u00e5n enheten och via appen)<\/li>\n<li>Tusentals kartlagda kl\u00e4ttrings-, vandrings-, cykel-, paddlings- och skidrutter<\/li>\n<li>Skicka\/ta emot meddelanden och utbyt platser med andra Bivy Stick-anv\u00e4ndare<\/li>\n<li>O\u00f6nskade inkommande meddelanden<\/li>\n<li>Dedikerat telefonnummer och e-postadress<\/li>\n<li>Personlig profil med sp\u00e5r och statistik<\/li>\n<li>Hundratals f\u00e4sten finns tillg\u00e4ngliga<\/li>\n<li>Liten och l\u00e4tt<\/li>\n<\/ul>\n","protected":false},"excerpt":{"rendered":"<p>Bivy-plattformen best\u00e5r av Bivy Stick och Bivy-appen och kombinerar funktionsrik h\u00e5rdvara och mjukvara f\u00f6r att skapa den perfekta blandningen av s\u00e4kerhet och bekv\u00e4mlighet. Bivy-plattformen \u00e4r idealisk f\u00f6r \u00e4ventyr och aktiviteter utanf\u00f6r eln\u00e4tet i alla former och storlekar. Anv\u00e4nd den f\u00f6r att planera din upplevelse, h\u00e5lla dig p\u00e5 r\u00e4tt sp\u00e5r under hela upplevelsen och h\u00e5lla kontakten med alla som \u00e4r viktiga under tiden, samtidigt som du vet att hj\u00e4lp alltid finns tillg\u00e4nglig med en enkel knapptryckning. <\/p>\n<p><a href=\"http:\/\/acrartex-intl.dev.enterwell.space\/survival-products-end-of-year\/\"><img loading=\"lazy\" decoding=\"async\" class=\"alignnone size-medium wp-image-25976\" src=\"http:\/\/acrartex-intl.dev.enterwell.space\/wp-content\/uploads\/2021\/03\/End-of-Year-EVENT-Button-W-BG-300x38.gif\" alt=\"\" width=\"300\" height=\"38\"><\/a><\/p>\n<p><a href=\"https:\/\/www.dropbox.com\/s\/0ezw0kexbm120vv\/Prop%2065%20-%20Lead%20and%20Lead%20Compounds.pdf?dl=0\">VARNING: PROP 65<\/a><\/p>\n<p>&nbsp;<\/p>\n","protected":false},"featured_media":22590,"template":"","meta":{"_acf_changed":false,"om_disable_all_campaigns":false},"product_brand":[],"product_cat":[3040,3041],"product_tag":[7092,7066,7049,7053,7056,7087,7070,7077,7073,7058,7079,7083,7086,7062,7290,7292,7063],"class_list":{"0":"post-40095","1":"product","2":"type-product","3":"status-publish","4":"has-post-thumbnail","6":"product_cat-marin","7":"product_cat-utomhus","8":"product_tag-4601-sv","9":"product_tag-acr-bivy-sv","10":"product_tag-bivy-sv","11":"product_tag-bivy-stick-sv","12":"product_tag-bivy-stick-bla-sv","13":"product_tag-bivy-vs-plb-sv","14":"product_tag-bivy-app-sv","15":"product_tag-bluetooth-sv","16":"product_tag-global-rescue-sv","17":"product_tag-iridium-sv","18":"product_tag-mini-sv","19":"product_tag-minsta-satellitkommunikatorn","20":"product_tag-satellit-gps-sparning","21":"product_tag-sparning","22":"product_tag-spot-sv","23":"product_tag-spot-x-sv","24":"product_tag-tvavagskommunikation","26":"first","27":"instock","28":"taxable","29":"shipping-taxable","30":"purchasable","31":"product-type-simple"},"acf":[],"_links":{"self":[{"href":"https:\/\/acrartex-intl.dev.enterwell.space\/sv\/wp-json\/wp\/v2\/product\/40095","targetHints":{"allow":["GET"]}}],"collection":[{"href":"https:\/\/acrartex-intl.dev.enterwell.space\/sv\/wp-json\/wp\/v2\/product"}],"about":[{"href":"https:\/\/acrartex-intl.dev.enterwell.space\/sv\/wp-json\/wp\/v2\/types\/product"}],"wp:featuredmedia":[{"embeddable":true,"href":"https:\/\/acrartex-intl.dev.enterwell.space\/sv\/wp-json\/wp\/v2\/media\/22590"}],"wp:attachment":[{"href":"https:\/\/acrartex-intl.dev.enterwell.space\/sv\/wp-json\/wp\/v2\/media?parent=40095"}],"wp:term":[{"taxonomy":"product_brand","embeddable":true,"href":"https:\/\/acrartex-intl.dev.enterwell.space\/sv\/wp-json\/wp\/v2\/product_brand?post=40095"},{"taxonomy":"product_cat","embeddable":true,"href":"https:\/\/acrartex-intl.dev.enterwell.space\/sv\/wp-json\/wp\/v2\/product_cat?post=40095"},{"taxonomy":"product_tag","embeddable":true,"href":"https:\/\/acrartex-intl.dev.enterwell.space\/sv\/wp-json\/wp\/v2\/product_tag?post=40095"}],"curies":[{"name":"wp","href":"https:\/\/api.w.org\/{rel}","templated":true}]}}